{"id":14209,"date":"2022-02-01T13:05:53","date_gmt":"2022-02-01T12:05:53","guid":{"rendered":"https:\/\/younggo-fit.de\/?page_id=14209"},"modified":"2022-02-24T08:10:26","modified_gmt":"2022-02-24T07:10:26","slug":"green","status":"publish","type":"page","link":"https:\/\/shop.younggo-fit.de\/en\/green\/","title":{"rendered":"YoungGo Green"},"content":{"rendered":"<div data-elementor-type=\"wp-page\" data-elementor-id=\"14209\" class=\"elementor elementor-14209\" data-elementor-post-type=\"page\">\n\t\t\t\t\t\t<section class=\"wd-negative-gap elementor-section elementor-top-section elementor-element elementor-element-8cb27d3 elementor-section-boxed elementor-section-height-default elementor-section-height-default\" data-id=\"8cb27d3\" data-element_type=\"section\" data-e-type=\"section\">\n\t\t\t\t\t\t<div class=\"elementor-container elementor-column-gap-default\">\n\t\t\t\t\t<div class=\"elementor-column elementor-col-100 elementor-top-column elementor-element elementor-element-52992d3\" data-id=\"52992d3\" data-element_type=\"column\" data-e-type=\"column\">\n\t\t\t<div class=\"elementor-widget-wrap elementor-element-populated\">\n\t\t\t\t\t\t<div class=\"elementor-element elementor-element-244583f elementor-widget elementor-widget-image\" data-id=\"244583f\" data-element_type=\"widget\" data-e-type=\"widget\" data-widget_type=\"image.default\">\n\t\t\t\t<div class=\"elementor-widget-container\">\n\t\t\t\t\t\t\t\t\t\t\t\t\t\t\t<img loading=\"lazy\" decoding=\"async\" width=\"1024\" height=\"576\" src=\"https:\/\/shop.younggo-fit.de\/wp-content\/uploads\/2022\/02\/headerbild_green-1024x576.png\" class=\"attachment-large size-large wp-image-14228\" alt=\"\" srcset=\"https:\/\/shop.younggo-fit.de\/wp-content\/uploads\/2022\/02\/headerbild_green-1024x576.png 1024w, https:\/\/shop.younggo-fit.de\/wp-content\/uploads\/2022\/02\/headerbild_green-430x242.png 430w, https:\/\/shop.younggo-fit.de\/wp-content\/uploads\/2022\/02\/headerbild_green-190x107.png 190w, https:\/\/shop.younggo-fit.de\/wp-content\/uploads\/2022\/02\/headerbild_green-700x394.png 700w, https:\/\/shop.younggo-fit.de\/wp-content\/uploads\/2022\/02\/headerbild_green-300x169.png 300w, https:\/\/shop.younggo-fit.de\/wp-content\/uploads\/2022\/02\/headerbild_green-768x432.png 768w, https:\/\/shop.younggo-fit.de\/wp-content\/uploads\/2022\/02\/headerbild_green-1536x864.png 1536w, https:\/\/shop.younggo-fit.de\/wp-content\/uploads\/2022\/02\/headerbild_green-960x540.png 960w, https:\/\/shop.younggo-fit.de\/wp-content\/uploads\/2022\/02\/headerbild_green-1220x686.png 1220w, https:\/\/shop.younggo-fit.de\/wp-content\/uploads\/2022\/02\/headerbild_green-915x515.png 915w, https:\/\/shop.younggo-fit.de\/wp-content\/uploads\/2022\/02\/headerbild_green-600x338.png 600w, https:\/\/shop.younggo-fit.de\/wp-content\/uploads\/2022\/02\/headerbild_green-393x221.png 393w, https:\/\/shop.younggo-fit.de\/wp-content\/uploads\/2022\/02\/headerbild_green-290x163.png 290w, https:\/\/shop.younggo-fit.de\/wp-content\/uploads\/2022\/02\/headerbild_green.png 1920w\" sizes=\"auto, (max-width: 1024px) 100vw, 1024px\" \/>\t\t\t\t\t\t\t\t\t\t\t\t\t\t\t<\/div>\n\t\t\t\t<\/div>\n\t\t\t\t\t<\/div>\n\t\t<\/div>\n\t\t\t\t\t<\/div>\n\t\t<\/section>\n\t\t\t\t<section class=\"wd-negative-gap elementor-section elementor-top-section elementor-element elementor-element-352225e elementor-section-boxed elementor-section-height-default elementor-section-height-default\" data-id=\"352225e\" data-element_type=\"section\" data-e-type=\"section\">\n\t\t\t\t\t\t<div class=\"elementor-container elementor-column-gap-default\">\n\t\t\t\t\t<div class=\"elementor-column elementor-col-100 elementor-top-column elementor-element elementor-element-8147cc4\" data-id=\"8147cc4\" data-element_type=\"column\" data-e-type=\"column\">\n\t\t\t<div class=\"elementor-widget-wrap elementor-element-populated\">\n\t\t\t\t\t\t<div class=\"elementor-element elementor-element-96e4404 elementor-widget elementor-widget-heading\" data-id=\"96e4404\" data-element_type=\"widget\" data-e-type=\"widget\" data-widget_type=\"heading.default\">\n\t\t\t\t<div class=\"elementor-widget-container\">\n\t\t\t\t\t<h2 class=\"elementor-heading-title elementor-size-default\">YoungGo Green - Gesundheit auf einem neuen Level<\/h2>\t\t\t\t<\/div>\n\t\t\t\t<\/div>\n\t\t\t\t\t<\/div>\n\t\t<\/div>\n\t\t\t\t\t<\/div>\n\t\t<\/section>\n\t\t\t\t<section class=\"wd-negative-gap elementor-section elementor-top-section elementor-element elementor-element-4b2b9ae elementor-section-boxed elementor-section-height-default elementor-section-height-default\" data-id=\"4b2b9ae\" data-element_type=\"section\" data-e-type=\"section\">\n\t\t\t\t\t\t<div class=\"elementor-container elementor-column-gap-wide\">\n\t\t\t\t\t<div class=\"elementor-column elementor-col-50 elementor-top-column elementor-element elementor-element-3d68058\" data-id=\"3d68058\" data-element_type=\"column\" data-e-type=\"column\">\n\t\t\t<div class=\"elementor-widget-wrap elementor-element-populated\">\n\t\t\t\t\t\t<div class=\"elementor-element elementor-element-ef805cd color-scheme-inherit text-left elementor-widget elementor-widget-text-editor\" data-id=\"ef805cd\" data-element_type=\"widget\" data-e-type=\"widget\" data-widget_type=\"text-editor.default\">\n\t\t\t\t<div class=\"elementor-widget-container\">\n\t\t\t\t\t\t\t\t\t<h6 class=\"MsoNormal\"><i><span style=\"color: #00000;\">YoungGo Green ist eine wohltuende Mischung aus 41 hochwertigen Zutaten. Neben 21 verschiedenen Pflanzenstoffen, Extrakten und Pulvern enth\u00e4lt unser Green allen wichtigen Vitamine, wertvolle Mineralstoffe, sechs lebensnotwendige Spurenelemente, \u00a0Algen und ist reich an sekund\u00e4ren Pflanzenstoffen.\u00a0<\/span><\/i><\/h6>\n<h6 class=\"MsoNormal\"><i><span style=\"color: #00000;\">Damit liefert YoungGo Green auch viele Antioxidantien wie Vitamin C und E, die somit dazu beitragen alle K\u00f6rperzellen vor oxidativen Stress zu sch\u00fctzen. Und auch vieles mehr. <\/span><\/i><\/h6>\n<h6 class=\"MsoNormal\"><i><span style=\"color: #00000;\">Gerade die Mischung aller Vitamine, Mineralstoffe und vor allem der sekund\u00e4ren Pflanzenstoffen aus den Kr\u00e4utern, Gem\u00fcse, Algen und Superfoods unterst\u00fctzen sich gegenseitig in ihrer Wirksamkeit. Somit ist YoungGo Green wichtiger Baustein f\u00fcr die t\u00e4gliche Ern\u00e4hrung f\u00fcr Jung und Alt \u2013 die neue Gewohnheit f\u00fcr dein Wohlbefinden.<\/span><\/i><\/h6>\t\t\t\t\t\t\t\t<\/div>\n\t\t\t\t<\/div>\n\t\t\t\t\t<\/div>\n\t\t<\/div>\n\t\t\t\t<div class=\"elementor-column elementor-col-50 elementor-top-column elementor-element elementor-element-b956259\" data-id=\"b956259\" data-element_type=\"column\" data-e-type=\"column\">\n\t\t\t<div class=\"elementor-widget-wrap elementor-element-populated\">\n\t\t\t\t\t\t<div class=\"elementor-element elementor-element-321be0c elementor-widget elementor-widget-image\" data-id=\"321be0c\" data-element_type=\"widget\" data-e-type=\"widget\" data-widget_type=\"image.default\">\n\t\t\t\t<div class=\"elementor-widget-container\">\n\t\t\t\t\t\t\t\t\t\t\t\t\t\t\t<img loading=\"lazy\" decoding=\"async\" width=\"1024\" height=\"594\" src=\"https:\/\/shop.younggo-fit.de\/wp-content\/uploads\/2022\/02\/green-tea-powder-isolated-1024x594.jpg\" class=\"attachment-large size-large wp-image-14211\" alt=\"\" srcset=\"https:\/\/shop.younggo-fit.de\/wp-content\/uploads\/2022\/02\/green-tea-powder-isolated-1024x594.jpg 1024w, https:\/\/shop.younggo-fit.de\/wp-content\/uploads\/2022\/02\/green-tea-powder-isolated-scaled-430x250.jpg 430w, https:\/\/shop.younggo-fit.de\/wp-content\/uploads\/2022\/02\/green-tea-powder-isolated-scaled-190x110.jpg 190w, https:\/\/shop.younggo-fit.de\/wp-content\/uploads\/2022\/02\/green-tea-powder-isolated-scaled-700x406.jpg 700w, https:\/\/shop.younggo-fit.de\/wp-content\/uploads\/2022\/02\/green-tea-powder-isolated-300x174.jpg 300w, https:\/\/shop.younggo-fit.de\/wp-content\/uploads\/2022\/02\/green-tea-powder-isolated-768x446.jpg 768w, https:\/\/shop.younggo-fit.de\/wp-content\/uploads\/2022\/02\/green-tea-powder-isolated-1536x891.jpg 1536w, https:\/\/shop.younggo-fit.de\/wp-content\/uploads\/2022\/02\/green-tea-powder-isolated-2048x1189.jpg 2048w, https:\/\/shop.younggo-fit.de\/wp-content\/uploads\/2022\/02\/green-tea-powder-isolated-1220x708.jpg 1220w, https:\/\/shop.younggo-fit.de\/wp-content\/uploads\/2022\/02\/green-tea-powder-isolated-915x531.jpg 915w, https:\/\/shop.younggo-fit.de\/wp-content\/uploads\/2022\/02\/green-tea-powder-isolated-600x348.jpg 600w, https:\/\/shop.younggo-fit.de\/wp-content\/uploads\/2022\/02\/green-tea-powder-isolated-393x228.jpg 393w, https:\/\/shop.younggo-fit.de\/wp-content\/uploads\/2022\/02\/green-tea-powder-isolated-290x168.jpg 290w\" sizes=\"auto, (max-width: 1024px) 100vw, 1024px\" \/>\t\t\t\t\t\t\t\t\t\t\t\t\t\t\t<\/div>\n\t\t\t\t<\/div>\n\t\t\t\t\t<\/div>\n\t\t<\/div>\n\t\t\t\t\t<\/div>\n\t\t<\/section>\n\t\t\t\t<section class=\"wd-negative-gap elementor-section elementor-top-section elementor-element elementor-element-b28c772 elementor-section-boxed elementor-section-height-default elementor-section-height-default\" data-id=\"b28c772\" data-element_type=\"section\" data-e-type=\"section\">\n\t\t\t\t\t\t<div class=\"elementor-container elementor-column-gap-default\">\n\t\t\t\t\t<div class=\"elementor-column elementor-col-50 elementor-top-column elementor-element elementor-element-5092943\" data-id=\"5092943\" data-element_type=\"column\" data-e-type=\"column\">\n\t\t\t<div class=\"elementor-widget-wrap elementor-element-populated\">\n\t\t\t\t\t\t<div class=\"elementor-element elementor-element-9b3187e elementor-widget elementor-widget-video\" data-id=\"9b3187e\" data-element_type=\"widget\" data-e-type=\"widget\" data-settings=\"{&quot;video_type&quot;:&quot;vimeo&quot;}\" data-widget_type=\"video.default\">\n\t\t\t\t<div class=\"elementor-widget-container\">\n\t\t\t\t\t\t\t<div class=\"elementor-wrapper elementor-open-inline\">\n\t\t\t<iframe class=\"elementor-video-iframe\" allowfullscreen allow=\"clipboard-write\" title=\"vimeo Video Player\" src=\"https:\/\/player.vimeo.com\/video\/670318274?color&amp;autopause=0&amp;loop=0&amp;muted=0&amp;title=1&amp;portrait=1&amp;byline=1#t=\"><\/iframe>\t\t<\/div>\n\t\t\t\t\t\t<\/div>\n\t\t\t\t<\/div>\n\t\t\t\t\t<\/div>\n\t\t<\/div>\n\t\t\t\t<div class=\"elementor-column elementor-col-50 elementor-top-column elementor-element elementor-element-38f47fb\" data-id=\"38f47fb\" data-element_type=\"column\" data-e-type=\"column\">\n\t\t\t<div class=\"elementor-widget-wrap elementor-element-populated\">\n\t\t\t\t\t\t<div class=\"elementor-element elementor-element-c6036c6 color-scheme-inherit text-left elementor-widget elementor-widget-text-editor\" data-id=\"c6036c6\" data-element_type=\"widget\" data-e-type=\"widget\" data-widget_type=\"text-editor.default\">\n\t\t\t\t<div class=\"elementor-widget-container\">\n\t\t\t\t\t\t\t\t\t<h6><i><span style=\"color: #00000;\">\u00a0Diplom Ern\u00e4hrungswissenschaftler Marco Spielau erkl\u00e4rt was alles im neuen YoungGo Green steckt und was die Inhaltsstoffe f\u00fcr die Gesundheit tun.<\/span><\/i><\/h6>\t\t\t\t\t\t\t\t<\/div>\n\t\t\t\t<\/div>\n\t\t\t\t\t<\/div>\n\t\t<\/div>\n\t\t\t\t\t<\/div>\n\t\t<\/section>\n\t\t\t\t<section class=\"wd-negative-gap elementor-section elementor-top-section elementor-element elementor-element-9c56f83 elementor-section-boxed elementor-section-height-default elementor-section-height-default\" data-id=\"9c56f83\" data-element_type=\"section\" data-e-type=\"section\">\n\t\t\t\t\t\t<div class=\"elementor-container elementor-column-gap-default\">\n\t\t\t\t\t<div class=\"elementor-column elementor-col-50 elementor-top-column elementor-element elementor-element-63bd14e\" data-id=\"63bd14e\" data-element_type=\"column\" data-e-type=\"column\">\n\t\t\t<div class=\"elementor-widget-wrap elementor-element-populated\">\n\t\t\t\t\t\t<div class=\"elementor-element elementor-element-c877098 color-scheme-inherit text-left elementor-widget elementor-widget-text-editor\" data-id=\"c877098\" data-element_type=\"widget\" data-e-type=\"widget\" data-widget_type=\"text-editor.default\">\n\t\t\t\t<div class=\"elementor-widget-container\">\n\t\t\t\t\t\t\t\t\t<h6><i><span style=\"color: #00000;\">Die Inhaltsstoffe sind so zahlreich und vielf\u00e4ltig, dass ein einziges Webinar nicht ausgereicht hat.<\/span><\/i><\/h6><h6><i><span style=\"color: #00000;\"> Hier geht es weiter mit den spannenden Ausf\u00fchrungen um die wertvollen sekund\u00e4ren Pflanzenstoffe und ein Angebot, das unschlagbar ist.<\/span><\/i><\/h6>\t\t\t\t\t\t\t\t<\/div>\n\t\t\t\t<\/div>\n\t\t\t\t\t<\/div>\n\t\t<\/div>\n\t\t\t\t<div class=\"elementor-column elementor-col-50 elementor-top-column elementor-element elementor-element-6a6b592\" data-id=\"6a6b592\" data-element_type=\"column\" data-e-type=\"column\">\n\t\t\t<div class=\"elementor-widget-wrap elementor-element-populated\">\n\t\t\t\t\t\t<div class=\"elementor-element elementor-element-28bd4f1 elementor-widget elementor-widget-video\" data-id=\"28bd4f1\" data-element_type=\"widget\" data-e-type=\"widget\" data-settings=\"{&quot;video_type&quot;:&quot;vimeo&quot;}\" data-widget_type=\"video.default\">\n\t\t\t\t<div class=\"elementor-widget-container\">\n\t\t\t\t\t\t\t<div class=\"elementor-wrapper elementor-open-inline\">\n\t\t\t<iframe class=\"elementor-video-iframe\" allowfullscreen allow=\"clipboard-write\" title=\"vimeo Video Player\" src=\"https:\/\/player.vimeo.com\/video\/672239017?color&amp;autopause=0&amp;loop=0&amp;muted=0&amp;title=1&amp;portrait=1&amp;byline=1#t=\"><\/iframe>\t\t<\/div>\n\t\t\t\t\t\t<\/div>\n\t\t\t\t<\/div>\n\t\t\t\t\t<\/div>\n\t\t<\/div>\n\t\t\t\t\t<\/div>\n\t\t<\/section>\n\t\t\t\t<section class=\"wd-negative-gap elementor-section elementor-top-section elementor-element elementor-element-e96c0ad elementor-section-boxed elementor-section-height-default elementor-section-height-default\" data-id=\"e96c0ad\" data-element_type=\"section\" data-e-type=\"section\">\n\t\t\t\t\t\t<div class=\"elementor-container elementor-column-gap-default\">\n\t\t\t\t\t<div class=\"elementor-column elementor-col-100 elementor-top-column elementor-element elementor-element-b77557e\" data-id=\"b77557e\" data-element_type=\"column\" data-e-type=\"column\">\n\t\t\t<div class=\"elementor-widget-wrap elementor-element-populated\">\n\t\t\t\t\t\t<div class=\"elementor-element elementor-element-1aba3f9 elementor-align-center elementor-widget elementor-widget-button\" data-id=\"1aba3f9\" data-element_type=\"widget\" data-e-type=\"widget\" data-widget_type=\"button.default\">\n\t\t\t\t<div class=\"elementor-widget-container\">\n\t\t\t\t\t\t\t\t\t<div class=\"elementor-button-wrapper\">\n\t\t\t\t\t<a class=\"elementor-button elementor-button-link elementor-size-lg\" href=\"https:\/\/shop.younggo-fit.de\/produkt\/younggo-green\/\" target=\"_blank\">\n\t\t\t\t\t\t<span class=\"elementor-button-content-wrapper\">\n\t\t\t\t\t\t\t\t\t<span class=\"elementor-button-text\">Hier geht es zum YoungGo Green<\/span>\n\t\t\t\t\t<\/span>\n\t\t\t\t\t<\/a>\n\t\t\t\t<\/div>\n\t\t\t\t\t\t\t\t<\/div>\n\t\t\t\t<\/div>\n\t\t\t\t\t<\/div>\n\t\t<\/div>\n\t\t\t\t\t<\/div>\n\t\t<\/section>\n\t\t\t\t<section class=\"wd-negative-gap elementor-section elementor-top-section elementor-element elementor-element-5dac540 elementor-section-boxed elementor-section-height-default elementor-section-height-default\" data-id=\"5dac540\" data-element_type=\"section\" data-e-type=\"section\">\n\t\t\t\t\t\t<div class=\"elementor-container elementor-column-gap-default\">\n\t\t\t\t\t<div class=\"elementor-column elementor-col-100 elementor-top-column elementor-element elementor-element-889c7ec\" data-id=\"889c7ec\" data-element_type=\"column\" data-e-type=\"column\">\n\t\t\t<div class=\"elementor-widget-wrap elementor-element-populated\">\n\t\t\t\t\t\t<div class=\"elementor-element elementor-element-e585472 color-scheme-inherit text-left elementor-widget elementor-widget-text-editor\" data-id=\"e585472\" data-element_type=\"widget\" data-e-type=\"widget\" data-widget_type=\"text-editor.default\">\n\t\t\t\t<div class=\"elementor-widget-container\">\n\t\t\t\t\t\t\t\t\t<h4 style=\"text-align: center;\"><i><span style=\"text-align: center; color: #00000;\">Gesundheit auf einem neuen Level<\/span><\/i><\/h4>\t\t\t\t\t\t\t\t<\/div>\n\t\t\t\t<\/div>\n\t\t\t\t\t<\/div>\n\t\t<\/div>\n\t\t\t\t\t<\/div>\n\t\t<\/section>\n\t\t\t\t<\/div>","protected":false},"excerpt":{"rendered":"<p>YoungGo Green &#8211; Gesundheit auf einem neuen Level YoungGo Green ist eine wohltuende Mischung aus 41 hochwertigen Zutaten. Neben 21<\/p>","protected":false},"author":2069,"featured_media":0,"parent":0,"menu_order":0,"comment_status":"closed","ping_status":"closed","template":"","meta":{"_acf_changed":false,"footnotes":""},"class_list":["post-14209","page","type-page","status-publish","hentry"],"acf":[],"_links":{"self":[{"href":"https:\/\/shop.younggo-fit.de\/en\/wp-json\/wp\/v2\/pages\/14209","targetHints":{"allow":["GET"]}}],"collection":[{"href":"https:\/\/shop.younggo-fit.de\/en\/wp-json\/wp\/v2\/pages"}],"about":[{"href":"https:\/\/shop.younggo-fit.de\/en\/wp-json\/wp\/v2\/types\/page"}],"author":[{"embeddable":true,"href":"https:\/\/shop.younggo-fit.de\/en\/wp-json\/wp\/v2\/users\/2069"}],"replies":[{"embeddable":true,"href":"https:\/\/shop.younggo-fit.de\/en\/wp-json\/wp\/v2\/comments?post=14209"}],"version-history":[{"count":0,"href":"https:\/\/shop.younggo-fit.de\/en\/wp-json\/wp\/v2\/pages\/14209\/revisions"}],"wp:attachment":[{"href":"https:\/\/shop.younggo-fit.de\/en\/wp-json\/wp\/v2\/media?parent=14209"}],"curies":[{"name":"wp","href":"https:\/\/api.w.org\/{rel}","templated":true}]}}