{"id":23,"date":"2023-06-09T12:24:07","date_gmt":"2023-06-09T12:24:07","guid":{"rendered":"https:\/\/dummy.xtemos.com\/woodmart2\/plants-elementor\/?page_id=23"},"modified":"2025-09-09T12:25:44","modified_gmt":"2025-09-09T10:25:44","slug":"contact-us-2","status":"publish","type":"page","link":"https:\/\/shop.younggo-fit.de\/en\/contact-us-2\/","title":{"rendered":"Kontakt"},"content":{"rendered":"<div data-elementor-type=\"wp-page\" data-elementor-id=\"23\" class=\"elementor elementor-23\" data-elementor-post-type=\"page\">\n\t\t\t\t<div class=\"wd-negative-gap elementor-element elementor-element-332257d e-flex e-con-boxed e-con e-parent\" data-id=\"332257d\" data-element_type=\"container\" data-e-type=\"container\">\n\t\t\t\t\t<div class=\"e-con-inner\">\n\t\t<div class=\"elementor-element elementor-element-4253820 e-con-full e-flex e-con e-child\" data-id=\"4253820\" data-element_type=\"container\" data-e-type=\"container\">\n\t\t\t\t<div class=\"elementor-element elementor-element-e2e8172 wd-width-100 elementor-widget elementor-widget-wd_title\" data-id=\"e2e8172\" data-element_type=\"widget\" data-e-type=\"widget\" data-widget_type=\"wd_title.default\">\n\t\t\t\t<div class=\"elementor-widget-container\">\n\t\t\t\t\t\t\t<div class=\"title-wrapper wd-set-mb reset-last-child wd-title-color-default wd-title-style-default wd-title-size-default text-left\">\n\n\t\t\t\n\t\t\t<div class=\"liner-continer\">\n\t\t\t\t<h4 class=\"woodmart-title-container title wd-fontsize-l\">Fragen?<\/h4> \n\t\t\t\t\t\t\t<\/div>\n\n\t\t\t\t\t<\/div>\n\t\t\t\t\t\t<\/div>\n\t\t\t\t<\/div>\n\t\t\t\t<div class=\"elementor-element elementor-element-4a45abd elementor-widget elementor-widget-wd_text_block\" data-id=\"4a45abd\" data-element_type=\"widget\" data-e-type=\"widget\" data-widget_type=\"wd_text_block.default\">\n\t\t\t\t<div class=\"elementor-widget-container\">\n\t\t\t\t\t\t\t<div class=\"wd-text-block reset-last-child text-left\">\n\t\t\t\n\t\t\t<p><strong><span style=\"color: #5e6821;\">Egal ob du Fragen zu unserem Shop hast, dich \u00fcber unsere Produkte informieren m\u00f6chtest oder dich f\u00fcr eine Zusammenarbeit mit uns (bspw. als Markenbotschafter) interessierst - Wir sind stets f\u00fcr dich da.<br \/>Vervollst\u00e4ndige hierf\u00fcr bitte einfach das Kontaktformular. Wir melden uns von 09:00 bis 21:00.<\/span><\/strong><\/p>\n\t\t\t\t\t<\/div>\n\t\t\t\t\t\t<\/div>\n\t\t\t\t<\/div>\n\t\t\t\t<div class=\"elementor-element elementor-element-f81a64a elementor-widget elementor-widget-wd_button\" data-id=\"f81a64a\" data-element_type=\"widget\" data-e-type=\"widget\" data-widget_type=\"wd_button.default\">\n\t\t\t\t<div class=\"elementor-widget-container\">\n\t\t\t\t\t\t\t<div class=\"wd-button-wrapper text-left\" >\n\t\t\t<a class=\"btn btn-style-default btn-shape-rectangle btn-size-default btn-color-primary btn-icon-pos-right\"  href=\"#\">\n\t\t\t\t<span class=\"wd-btn-text\" data-elementor-setting-key=\"text\">\n\t\t\t\t\tNachricht schreiben\t\t\t\t<\/span>\n\n\t\t\t\t\t\t\t<\/a>\n\t\t<\/div>\n\t\t\t\t\t\t<\/div>\n\t\t\t\t<\/div>\n\t\t\t\t<div class=\"elementor-element elementor-element-2029e12 elementor-widget elementor-widget-wd_social_buttons\" data-id=\"2029e12\" data-element_type=\"widget\" data-e-type=\"widget\" data-widget_type=\"wd_social_buttons.default\">\n\t\t\t\t<div class=\"elementor-widget-container\">\n\t\t\t\t\t\t\t\t<div\n\t\t\t\t\t\tclass=\"wd-social-icons wd-style-primary wd-size-default social-follow wd-shape-circle color-scheme-dark text-left\">\n\t\t\t\t\n\t\t\t\t\n\t\t\t\t\t\t\t\t\t<a rel=\"noopener noreferrer nofollow\" href=\"https:\/\/www.facebook.com\/YoungGo.de\" target=\"_blank\" class=\"wd-social-icon social-facebook\" aria-label=\"Facebook social link\">\n\t\t\t\t\t\t<span class=\"wd-icon\"><\/span>\n\t\t\t\t\t\t\t\t\t\t\t<\/a>\n\t\t\t\t\n\t\t\t\t\n\t\t\t\t\n\t\t\t\t\n\t\t\t\t\t\t\t\t\t<a rel=\"noopener noreferrer nofollow\" href=\"https:\/\/www.instagram.com\/younggo_community\/\" target=\"_blank\" class=\"wd-social-icon social-instagram\" aria-label=\"Instagram social link\">\n\t\t\t\t\t\t<span class=\"wd-icon\"><\/span>\n\t\t\t\t\t\t\t\t\t\t\t<\/a>\n\t\t\t\t\n\t\t\t\t\n\t\t\t\t\t\t\t\t\t<a rel=\"noopener noreferrer nofollow\" href=\"https:\/\/www.youtube.com\/user\/myYoungGo\" target=\"_blank\" class=\"wd-social-icon social-youtube\" aria-label=\"YouTube social link\">\n\t\t\t\t\t\t<span class=\"wd-icon\"><\/span>\n\t\t\t\t\t\t\t\t\t\t\t<\/a>\n\t\t\t\t\n\t\t\t\t\n\t\t\t\t\n\t\t\t\t\n\t\t\t\t\n\t\t\t\t\n\t\t\t\t\n\t\t\t\t\n\t\t\t\t\n\t\t\t\t\n\t\t\t\t\n\t\t\t\t\n\t\t\t\t\n\t\t\t\t\n\t\t\t\t\n\t\t\t\t\n\t\t\t\t\n\t\t\t\t\n\t\t\t\t\n\t\t\t\t\n\t\t\t<\/div>\n\n\t\t\t\t\t\t<\/div>\n\t\t\t\t<\/div>\n\t\t\t\t<\/div>\n\t\t<div class=\"elementor-element elementor-element-24d0cbf e-con-full e-flex e-con e-child\" data-id=\"24d0cbf\" data-element_type=\"container\" data-e-type=\"container\">\n\t\t\t\t<div class=\"elementor-element elementor-element-687d4ed elementor-widget elementor-widget-wd_image_or_svg\" data-id=\"687d4ed\" data-element_type=\"widget\" data-e-type=\"widget\" data-widget_type=\"wd_image_or_svg.default\">\n\t\t\t\t<div class=\"elementor-widget-container\">\n\t\t\t\t\t\n\t\t<div class=\"wd-image text-right\">\n\t\t\t\t\t\t\t\t<img loading=\"lazy\" decoding=\"async\" width=\"1920\" height=\"1080\" src=\"https:\/\/shop.younggo-fit.de\/wp-content\/uploads\/2022\/06\/44_Titelbild_Lauf-dich-geistig-fit.jpg\" class=\"attachment-full size-full\" alt=\"\" srcset=\"https:\/\/shop.younggo-fit.de\/wp-content\/uploads\/2022\/06\/44_Titelbild_Lauf-dich-geistig-fit.jpg 1920w, https:\/\/shop.younggo-fit.de\/wp-content\/uploads\/2022\/06\/44_Titelbild_Lauf-dich-geistig-fit-430x242.jpg 430w, https:\/\/shop.younggo-fit.de\/wp-content\/uploads\/2022\/06\/44_Titelbild_Lauf-dich-geistig-fit-190x107.jpg 190w, https:\/\/shop.younggo-fit.de\/wp-content\/uploads\/2022\/06\/44_Titelbild_Lauf-dich-geistig-fit-700x394.jpg 700w, https:\/\/shop.younggo-fit.de\/wp-content\/uploads\/2022\/06\/44_Titelbild_Lauf-dich-geistig-fit-300x169.jpg 300w, https:\/\/shop.younggo-fit.de\/wp-content\/uploads\/2022\/06\/44_Titelbild_Lauf-dich-geistig-fit-1024x576.jpg 1024w, https:\/\/shop.younggo-fit.de\/wp-content\/uploads\/2022\/06\/44_Titelbild_Lauf-dich-geistig-fit-768x432.jpg 768w, https:\/\/shop.younggo-fit.de\/wp-content\/uploads\/2022\/06\/44_Titelbild_Lauf-dich-geistig-fit-1536x864.jpg 1536w, https:\/\/shop.younggo-fit.de\/wp-content\/uploads\/2022\/06\/44_Titelbild_Lauf-dich-geistig-fit-960x540.jpg 960w, https:\/\/shop.younggo-fit.de\/wp-content\/uploads\/2022\/06\/44_Titelbild_Lauf-dich-geistig-fit-1220x686.jpg 1220w, https:\/\/shop.younggo-fit.de\/wp-content\/uploads\/2022\/06\/44_Titelbild_Lauf-dich-geistig-fit-915x515.jpg 915w, https:\/\/shop.younggo-fit.de\/wp-content\/uploads\/2022\/06\/44_Titelbild_Lauf-dich-geistig-fit-600x338.jpg 600w, https:\/\/shop.younggo-fit.de\/wp-content\/uploads\/2022\/06\/44_Titelbild_Lauf-dich-geistig-fit-393x221.jpg 393w, https:\/\/shop.younggo-fit.de\/wp-content\/uploads\/2022\/06\/44_Titelbild_Lauf-dich-geistig-fit-290x163.jpg 290w\" sizes=\"auto, (max-width: 1920px) 100vw, 1920px\" \/>\t\t\t\t\t<\/div>\n\n\t\t\t\t\t\t<\/div>\n\t\t\t\t<\/div>\n\t\t\t\t<\/div>\n\t\t\t\t\t<\/div>\n\t\t\t\t<\/div>\n\t\t<div class=\"wd-negative-gap elementor-element elementor-element-992c15a e-flex e-con-boxed e-con e-parent\" data-id=\"992c15a\" data-element_type=\"container\" data-e-type=\"container\">\n\t\t\t\t\t<div class=\"e-con-inner\">\n\t\t\t\t<div class=\"elementor-element elementor-element-8665271 elementor-widget-divider--view-line elementor-widget elementor-widget-divider\" data-id=\"8665271\" data-element_type=\"widget\" data-e-type=\"widget\" data-widget_type=\"divider.default\">\n\t\t\t\t<div class=\"elementor-widget-container\">\n\t\t\t\t\t\t\t<div class=\"elementor-divider\">\n\t\t\t<span class=\"elementor-divider-separator\">\n\t\t\t\t\t\t<\/span>\n\t\t<\/div>\n\t\t\t\t\t\t<\/div>\n\t\t\t\t<\/div>\n\t\t\t\t\t<\/div>\n\t\t\t\t<\/div>\n\t\t<div class=\"wd-negative-gap elementor-element elementor-element-3e90fc5 e-flex e-con-boxed e-con e-parent\" data-id=\"3e90fc5\" data-element_type=\"container\" data-e-type=\"container\">\n\t\t\t\t\t<div class=\"e-con-inner\">\n\t\t<div class=\"elementor-element elementor-element-8a3c306 e-con-full e-flex e-con e-child\" data-id=\"8a3c306\" data-element_type=\"container\" data-e-type=\"container\">\n\t\t\t\t<div class=\"elementor-element elementor-element-659be9a elementor-widget__width-auto elementor-widget elementor-widget-wd_text_block\" data-id=\"659be9a\" data-element_type=\"widget\" data-e-type=\"widget\" data-widget_type=\"wd_text_block.default\">\n\t\t\t\t<div class=\"elementor-widget-container\">\n\t\t\t\t\t\t\t<div class=\"wd-text-block reset-last-child text-left color-title\">\n\t\t\t\n\t\t\t<p>Fit-xsund.de GmbH<\/p>\n\t\t\t\t\t<\/div>\n\t\t\t\t\t\t<\/div>\n\t\t\t\t<\/div>\n\t\t\t\t<div class=\"elementor-element elementor-element-80e718d elementor-widget__width-auto elementor-widget elementor-widget-wd_image_or_svg\" data-id=\"80e718d\" data-element_type=\"widget\" data-e-type=\"widget\" data-widget_type=\"wd_image_or_svg.default\">\n\t\t\t\t<div class=\"elementor-widget-container\">\n\t\t\t\t\t\n\t\t<div class=\"wd-image text-left\">\n\t\t\t\t\t\t\t\t<img  loading=\"lazy\" width=\"17\" height=\"17\">\t\t\t\t\t<\/div>\n\n\t\t\t\t\t\t<\/div>\n\t\t\t\t<\/div>\n\t\t\t\t<\/div>\n\t\t<div class=\"elementor-element elementor-element-5746116 e-con-full e-flex e-con e-child\" data-id=\"5746116\" data-element_type=\"container\" data-e-type=\"container\">\n\t\t<div class=\"elementor-element elementor-element-2625dbe e-con-full e-flex e-con e-child\" data-id=\"2625dbe\" data-element_type=\"container\" data-e-type=\"container\">\n\t\t<div class=\"elementor-element elementor-element-bc6d2d9 e-con-full e-flex e-con e-child\" data-id=\"bc6d2d9\" data-element_type=\"container\" data-e-type=\"container\">\n\t\t\t\t<div class=\"elementor-element elementor-element-ac41a46 elementor-widget elementor-widget-wd_text_block\" data-id=\"ac41a46\" data-element_type=\"widget\" data-e-type=\"widget\" data-widget_type=\"wd_text_block.default\">\n\t\t\t\t<div class=\"elementor-widget-container\">\n\t\t\t\t\t\t\t<div class=\"wd-text-block reset-last-child text-left color-title\">\n\t\t\t\n\t\t\t<p>Telefon:<\/p>\n\t\t\t\t\t<\/div>\n\t\t\t\t\t\t<\/div>\n\t\t\t\t<\/div>\n\t\t\t\t<\/div>\n\t\t<div class=\"elementor-element elementor-element-850b472 e-con-full e-flex e-con e-child\" data-id=\"850b472\" data-element_type=\"container\" data-e-type=\"container\">\n\t\t\t\t<div class=\"elementor-element elementor-element-09e4764 elementor-widget elementor-widget-wd_text_block\" data-id=\"09e4764\" data-element_type=\"widget\" data-e-type=\"widget\" data-widget_type=\"wd_text_block.default\">\n\t\t\t\t<div class=\"elementor-widget-container\">\n\t\t\t\t\t\t\t<div class=\"wd-text-block reset-last-child text-left\">\n\t\t\t\n\t\t\t<p><a href=\"tel:0177 3681443\">0177 3681443<\/a><\/p>\n\t\t\t\t\t<\/div>\n\t\t\t\t\t\t<\/div>\n\t\t\t\t<\/div>\n\t\t\t\t<\/div>\n\t\t<div class=\"elementor-element elementor-element-0c85b90 elementor-hidden-mobile e-con-full e-flex e-con e-child\" data-id=\"0c85b90\" data-element_type=\"container\" data-e-type=\"container\">\n\t\t\t\t<\/div>\n\t\t\t\t<\/div>\n\t\t<div class=\"elementor-element elementor-element-377387a e-con-full e-flex e-con e-child\" data-id=\"377387a\" data-element_type=\"container\" data-e-type=\"container\">\n\t\t<div class=\"elementor-element elementor-element-b73e04d e-con-full e-flex e-con e-child\" data-id=\"b73e04d\" data-element_type=\"container\" data-e-type=\"container\">\n\t\t\t\t<div class=\"elementor-element elementor-element-f532bce elementor-widget elementor-widget-wd_text_block\" data-id=\"f532bce\" data-element_type=\"widget\" data-e-type=\"widget\" data-widget_type=\"wd_text_block.default\">\n\t\t\t\t<div class=\"elementor-widget-container\">\n\t\t\t\t\t\t\t<div class=\"wd-text-block reset-last-child text-left color-title\">\n\t\t\t\n\t\t\t<p>Email:<\/p>\n\t\t\t\t\t<\/div>\n\t\t\t\t\t\t<\/div>\n\t\t\t\t<\/div>\n\t\t\t\t<\/div>\n\t\t<div class=\"elementor-element elementor-element-672d544 e-con-full e-flex e-con e-child\" data-id=\"672d544\" data-element_type=\"container\" data-e-type=\"container\">\n\t\t\t\t<div class=\"elementor-element elementor-element-b4c1144 elementor-widget elementor-widget-wd_text_block\" data-id=\"b4c1144\" data-element_type=\"widget\" data-e-type=\"widget\" data-widget_type=\"wd_text_block.default\">\n\t\t\t\t<div class=\"elementor-widget-container\">\n\t\t\t\t\t\t\t<div class=\"wd-text-block reset-last-child text-left\">\n\t\t\t\n\t\t\t<p><a title=\"mailto:nadja.baechle@fit-xsund.de\" href=\"mailto:nadja.baechle@fit-xsund.de\" data-outlook-id=\"6e8cde2f-b20a-4d90-85e5-495365b62ec0\"><span class=\"outlook-search-highlight\" data-markjs=\"true\">nadja<\/span>.baechle@fit-xsund.de<\/a><\/p>\n\t\t\t\t\t<\/div>\n\t\t\t\t\t\t<\/div>\n\t\t\t\t<\/div>\n\t\t\t\t<\/div>\n\t\t<div class=\"elementor-element elementor-element-b93b04d elementor-hidden-mobile e-con-full e-flex e-con e-child\" data-id=\"b93b04d\" data-element_type=\"container\" data-e-type=\"container\">\n\t\t\t\t<\/div>\n\t\t\t\t<\/div>\n\t\t<div class=\"elementor-element elementor-element-76e6fcf e-con-full e-flex e-con e-child\" data-id=\"76e6fcf\" data-element_type=\"container\" data-e-type=\"container\">\n\t\t<div class=\"elementor-element elementor-element-2ef873c e-con-full e-flex e-con e-child\" data-id=\"2ef873c\" data-element_type=\"container\" data-e-type=\"container\">\n\t\t\t\t<div class=\"elementor-element elementor-element-b82767c elementor-widget elementor-widget-wd_text_block\" data-id=\"b82767c\" data-element_type=\"widget\" data-e-type=\"widget\" data-widget_type=\"wd_text_block.default\">\n\t\t\t\t<div class=\"elementor-widget-container\">\n\t\t\t\t\t\t\t<div class=\"wd-text-block reset-last-child text-left color-title\">\n\t\t\t\n\t\t\t<p>Addresse:<\/p>\n\t\t\t\t\t<\/div>\n\t\t\t\t\t\t<\/div>\n\t\t\t\t<\/div>\n\t\t\t\t<\/div>\n\t\t<div class=\"elementor-element elementor-element-49f04bb e-con-full e-flex e-con e-child\" data-id=\"49f04bb\" data-element_type=\"container\" data-e-type=\"container\">\n\t\t\t\t<div class=\"elementor-element elementor-element-f0266c0 elementor-widget elementor-widget-wd_text_block\" data-id=\"f0266c0\" data-element_type=\"widget\" data-e-type=\"widget\" data-widget_type=\"wd_text_block.default\">\n\t\t\t\t<div class=\"elementor-widget-container\">\n\t\t\t\t\t\t\t<div class=\"wd-text-block reset-last-child text-left\">\n\t\t\t\n\t\t\t<p style=\"font-weight: 400;\"><strong>fit-xsund.de GmbH<\/strong><\/p><p style=\"font-weight: 400;\">D\u00fcrerstra\u00dfe 30, <br \/>08527 Plauen<\/p>\n\t\t\t\t\t<\/div>\n\t\t\t\t\t\t<\/div>\n\t\t\t\t<\/div>\n\t\t\t\t<\/div>\n\t\t<div class=\"elementor-element elementor-element-a14e403 elementor-hidden-mobile e-con-full e-flex e-con e-child\" data-id=\"a14e403\" data-element_type=\"container\" data-e-type=\"container\">\n\t\t\t\t<\/div>\n\t\t\t\t<\/div>\n\t\t\t\t<\/div>\n\t\t\t\t\t<\/div>\n\t\t\t\t<\/div>\n\t\t<div class=\"wd-negative-gap elementor-element elementor-element-3a9224d e-flex e-con-boxed e-con e-parent\" data-id=\"3a9224d\" data-element_type=\"container\" data-e-type=\"container\">\n\t\t\t\t\t<div class=\"e-con-inner\">\n\t\t\t\t<div class=\"elementor-element elementor-element-d997b3d elementor-widget-divider--view-line elementor-widget elementor-widget-divider\" data-id=\"d997b3d\" data-element_type=\"widget\" data-e-type=\"widget\" data-widget_type=\"divider.default\">\n\t\t\t\t<div class=\"elementor-widget-container\">\n\t\t\t\t\t\t\t<div class=\"elementor-divider\">\n\t\t\t<span class=\"elementor-divider-separator\">\n\t\t\t\t\t\t<\/span>\n\t\t<\/div>\n\t\t\t\t\t\t<\/div>\n\t\t\t\t<\/div>\n\t\t\t\t\t<\/div>\n\t\t\t\t<\/div>\n\t\t<div class=\"wd-negative-gap elementor-element elementor-element-58a7311 e-flex e-con-boxed e-con e-parent\" data-id=\"58a7311\" data-element_type=\"container\" data-e-type=\"container\">\n\t\t\t\t\t<div class=\"e-con-inner\">\n\t\t<div class=\"elementor-element elementor-element-cabb529 e-con-full e-flex e-con e-child\" data-id=\"cabb529\" data-element_type=\"container\" data-e-type=\"container\">\n\t\t\t\t<div class=\"elementor-element elementor-element-3f93e35 elementor-widget__width-initial elementor-widget elementor-widget-wd_text_block\" data-id=\"3f93e35\" data-element_type=\"widget\" data-e-type=\"widget\" data-widget_type=\"wd_text_block.default\">\n\t\t\t\t<div class=\"elementor-widget-container\">\n\t\t\t\t\t\t\t<div class=\"wd-text-block reset-last-child text-left color-title\">\n\t\t\t\n\t\t\t<p>Markenbotschafter werden<\/p>\n\t\t\t\t\t<\/div>\n\t\t\t\t\t\t<\/div>\n\t\t\t\t<\/div>\n\t\t\t\t<div class=\"elementor-element elementor-element-07eb3be elementor-widget__width-initial elementor-widget elementor-widget-wd_image_or_svg\" data-id=\"07eb3be\" data-element_type=\"widget\" data-e-type=\"widget\" data-widget_type=\"wd_image_or_svg.default\">\n\t\t\t\t<div class=\"elementor-widget-container\">\n\t\t\t\t\t\n\t\t<div class=\"wd-image text-left\">\n\t\t\t\t\t\t\t\t<img  loading=\"lazy\" width=\"17\" height=\"17\">\t\t\t\t\t<\/div>\n\n\t\t\t\t\t\t<\/div>\n\t\t\t\t<\/div>\n\t\t\t\t<\/div>\n\t\t<div class=\"elementor-element elementor-element-0da83a6 e-con-full e-flex e-con e-child\" data-id=\"0da83a6\" data-element_type=\"container\" data-e-type=\"container\">\n\t\t<div class=\"elementor-element elementor-element-4e01268 e-con-full e-flex e-con e-child\" data-id=\"4e01268\" data-element_type=\"container\" data-e-type=\"container\">\n\t\t<div class=\"elementor-element elementor-element-ed8976f elementor-hidden-mobile e-con-full e-flex e-con e-child\" data-id=\"ed8976f\" data-element_type=\"container\" data-e-type=\"container\">\n\t\t\t\t<div class=\"elementor-element elementor-element-4c473a2 elementor-widget elementor-widget-wd_text_block\" data-id=\"4c473a2\" data-element_type=\"widget\" data-e-type=\"widget\" data-widget_type=\"wd_text_block.default\">\n\t\t\t\t<div class=\"elementor-widget-container\">\n\t\t\t\t\t\t\t<div class=\"wd-text-block reset-last-child text-left color-title\">\n\t\t\t\n\t\t\t<p>Du m\u00f6chtest unsere Botschaft und Marke vertreten?<\/p><p><a href=\"\/become-an-affiliate\/\">Werde jetzt teil der Markenbotschafter-Familie!<\/a><\/p>\n\t\t\t\t\t<\/div>\n\t\t\t\t\t\t<\/div>\n\t\t\t\t<\/div>\n\t\t\t\t<\/div>\n\t\t\t\t<\/div>\n\t\t<div class=\"elementor-element elementor-element-6411258 e-con-full e-flex e-con e-child\" data-id=\"6411258\" data-element_type=\"container\" data-e-type=\"container\">\n\t\t<div class=\"elementor-element elementor-element-9f9974e elementor-hidden-mobile e-con-full e-flex e-con e-child\" data-id=\"9f9974e\" data-element_type=\"container\" data-e-type=\"container\">\n\t\t\t\t<\/div>\n\t\t\t\t<\/div>\n\t\t\t\t<\/div>\n\t\t\t\t\t<\/div>\n\t\t\t\t<\/div>\n\t\t\t\t<\/div>","protected":false},"excerpt":{"rendered":"<p>Fragen? Egal ob du Fragen zu unserem Shop hast, dich \u00fcber unsere Produkte informieren m\u00f6chtest oder dich f\u00fcr eine Zusammenarbeit<\/p>","protected":false},"author":2442,"featured_media":0,"parent":0,"menu_order":0,"comment_status":"closed","ping_status":"closed","template":"","meta":{"_acf_changed":false,"footnotes":""},"class_list":["post-23","page","type-page","status-publish","hentry"],"acf":[],"_links":{"self":[{"href":"https:\/\/shop.younggo-fit.de\/en\/wp-json\/wp\/v2\/pages\/23","targetHints":{"allow":["GET"]}}],"collection":[{"href":"https:\/\/shop.younggo-fit.de\/en\/wp-json\/wp\/v2\/pages"}],"about":[{"href":"https:\/\/shop.younggo-fit.de\/en\/wp-json\/wp\/v2\/types\/page"}],"author":[{"embeddable":true,"href":"https:\/\/shop.younggo-fit.de\/en\/wp-json\/wp\/v2\/users\/2442"}],"replies":[{"embeddable":true,"href":"https:\/\/shop.younggo-fit.de\/en\/wp-json\/wp\/v2\/comments?post=23"}],"version-history":[{"count":0,"href":"https:\/\/shop.younggo-fit.de\/en\/wp-json\/wp\/v2\/pages\/23\/revisions"}],"wp:attachment":[{"href":"https:\/\/shop.younggo-fit.de\/en\/wp-json\/wp\/v2\/media?parent=23"}],"curies":[{"name":"wp","href":"https:\/\/api.w.org\/{rel}","templated":true}]}}