{"id":25781,"date":"2024-05-08T12:14:55","date_gmt":"2024-05-08T10:14:55","guid":{"rendered":"https:\/\/younggo-fit.de\/?page_id=25781"},"modified":"2024-05-08T12:27:53","modified_gmt":"2024-05-08T10:27:53","slug":"was-sind-die-inhaltsstoffe-von-younggo-arthro-duo-und-wie-wirken-sie","status":"publish","type":"page","link":"https:\/\/shop.younggo-fit.de\/en\/was-sind-die-inhaltsstoffe-von-younggo-arthro-duo-und-wie-wirken-sie\/","title":{"rendered":"Was sind die Inhaltsstoffe von YoungGo\u00ae Arthro Duo und wie wirken sie?"},"content":{"rendered":"<div data-elementor-type=\"wp-page\" data-elementor-id=\"25781\" class=\"elementor elementor-25781\" data-elementor-post-type=\"page\">\n\t\t\t\t\t\t<section class=\"wd-negative-gap elementor-section elementor-top-section elementor-element elementor-element-e725c4d elementor-section-boxed elementor-section-height-default elementor-section-height-default\" data-id=\"e725c4d\" data-element_type=\"section\" data-e-type=\"section\">\n\t\t\t\t\t\t<div class=\"elementor-container elementor-column-gap-default\">\n\t\t\t\t\t<div class=\"elementor-column elementor-col-100 elementor-top-column elementor-element elementor-element-61a2864\" data-id=\"61a2864\" data-element_type=\"column\" data-e-type=\"column\">\n\t\t\t<div class=\"elementor-widget-wrap elementor-element-populated\">\n\t\t\t\t\t\t<div class=\"elementor-element elementor-element-c46a44d elementor-widget elementor-widget-spacer\" data-id=\"c46a44d\" data-element_type=\"widget\" data-e-type=\"widget\" data-widget_type=\"spacer.default\">\n\t\t\t\t<div class=\"elementor-widget-container\">\n\t\t\t\t\t\t\t<div class=\"elementor-spacer\">\n\t\t\t<div class=\"elementor-spacer-inner\"><\/div>\n\t\t<\/div>\n\t\t\t\t\t\t<\/div>\n\t\t\t\t<\/div>\n\t\t\t\t\t<\/div>\n\t\t<\/div>\n\t\t\t\t\t<\/div>\n\t\t<\/section>\n\t\t\t\t<section class=\"wd-negative-gap elementor-section elementor-top-section elementor-element elementor-element-0df3fc0 elementor-section-boxed elementor-section-height-default elementor-section-height-default\" data-id=\"0df3fc0\" data-element_type=\"section\" data-e-type=\"section\">\n\t\t\t\t\t\t<div class=\"elementor-container elementor-column-gap-default\">\n\t\t\t\t\t<div class=\"elementor-column elementor-col-33 elementor-top-column elementor-element elementor-element-b53fbcd\" data-id=\"b53fbcd\" data-element_type=\"column\" data-e-type=\"column\">\n\t\t\t<div class=\"elementor-widget-wrap elementor-element-populated\">\n\t\t\t\t\t\t<div class=\"elementor-element elementor-element-1730055 elementor-widget elementor-widget-image\" data-id=\"1730055\" data-element_type=\"widget\" data-e-type=\"widget\" data-widget_type=\"image.default\">\n\t\t\t\t<div class=\"elementor-widget-container\">\n\t\t\t\t\t\t\t\t\t\t\t\t\t\t\t<img loading=\"lazy\" decoding=\"async\" width=\"1024\" height=\"575\" src=\"https:\/\/shop.younggo-fit.de\/wp-content\/uploads\/2024\/05\/YoungGo-Athro-Duo-Beitrag-1024x575.jpg\" class=\"attachment-large size-large wp-image-25733\" alt=\"\" srcset=\"https:\/\/shop.younggo-fit.de\/wp-content\/uploads\/2024\/05\/YoungGo-Athro-Duo-Beitrag-1024x575.jpg 1024w, https:\/\/shop.younggo-fit.de\/wp-content\/uploads\/2024\/05\/YoungGo-Athro-Duo-Beitrag-430x242.jpg 430w, https:\/\/shop.younggo-fit.de\/wp-content\/uploads\/2024\/05\/YoungGo-Athro-Duo-Beitrag-190x107.jpg 190w, https:\/\/shop.younggo-fit.de\/wp-content\/uploads\/2024\/05\/YoungGo-Athro-Duo-Beitrag-700x393.jpg 700w, https:\/\/shop.younggo-fit.de\/wp-content\/uploads\/2024\/05\/YoungGo-Athro-Duo-Beitrag-300x169.jpg 300w, https:\/\/shop.younggo-fit.de\/wp-content\/uploads\/2024\/05\/YoungGo-Athro-Duo-Beitrag-768x432.jpg 768w, https:\/\/shop.younggo-fit.de\/wp-content\/uploads\/2024\/05\/YoungGo-Athro-Duo-Beitrag-1536x863.jpg 1536w, https:\/\/shop.younggo-fit.de\/wp-content\/uploads\/2024\/05\/YoungGo-Athro-Duo-Beitrag-960x539.jpg 960w, https:\/\/shop.younggo-fit.de\/wp-content\/uploads\/2024\/05\/YoungGo-Athro-Duo-Beitrag-1220x686.jpg 1220w, https:\/\/shop.younggo-fit.de\/wp-content\/uploads\/2024\/05\/YoungGo-Athro-Duo-Beitrag-915x514.jpg 915w, https:\/\/shop.younggo-fit.de\/wp-content\/uploads\/2024\/05\/YoungGo-Athro-Duo-Beitrag-600x337.jpg 600w, https:\/\/shop.younggo-fit.de\/wp-content\/uploads\/2024\/05\/YoungGo-Athro-Duo-Beitrag-393x221.jpg 393w, https:\/\/shop.younggo-fit.de\/wp-content\/uploads\/2024\/05\/YoungGo-Athro-Duo-Beitrag-290x163.jpg 290w, https:\/\/shop.younggo-fit.de\/wp-content\/uploads\/2024\/05\/YoungGo-Athro-Duo-Beitrag.jpg 1920w\" sizes=\"auto, (max-width: 1024px) 100vw, 1024px\" \/>\t\t\t\t\t\t\t\t\t\t\t\t\t\t\t<\/div>\n\t\t\t\t<\/div>\n\t\t\t\t\t<\/div>\n\t\t<\/div>\n\t\t\t\t<div class=\"elementor-column elementor-col-66 elementor-top-column elementor-element elementor-element-b2a3886\" data-id=\"b2a3886\" data-element_type=\"column\" data-e-type=\"column\">\n\t\t\t<div class=\"elementor-widget-wrap elementor-element-populated\">\n\t\t\t\t\t\t<div class=\"elementor-element elementor-element-69472a2 color-scheme-inherit text-left elementor-widget elementor-widget-text-editor\" data-id=\"69472a2\" data-element_type=\"widget\" data-e-type=\"widget\" data-widget_type=\"text-editor.default\">\n\t\t\t\t<div class=\"elementor-widget-container\">\n\t\t\t\t\t\t\t\t\t<h4>Arthro Duo besteht aus 3 Hauptbestandteilen, die in Kombination die Einzigartigkeit des Produktes ausmachen.<\/h4><div><p><strong>Chondroitin:<\/strong><\/p><p>Stellen Sie sich Chondroitin als einen Schwamm vor, der Feuchtigkeit in einem Schwamm h\u00e4lt. Genau wie ein Schwamm Wasser aufsaugt und speichert, hilft Chondroitin dabei, Wasser im Knorpel unserer Gelenke zu halten. Dies ist wichtig, weil der Knorpel wie eine Art Sto\u00dfd\u00e4mpfer funktioniert, der unsere Gelenke vor St\u00f6\u00dfen und Schl\u00e4gen sch\u00fctzt. Wenn der Knorpel gut mit Feuchtigkeit versorgt ist, bleibt er geschmeidig und elastisch, was bedeutet, dass er sich gut bewegen und biegen kann, ohne besch\u00e4digt zu werden.<\/p><p><strong>Hyaluron:<\/strong><\/p><p>Hyalurons\u00e4ure ist wie das Schmiermittel in einem Fahrrad oder Auto. Es hilft, die Gelenke zu schmieren und zu sch\u00fctzen, damit sie reibungslos funktionieren k\u00f6nnen. Wenn unsere Gelenke sich bewegen, gleiten sie wie Zahnr\u00e4der oder R\u00e4der aufeinander. Hyalurons\u00e4ure sorgt daf\u00fcr, dass diese Bewegung reibungslos verl\u00e4uft, indem sie eine sch\u00fctzende Schicht bildet, die Reibung und Verschlei\u00df reduziert. Auf diese Weise hilft sie, Schmerzen und Beschwerden in den Gelenken zu lindern.<\/p><p><strong>Glucosamin:<\/strong><\/p><p>Glucosamin ist wie der Baustoff, aus dem unser Knorpel besteht. Es hilft dem K\u00f6rper, neuen Knorpel zu bilden und besch\u00e4digten Knorpel zu reparieren. Wenn unsere Gelenke beansprucht werden oder verschlei\u00dfen, brauchen sie neue Knorpelzellen, um sich zu regenerieren und zu heilen. Glucosamin liefert die Bausteine, die der K\u00f6rper ben\u00f6tigt, um diesen Prozess zu unterst\u00fctzen und die Gesundheit der Gelenke aufrechtzuerhalten.<\/p><p>Insgesamt arbeiten Chondroitin, Hyaluron und Glucosamin zusammen, um die Gesundheit unserer Gelenke zu unterst\u00fctzen. Chondroitin h\u00e4lt den Knorpel feucht und elastisch, Hyaluron schmiert die Gelenke und reduziert Reibung, w\u00e4hrend Glucosamin neue Knorpel bildet und besch\u00e4digten Knorpel repariert. Durch die Unterst\u00fctzung dieser wichtigen Funktionen tragen diese N\u00e4hrstoffe dazu bei, die Beweglichkeit, Flexibilit\u00e4t und Komfort unserer Gelenke zu erhalten.<\/p><\/div>\t\t\t\t\t\t\t\t<\/div>\n\t\t\t\t<\/div>\n\t\t\t\t\t<\/div>\n\t\t<\/div>\n\t\t\t\t\t<\/div>\n\t\t<\/section>\n\t\t\t\t<section class=\"wd-negative-gap elementor-section elementor-top-section elementor-element elementor-element-16b2dd7 elementor-section-boxed elementor-section-height-default elementor-section-height-default\" data-id=\"16b2dd7\" data-element_type=\"section\" data-e-type=\"section\">\n\t\t\t\t\t\t<div class=\"elementor-container elementor-column-gap-default\">\n\t\t\t\t\t<div class=\"elementor-column elementor-col-100 elementor-top-column elementor-element elementor-element-966a269\" data-id=\"966a269\" data-element_type=\"column\" data-e-type=\"column\">\n\t\t\t<div class=\"elementor-widget-wrap elementor-element-populated\">\n\t\t\t\t\t\t<div class=\"elementor-element elementor-element-f6b7342 elementor-widget elementor-widget-spacer\" data-id=\"f6b7342\" data-element_type=\"widget\" data-e-type=\"widget\" data-widget_type=\"spacer.default\">\n\t\t\t\t<div class=\"elementor-widget-container\">\n\t\t\t\t\t\t\t<div class=\"elementor-spacer\">\n\t\t\t<div class=\"elementor-spacer-inner\"><\/div>\n\t\t<\/div>\n\t\t\t\t\t\t<\/div>\n\t\t\t\t<\/div>\n\t\t\t\t\t<\/div>\n\t\t<\/div>\n\t\t\t\t\t<\/div>\n\t\t<\/section>\n\t\t\t\t<\/div>","protected":false},"excerpt":{"rendered":"<p>Arthro Duo besteht aus 3 Hauptbestandteilen, die in Kombination die Einzigartigkeit des Produktes ausmachen. Chondroitin: Stellen Sie sich Chondroitin als<\/p>","protected":false},"author":2442,"featured_media":0,"parent":0,"menu_order":0,"comment_status":"closed","ping_status":"closed","template":"","meta":{"_acf_changed":false,"footnotes":""},"class_list":["post-25781","page","type-page","status-publish","hentry"],"acf":[],"_links":{"self":[{"href":"https:\/\/shop.younggo-fit.de\/en\/wp-json\/wp\/v2\/pages\/25781","targetHints":{"allow":["GET"]}}],"collection":[{"href":"https:\/\/shop.younggo-fit.de\/en\/wp-json\/wp\/v2\/pages"}],"about":[{"href":"https:\/\/shop.younggo-fit.de\/en\/wp-json\/wp\/v2\/types\/page"}],"author":[{"embeddable":true,"href":"https:\/\/shop.younggo-fit.de\/en\/wp-json\/wp\/v2\/users\/2442"}],"replies":[{"embeddable":true,"href":"https:\/\/shop.younggo-fit.de\/en\/wp-json\/wp\/v2\/comments?post=25781"}],"version-history":[{"count":0,"href":"https:\/\/shop.younggo-fit.de\/en\/wp-json\/wp\/v2\/pages\/25781\/revisions"}],"wp:attachment":[{"href":"https:\/\/shop.younggo-fit.de\/en\/wp-json\/wp\/v2\/media?parent=25781"}],"curies":[{"name":"wp","href":"https:\/\/api.w.org\/{rel}","templated":true}]}}