{"id":26059,"date":"2024-06-11T08:49:43","date_gmt":"2024-06-11T06:49:43","guid":{"rendered":"https:\/\/younggo-fit.de\/?page_id=26059"},"modified":"2024-06-11T09:35:06","modified_gmt":"2024-06-11T07:35:06","slug":"younggo-q10","status":"publish","type":"page","link":"https:\/\/shop.younggo-fit.de\/en\/younggo-q10\/","title":{"rendered":"YoungGo\u00ae Q10"},"content":{"rendered":"<div data-elementor-type=\"wp-page\" data-elementor-id=\"26059\" class=\"elementor elementor-26059\" data-elementor-post-type=\"page\">\n\t\t\t\t\t\t<section class=\"wd-negative-gap elementor-section elementor-top-section elementor-element elementor-element-a695f30 elementor-section-boxed elementor-section-height-default elementor-section-height-default\" data-id=\"a695f30\" data-element_type=\"section\" data-e-type=\"section\">\n\t\t\t\t\t\t<div class=\"elementor-container elementor-column-gap-default\">\n\t\t\t\t\t<div class=\"elementor-column elementor-col-100 elementor-top-column elementor-element elementor-element-ac411a6\" data-id=\"ac411a6\" data-element_type=\"column\" data-e-type=\"column\">\n\t\t\t<div class=\"elementor-widget-wrap elementor-element-populated\">\n\t\t\t\t\t\t<div class=\"elementor-element elementor-element-8c67819 color-scheme-inherit text-left elementor-widget elementor-widget-text-editor\" data-id=\"8c67819\" data-element_type=\"widget\" data-e-type=\"widget\" data-widget_type=\"text-editor.default\">\n\t\t\t\t<div class=\"elementor-widget-container\">\n\t\t\t\t\t\t\t\t\t<h4>Warum die zus\u00e4tzliche Einnahme von Coenzym Q10 ab einem Alter <strong>von 40 Jahren sinnvoll<\/strong> ist.<\/h4><p>Das Coenzym Q10, auch bekannt als Ubiquinon, ist eine <strong>k\u00f6rpereigene<\/strong> Substanz, die eine entscheidende Rolle in der Energieproduktion der Zellen spielt und als starkes Antioxidans wirkt. Ab einem Alter von etwa 40 Jahren nimmt die k\u00f6rpereigene Produktion von Q10 jedoch ab, was zu einem verringerten Energielevel und einer h\u00f6heren Anf\u00e4lligkeit f\u00fcr oxidative Sch\u00e4den f\u00fchren kann. In diesem Zusammenhang wird eine zus\u00e4tzliche Einnahme von Q10 besonders wichtig.<\/p><ol><li><strong>Abnehmende Q10 Produktion des K\u00f6rpers<\/strong><br \/>Mit zunehmendem Alter sinkt die k\u00f6rpereigene Produktion von Coenzym Q10. Dieser R\u00fcckgang kann die allgemeine Zellfunktion und Energieproduktion beeintr\u00e4chtigen. Eine Supplementierung hilft, diesen Defizit auszugleichen und den Energiestoffwechsel aufrechtzuerhalten.<\/li><li><strong>Kaum \u00fcber die normale Ern\u00e4hrung zu bekommen<\/strong><br \/>W\u00e4hrend Coenzym Q10 in einigen Nahrungsmitteln wie Fleisch, Fisch und N\u00fcssen enthalten ist, sind die Mengen oft nicht ausreichend, um den t\u00e4glichen Bedarf insbesondere ab 40 Jahren zu decken. Die Aufnahme \u00fcber die Nahrung allein reicht oft nicht aus, um den nat\u00fcrlichen R\u00fcckgang zu kompensieren.<\/li><li><strong>Das Herz freut sich<\/strong><br \/>Das Herzmuskelgewebe ist besonders abh\u00e4ngig von effizienter Energieproduktion. Eine zus\u00e4tzliche Einnahme von Q10 kann die Herzgesundheit f\u00f6rdern, indem es die Herzmuskelzellfunktion unterst\u00fctzt und das Risiko von Herz-Kreislauf-Erkrankungen reduziert.<\/li><li><strong>Antioxidativer Schutz<\/strong><br \/>Coenzym Q10 wirkt als starkes Antioxidans, das die Zellen vor oxidativem Stress sch\u00fctzt, welcher durch freie Radikale verursacht wird. Dies tr\u00e4gt zur Verlangsamung des Alterungsprozesses und zur Vorbeugung chronischer Krankheiten bei.<\/li><li><strong>Verbesserung der Hautgesundheit (Sonnenanbeter)<\/strong><br \/>Q10 kann dazu beitragen, die Haut vor Sch\u00e4den durch UV-Strahlen und andere umweltbedingte Belastungen zu sch\u00fctzen. Es f\u00f6rdert die Regeneration der Hautzellen und kann das Erscheinungsbild feiner Linien und Falten mindern.<\/li><li><strong>Unterst\u00fctzung f\u00fcr dein Gehirn<\/strong><br \/>Mit zunehmendem Alter kann die kognitive Funktion nachlassen. Coenzym Q10 kann zur Erhaltung der Gehirngesundheit beitragen, indem es die Mitochondrienfunktion unterst\u00fctzt und neuroprotektive Effekte (sch\u00fctzt deine Nervenzellen) bietet.<\/li><li><strong>Reduktion von M\u00fcdigkeit und Ersch\u00f6pfung<\/strong><br \/>Ein ausreichender Q10-Spiegel hilft, M\u00fcdigkeit und Ersch\u00f6pfung entgegenzuwirken, indem es die Energieproduktion in den Zellen f\u00f6rdert. Dies kann besonders wichtig f\u00fcr Menschen \u00fcber 40 sein, um ihre Vitalit\u00e4t und Lebensqualit\u00e4t zu erhalten.<\/li><\/ol><p>Die zus\u00e4tzliche Einnahme von YoungGo\u00ae Q10 ab einem Alter von 40 Jahren ist aus mehreren Gr\u00fcnden empfehlenswert. Sie hilft, den nat\u00fcrlichen R\u00fcckgang der Q10-Spiegel auszugleichen, unterst\u00fctzt die Herzgesundheit, bietet antioxidativen Schutz, f\u00f6rdert die Hautgesundheit, erh\u00e4lt kognitive Funktionen und reduziert M\u00fcdigkeit. Da die Aufnahme \u00fcber die Ern\u00e4hrung oft nicht ausreicht, stellt eine Supplementierung eine effiziente M\u00f6glichkeit dar, die gesundheitlichen Vorteile von Coenzym Q10 voll auszusch\u00f6pfen.<\/p><p><em>Jetzt zuschlagen! Nur f\u00fcr diesen Monat bieten wir unser erstklassiges YoungGo\u00ae Red und YoungGo\u00ae Q10 im unschlagbaren Aktionspaket (Produkt des Monats) an. Diese kraftvolle Kombination unterst\u00fctzt deine Gesundheit auf ganzer Linie \u2013 von Herz und Gehirn bis hin zu deiner allgemeinen Vitalit\u00e4t. Stell dir vor, du k\u00f6nntest in nur vier Wochen sp\u00fcrbare Verbesserungen erleben und dich wie ein neuer Mensch f\u00fchlen. Warte nicht l\u00e4nger und gehe deinen ersten Schritt in ein ges\u00fcnderes, energiegeladeneres Leben.<\/em><\/p><p>Wir w\u00fcrden uns freuen, wenn Du diese Informationen mit Menschen, welche Dir am \u201eHerzen\u201c liegen, diese Informationen teilen w\u00fcrdest.<\/p>\t\t\t\t\t\t\t\t<\/div>\n\t\t\t\t<\/div>\n\t\t\t\t\t<\/div>\n\t\t<\/div>\n\t\t\t\t\t<\/div>\n\t\t<\/section>\n\t\t\t\t<\/div>","protected":false},"excerpt":{"rendered":"<p>Warum die zus\u00e4tzliche Einnahme von Coenzym Q10 ab einem Alter von 40 Jahren sinnvoll ist. Das Coenzym Q10, auch bekannt<\/p>","protected":false},"author":2442,"featured_media":26064,"parent":0,"menu_order":0,"comment_status":"closed","ping_status":"closed","template":"","meta":{"_acf_changed":false,"footnotes":""},"class_list":["post-26059","page","type-page","status-publish","has-post-thumbnail","hentry"],"acf":[],"_links":{"self":[{"href":"https:\/\/shop.younggo-fit.de\/en\/wp-json\/wp\/v2\/pages\/26059","targetHints":{"allow":["GET"]}}],"collection":[{"href":"https:\/\/shop.younggo-fit.de\/en\/wp-json\/wp\/v2\/pages"}],"about":[{"href":"https:\/\/shop.younggo-fit.de\/en\/wp-json\/wp\/v2\/types\/page"}],"author":[{"embeddable":true,"href":"https:\/\/shop.younggo-fit.de\/en\/wp-json\/wp\/v2\/users\/2442"}],"replies":[{"embeddable":true,"href":"https:\/\/shop.younggo-fit.de\/en\/wp-json\/wp\/v2\/comments?post=26059"}],"version-history":[{"count":0,"href":"https:\/\/shop.younggo-fit.de\/en\/wp-json\/wp\/v2\/pages\/26059\/revisions"}],"wp:featuredmedia":[{"embeddable":true,"href":"https:\/\/shop.younggo-fit.de\/en\/wp-json\/wp\/v2\/media\/26064"}],"wp:attachment":[{"href":"https:\/\/shop.younggo-fit.de\/en\/wp-json\/wp\/v2\/media?parent=26059"}],"curies":[{"name":"wp","href":"https:\/\/api.w.org\/{rel}","templated":true}]}}