{"id":26820,"date":"2024-07-08T23:21:18","date_gmt":"2024-07-08T21:21:18","guid":{"rendered":"https:\/\/younggo-fit.de\/?page_id=26820"},"modified":"2024-07-08T23:32:57","modified_gmt":"2024-07-08T21:32:57","slug":"younggo-win-forte","status":"publish","type":"page","link":"https:\/\/shop.younggo-fit.de\/en\/younggo-win-forte\/","title":{"rendered":"YoungGo\u00ae Win Forte"},"content":{"rendered":"<div data-elementor-type=\"wp-page\" data-elementor-id=\"26820\" class=\"elementor elementor-26820\" data-elementor-post-type=\"page\">\n\t\t\t\t\t\t<section class=\"wd-negative-gap elementor-section elementor-top-section elementor-element elementor-element-a1e2fe7 elementor-section-boxed elementor-section-height-default elementor-section-height-default\" data-id=\"a1e2fe7\" data-element_type=\"section\" data-e-type=\"section\">\n\t\t\t\t\t\t<div class=\"elementor-container elementor-column-gap-default\">\n\t\t\t\t\t<div class=\"elementor-column elementor-col-100 elementor-top-column elementor-element elementor-element-50bcc30\" data-id=\"50bcc30\" data-element_type=\"column\" data-e-type=\"column\">\n\t\t\t<div class=\"elementor-widget-wrap elementor-element-populated\">\n\t\t\t\t\t\t<div class=\"elementor-element elementor-element-f2c7542 color-scheme-inherit text-left elementor-widget elementor-widget-text-editor\" data-id=\"f2c7542\" data-element_type=\"widget\" data-e-type=\"widget\" data-widget_type=\"text-editor.default\">\n\t\t\t\t<div class=\"elementor-widget-container\">\n\t\t\t\t\t\t\t\t\t<div><h4>Unser YoungGo\u00ae Win Forte ist die perfekte Kombination von Mineralien, Spurenelementen und Inhaltsstoffen f\u00fcr ein sp\u00fcrbar besseres Wohlbefinden.<\/h4><div>Die Kombination bietet eine Vielzahl von gesundheitlichen Vorteilen, insbesondere f\u00fcr die Unterst\u00fctzung von Knochen- und Gelenkgesundheit sowie f\u00fcr den allgemeinen N\u00e4hrstoffhaushalt des K\u00f6rpers. Hier ist eine detaillierte Betrachtung der Vorteile und potenziellen Einsatzbereiche:<\/div><h3>Inhaltsstoffe und ihre Vorteile<\/h3><h4>Vitamin D3:<\/h4><div>F\u00f6rdert die Kalziumabsorption im Darm. Unterst\u00fctzt die Gesundheit der Knochen und des Immunsystems. Kann helfen, das Risiko von Osteoporose zu verringern.<\/div><h4>Calcium:<\/h4><div>Essenziell f\u00fcr die Erhaltung gesunder Knochen und Z\u00e4hne. Unterst\u00fctzt die Muskel- und Nervenfunktion sowie die Blutgerinnung.<\/div><h4>Magnesium:<\/h4><div>Unterst\u00fctzt die Knochenstruktur und Mineralisation. Spielt eine Rolle bei \u00fcber 300 enzymatischen Reaktionen, einschlie\u00dflich der Energieproduktion und Proteinsynthese. Hilft, Muskelkr\u00e4mpfe und -schmerzen zu reduzieren.<\/div><h4>Kalium:<\/h4><div>Wichtiger Elektrolyt f\u00fcr die Muskel- und Nervenfunktion. Hilft, den Blutdruck zu regulieren und das Herz-Kreislauf-System zu unterst\u00fctzen.<\/div><h4>Zink:<\/h4><div>Unterst\u00fctzt das Immunsystem und die Wundheilung. Spielt eine Rolle bei der Zellteilung und Proteinsynthese.<\/div><h4>Mangan:<\/h4><div>Notwendig f\u00fcr die Knochenentwicklung und den Metabolismus von Aminos\u00e4uren, Cholesterin und Kohlenhydraten. Hat antioxidative Eigenschaften.<\/div><h4>Eisen:<\/h4><div>Essenziell f\u00fcr den Sauerstofftransport im Blut (H\u00e4moglobin) und die Energieproduktion. Unterst\u00fctzt die kognitive Funktion und das Immunsystem.<\/div><h4>Kupfer:<\/h4><div>Wichtig f\u00fcr die Bildung von roten Blutk\u00f6rperchen und die Eisenaufnahme. Unterst\u00fctzt die Funktion des Nervensystems und das Immunsystem.<\/div><h4>Selen:<\/h4><div>Hat antioxidative Eigenschaften, die die Zellen vor Sch\u00e4den durch freie Radikale sch\u00fctzen. Unterst\u00fctzt die Schilddr\u00fcsenfunktion und das Immunsystem.<\/div><h4>Glucosaminsulfat:<\/h4><div>Unterst\u00fctzt die Gesundheit der Gelenke durch die F\u00f6rderung der Bildung und Reparatur von Knorpel.<\/div><h4>Chondroitinsulfat:<\/h4><div>Hilft, die Elastizit\u00e4t und das Wasserbindungsverm\u00f6gen des Knorpels zu erhalten. Kann Schmerzen und Entz\u00fcndungen in den Gelenken reduzieren.<\/div><h4>Hyalurons\u00e4ure:<\/h4><div>F\u00f6rdert die Schmierung und Elastizit\u00e4t der Gelenke. Unterst\u00fctzt die Hautgesundheit durch Hydratation und Verbesserung der Hautelastizit\u00e4t.<\/div><\/div>\t\t\t\t\t\t\t\t<\/div>\n\t\t\t\t<\/div>\n\t\t\t\t\t<\/div>\n\t\t<\/div>\n\t\t\t\t\t<\/div>\n\t\t<\/section>\n\t\t\t\t<section class=\"wd-negative-gap elementor-section elementor-top-section elementor-element elementor-element-53eaa1a elementor-section-boxed elementor-section-height-default elementor-section-height-default\" data-id=\"53eaa1a\" data-element_type=\"section\" data-e-type=\"section\">\n\t\t\t\t\t\t<div class=\"elementor-container elementor-column-gap-default\">\n\t\t\t\t\t<div class=\"elementor-column elementor-col-100 elementor-top-column elementor-element elementor-element-53e322d\" data-id=\"53e322d\" data-element_type=\"column\" data-e-type=\"column\">\n\t\t\t<div class=\"elementor-widget-wrap elementor-element-populated\">\n\t\t\t\t\t\t<div class=\"elementor-element elementor-element-d3b7ecd elementor-widget elementor-widget-spacer\" data-id=\"d3b7ecd\" data-element_type=\"widget\" data-e-type=\"widget\" data-widget_type=\"spacer.default\">\n\t\t\t\t<div class=\"elementor-widget-container\">\n\t\t\t\t\t\t\t<div class=\"elementor-spacer\">\n\t\t\t<div class=\"elementor-spacer-inner\"><\/div>\n\t\t<\/div>\n\t\t\t\t\t\t<\/div>\n\t\t\t\t<\/div>\n\t\t\t\t\t<\/div>\n\t\t<\/div>\n\t\t\t\t\t<\/div>\n\t\t<\/section>\n\t\t\t\t<\/div>","protected":false},"excerpt":{"rendered":"<p>Unser YoungGo\u00ae Win Forte ist die perfekte Kombination von Mineralien, Spurenelementen und Inhaltsstoffen f\u00fcr ein sp\u00fcrbar besseres Wohlbefinden. Die Kombination<\/p>","protected":false},"author":2442,"featured_media":26826,"parent":0,"menu_order":0,"comment_status":"closed","ping_status":"closed","template":"","meta":{"_acf_changed":false,"footnotes":""},"class_list":["post-26820","page","type-page","status-publish","has-post-thumbnail","hentry"],"acf":[],"_links":{"self":[{"href":"https:\/\/shop.younggo-fit.de\/en\/wp-json\/wp\/v2\/pages\/26820","targetHints":{"allow":["GET"]}}],"collection":[{"href":"https:\/\/shop.younggo-fit.de\/en\/wp-json\/wp\/v2\/pages"}],"about":[{"href":"https:\/\/shop.younggo-fit.de\/en\/wp-json\/wp\/v2\/types\/page"}],"author":[{"embeddable":true,"href":"https:\/\/shop.younggo-fit.de\/en\/wp-json\/wp\/v2\/users\/2442"}],"replies":[{"embeddable":true,"href":"https:\/\/shop.younggo-fit.de\/en\/wp-json\/wp\/v2\/comments?post=26820"}],"version-history":[{"count":0,"href":"https:\/\/shop.younggo-fit.de\/en\/wp-json\/wp\/v2\/pages\/26820\/revisions"}],"wp:featuredmedia":[{"embeddable":true,"href":"https:\/\/shop.younggo-fit.de\/en\/wp-json\/wp\/v2\/media\/26826"}],"wp:attachment":[{"href":"https:\/\/shop.younggo-fit.de\/en\/wp-json\/wp\/v2\/media?parent=26820"}],"curies":[{"name":"wp","href":"https:\/\/api.w.org\/{rel}","templated":true}]}}