{"id":29564,"date":"2024-09-30T11:57:30","date_gmt":"2024-09-30T09:57:30","guid":{"rendered":"https:\/\/younggo-fit.de\/?page_id=29564"},"modified":"2025-05-23T17:53:24","modified_gmt":"2025-05-23T15:53:24","slug":"quella-pro","status":"publish","type":"page","link":"https:\/\/shop.younggo-fit.de\/en\/quella-pro\/","title":{"rendered":"Quella Pro"},"content":{"rendered":"<div data-elementor-type=\"wp-page\" data-elementor-id=\"29564\" class=\"elementor elementor-29564\" data-elementor-post-type=\"page\">\n\t\t\t\t\t\t<section class=\"wd-negative-gap elementor-section elementor-top-section elementor-element elementor-element-0d13bd6 elementor-section-boxed elementor-section-height-default elementor-section-height-default\" data-id=\"0d13bd6\" data-element_type=\"section\" data-e-type=\"section\">\n\t\t\t\t\t\t<div class=\"elementor-container elementor-column-gap-default\">\n\t\t\t\t\t<div class=\"elementor-column elementor-col-100 elementor-top-column elementor-element elementor-element-8cfb653\" data-id=\"8cfb653\" data-element_type=\"column\" data-e-type=\"column\">\n\t\t\t<div class=\"elementor-widget-wrap elementor-element-populated\">\n\t\t\t\t\t\t<div class=\"elementor-element elementor-element-4896750 color-scheme-inherit text-left elementor-widget elementor-widget-text-editor\" data-id=\"4896750\" data-element_type=\"widget\" data-e-type=\"widget\" data-widget_type=\"text-editor.default\">\n\t\t\t\t<div class=\"elementor-widget-container\">\n\t\t\t\t\t\t\t\t\t<h2><strong>Osmoseanlage Quella Pro<br \/><\/strong><\/h2><p>Die <strong>Quella Pro White Edition oder Black Edition<\/strong> von Filterplatz ist eine hochwertige Osmoseanlage, die dank ihrer <strong>7-stufigen Filtertechnologie<\/strong> sauberes, gefiltertes Wasser bietet. Sie verwendet unter anderem eine <strong>Osmosemembran<\/strong> sowie eine <strong>Mineralisierung<\/strong> zur Verbesserung der Wasserqualit\u00e4t. Besonders praktisch ist die <strong>Wassererhitzungsfunktion<\/strong>, die Wasser innerhalb von <strong>3 Sekunden auf bis zu 100\u00b0C<\/strong> erhitzen kann. Die Temperatur ist in <strong>6 Stufen<\/strong> einstellbar. Der abnehmbare Wassertank macht einen festen Anschluss \u00fcberfl\u00fcssig. Ein <strong>Touchscreen<\/strong> informiert \u00fcber den Zustand der Filter und die Wasserqualit\u00e4t.<\/p><p>Zus\u00e4tzliche Features sind der <strong>h\u00f6here Auslass<\/strong>, der gr\u00f6\u00dfere Gef\u00e4\u00dfe zul\u00e4sst, und das stilvolle Design in <strong>Wei\u00df oder Schwarz<\/strong>.<\/p><p>\u00a0<\/p>\t\t\t\t\t\t\t\t<\/div>\n\t\t\t\t<\/div>\n\t\t\t\t\t<\/div>\n\t\t<\/div>\n\t\t\t\t\t<\/div>\n\t\t<\/section>\n\t\t\t\t<section class=\"wd-negative-gap elementor-section elementor-top-section elementor-element elementor-element-c9d2d02 elementor-section-boxed elementor-section-height-default elementor-section-height-default\" data-id=\"c9d2d02\" data-element_type=\"section\" data-e-type=\"section\">\n\t\t\t\t\t\t<div class=\"elementor-container elementor-column-gap-default\">\n\t\t\t\t\t<div class=\"elementor-column elementor-col-100 elementor-top-column elementor-element elementor-element-a09a545\" data-id=\"a09a545\" data-element_type=\"column\" data-e-type=\"column\">\n\t\t\t<div class=\"elementor-widget-wrap elementor-element-populated\">\n\t\t\t\t\t\t<div class=\"elementor-element elementor-element-03108e4 elementor-widget elementor-widget-video\" data-id=\"03108e4\" data-element_type=\"widget\" data-e-type=\"widget\" data-settings=\"{&quot;youtube_url&quot;:&quot;https:\\\/\\\/www.youtube.com\\\/watch?v=nCZqLe9nZCk&amp;t=50s&quot;,&quot;video_type&quot;:&quot;youtube&quot;,&quot;controls&quot;:&quot;yes&quot;}\" data-widget_type=\"video.default\">\n\t\t\t\t<div class=\"elementor-widget-container\">\n\t\t\t\t\t\t\t<div class=\"elementor-wrapper elementor-open-inline\">\n\t\t\t<div class=\"elementor-video\"><\/div>\t\t<\/div>\n\t\t\t\t\t\t<\/div>\n\t\t\t\t<\/div>\n\t\t\t\t\t<\/div>\n\t\t<\/div>\n\t\t\t\t\t<\/div>\n\t\t<\/section>\n\t\t\t\t<section class=\"wd-negative-gap elementor-section elementor-top-section elementor-element elementor-element-3593199 elementor-section-boxed elementor-section-height-default elementor-section-height-default\" data-id=\"3593199\" data-element_type=\"section\" data-e-type=\"section\">\n\t\t\t\t\t\t<div class=\"elementor-container elementor-column-gap-default\">\n\t\t\t\t\t<div class=\"elementor-column elementor-col-100 elementor-top-column elementor-element elementor-element-2ba2253\" data-id=\"2ba2253\" data-element_type=\"column\" data-e-type=\"column\">\n\t\t\t<div class=\"elementor-widget-wrap elementor-element-populated\">\n\t\t\t\t\t\t<div class=\"elementor-element elementor-element-2cb470d elementor-widget elementor-widget-spacer\" data-id=\"2cb470d\" data-element_type=\"widget\" data-e-type=\"widget\" data-widget_type=\"spacer.default\">\n\t\t\t\t<div class=\"elementor-widget-container\">\n\t\t\t\t\t\t\t<div class=\"elementor-spacer\">\n\t\t\t<div class=\"elementor-spacer-inner\"><\/div>\n\t\t<\/div>\n\t\t\t\t\t\t<\/div>\n\t\t\t\t<\/div>\n\t\t\t\t\t<\/div>\n\t\t<\/div>\n\t\t\t\t\t<\/div>\n\t\t<\/section>\n\t\t\t\t<\/div>","protected":false},"excerpt":{"rendered":"<p>Osmoseanlage Quella Pro Die Quella Pro White Edition oder Black Edition von Filterplatz ist eine hochwertige Osmoseanlage, die dank ihrer<\/p>","protected":false},"author":2442,"featured_media":29600,"parent":0,"menu_order":0,"comment_status":"closed","ping_status":"closed","template":"","meta":{"_acf_changed":false,"footnotes":""},"class_list":["post-29564","page","type-page","status-publish","has-post-thumbnail","hentry"],"acf":[],"_links":{"self":[{"href":"https:\/\/shop.younggo-fit.de\/en\/wp-json\/wp\/v2\/pages\/29564","targetHints":{"allow":["GET"]}}],"collection":[{"href":"https:\/\/shop.younggo-fit.de\/en\/wp-json\/wp\/v2\/pages"}],"about":[{"href":"https:\/\/shop.younggo-fit.de\/en\/wp-json\/wp\/v2\/types\/page"}],"author":[{"embeddable":true,"href":"https:\/\/shop.younggo-fit.de\/en\/wp-json\/wp\/v2\/users\/2442"}],"replies":[{"embeddable":true,"href":"https:\/\/shop.younggo-fit.de\/en\/wp-json\/wp\/v2\/comments?post=29564"}],"version-history":[{"count":0,"href":"https:\/\/shop.younggo-fit.de\/en\/wp-json\/wp\/v2\/pages\/29564\/revisions"}],"wp:featuredmedia":[{"embeddable":true,"href":"https:\/\/shop.younggo-fit.de\/en\/wp-json\/wp\/v2\/media\/29600"}],"wp:attachment":[{"href":"https:\/\/shop.younggo-fit.de\/en\/wp-json\/wp\/v2\/media?parent=29564"}],"curies":[{"name":"wp","href":"https:\/\/api.w.org\/{rel}","templated":true}]}}