{"id":30363,"date":"2025-02-03T07:45:00","date_gmt":"2025-02-03T06:45:00","guid":{"rendered":"https:\/\/younggo-fit.de\/?page_id=30363"},"modified":"2025-04-04T11:09:09","modified_gmt":"2025-04-04T09:09:09","slug":"preisanpassungen-ab-april-2025","status":"publish","type":"page","link":"https:\/\/shop.younggo-fit.de\/en\/preisanpassungen-ab-april-2025\/","title":{"rendered":"Preisanpassung ab dem 01.05.2025"},"content":{"rendered":"<div data-elementor-type=\"wp-page\" data-elementor-id=\"30363\" class=\"elementor elementor-30363\" data-elementor-post-type=\"page\">\n\t\t\t\t\t\t<section class=\"wd-negative-gap elementor-section elementor-top-section elementor-element elementor-element-16a7b55 elementor-section-boxed elementor-section-height-default elementor-section-height-default\" data-id=\"16a7b55\" data-element_type=\"section\" data-e-type=\"section\">\n\t\t\t\t\t\t<div class=\"elementor-container elementor-column-gap-default\">\n\t\t\t\t\t<div class=\"elementor-column elementor-col-100 elementor-top-column elementor-element elementor-element-30c6a09\" data-id=\"30c6a09\" data-element_type=\"column\" data-e-type=\"column\">\n\t\t\t<div class=\"elementor-widget-wrap elementor-element-populated\">\n\t\t\t\t\t\t<div class=\"elementor-element elementor-element-b51088c color-scheme-inherit text-left elementor-widget elementor-widget-text-editor\" data-id=\"b51088c\" data-element_type=\"widget\" data-e-type=\"widget\" data-widget_type=\"text-editor.default\">\n\t\t\t\t<div class=\"elementor-widget-container\">\n\t\t\t\t\t\t\t\t\t<p>Seit \u00fcber f\u00fcnf Jahren haben wir die Preise f\u00fcr viele unserer Produkte stabil gehalten, bei einigen sogar deutlich gesenkt (YoungGo<sup>\u00ae<\/sup> Red,YoungGo<sup>\u00ae<\/sup> Sun und YoungGo<sup>\u00ae<\/sup> Green)\u2013 was in der aktuellen Zeit alles andere als selbstverst\u00e4ndlich ist. Doch nach st\u00e4ndigen Teuerungen in der Rohstoffbeschaffung m\u00fcssen wir nun bei den restlichen Produkten eine moderate Preisanpassung\u00a0 von max.5 % vornehmen.<\/p><p>Um euch in der Disposition zu unterst\u00fczen, k\u00f6nnt ihr bis zum 31.03.2025 noch zum alten Preisen bestellen. Falls euer Warenkorb dabei Produkte enth\u00e4lt, die derzeit nicht lieferbar sind (wie z. B. das YoungGo<sup>\u00ae<\/sup> Energy), liefern wir euch diese selbstverst\u00e4ndlich kostenfrei nach, sobald diese wieder auf Lager sind.\u00a0<\/p>\t\t\t\t\t\t\t\t<\/div>\n\t\t\t\t<\/div>\n\t\t\t\t<div class=\"elementor-element elementor-element-c668f2a color-scheme-inherit text-left elementor-widget elementor-widget-text-editor\" data-id=\"c668f2a\" data-element_type=\"widget\" data-e-type=\"widget\" data-widget_type=\"text-editor.default\">\n\t\t\t\t<div class=\"elementor-widget-container\">\n\t\t\t\t\t\t\t\t\t<table style=\"border-collapse: collapse; width: 100%;\" border=\"1\" cellspacing=\"0\" cellpadding=\"5\"><thead><tr><th>Artikel<\/th><th>Artikelnummer<\/th><th>Clubpreis<\/th><th>Neuer Produkt<br \/>Preis ab 2025<\/th><\/tr><\/thead><tbody><tr><td>fit-xsund Club<\/td><td>1000<\/td><td>\u00a0<\/td><td>9,70 EUR<\/td><\/tr><tr><td>YoungGo Probioghurt DRINK Basic<\/td><td>1001<\/td><td>22,70 EUR<\/td><td>23,70 EUR<\/td><\/tr><tr><td>YoungGo Probioghurt DRINK Familypack<\/td><td>1002<\/td><td>59,70 EUR<\/td><td>61,70 EUR<\/td><\/tr><tr><td>Yogurteria<\/td><td>1003<\/td><td>29,90 EUR<\/td><td>32,70 EUR<\/td><\/tr><tr><td>Probioghurt Starterkit<\/td><td>1004<\/td><td>37,70 EUR<\/td><td>39,70 EUR<\/td><\/tr><tr><td>YoungGo SUN<\/td><td>1005<\/td><td>17,70 EUR<\/td><td>18,70 EUR<\/td><\/tr><tr><td>YoungGo Serum Q10<\/td><td>1006<\/td><td>48,70 EUR<\/td><td>49,70 EUR<\/td><\/tr><tr><td>YoungGo Green<\/td><td>1007<\/td><td>49,70 EUR<\/td><td>52,70 EUR<\/td><\/tr><tr><td>YoungGo Immunbooster<\/td><td>1008<\/td><td>63,70 EUR<\/td><td>67,70 EUR<\/td><\/tr><tr><td>YoungGo Energy Advanced<\/td><td>1100<\/td><td>41,70 EUR<\/td><td>43,70 EUR<\/td><\/tr><tr><td>YoungGo Force<\/td><td>1101<\/td><td>39,70 EUR<\/td><td>42,70 EUR<\/td><\/tr><tr><td>YoungGo Power on<\/td><td>1102<\/td><td>\u00a0<\/td><td>\u00a0<\/td><\/tr><tr><td>YoungGo Win Forte<\/td><td>1200<\/td><td>42,70 EUR<\/td><td>44,70 EUR<\/td><\/tr><tr><td>YoungGo Artho Plus<\/td><td>1201<\/td><td>92,70 EUR<\/td><td>94,70 EUR<\/td><\/tr><tr><td>YoungGo Leberfit ohne Girmi<\/td><td>1202<\/td><td>134,70 EUR<\/td><td>139,70 EUR<\/td><\/tr><tr><td>YoungGo Leberfit mit Girmi<\/td><td>1203<\/td><td>164,70 EUR<\/td><td>169,70 EUR<\/td><\/tr><tr><td>YoungGo Leberfit Partner ohne Girmi<\/td><td>1204<\/td><td>269,70 EUR<\/td><td>274,70 EUR<\/td><\/tr><tr><td>YoungGO Leberfit Partner mit Girmi<\/td><td>1205<\/td><td>289,70 EUR<\/td><td>299,70 EUR<\/td><\/tr><tr><td>YoungGo RED<\/td><td>1300<\/td><td>17,70 EUR<\/td><td>18,70 EUR<\/td><\/tr><tr><td>YoungGo RED XL<\/td><td>1301<\/td><td>27,70 EUR<\/td><td>29,70 EUR<\/td><\/tr><tr><td>YoungGo Q10 Granulat<\/td><td>1302<\/td><td>40,70 EUR<\/td><td>41,70 EUR<\/td><\/tr><tr><td>YoungGo Herzbooster<\/td><td>1303<\/td><td>87,70 EUR<\/td><td>89,70 EUR<\/td><\/tr><tr><td>YoungGo Eiwei\u00df Vanille<\/td><td>1400<\/td><td>49,70 EUR<\/td><td>51,70 EUR<\/td><\/tr><tr><td>YoungGo Eiwei\u00df Schoko<\/td><td>1401<\/td><td>49,70 EUR<\/td><td>51,70 EUR<\/td><\/tr><tr><td>YoungGo Eiwei\u00df Kirsch<\/td><td>1402<\/td><td>49,70 EUR<\/td><td>51,70 EUR<\/td><\/tr><tr><td>YoungGo Mover<\/td><td>1403<\/td><td>112,70 EUR<\/td><td>118,70 EUR<\/td><\/tr><tr><td>YoungGo Mover Schlaufen (1Paar)<\/td><td>1404<\/td><td>12,95 EUR<\/td><td>12,95 EUR<\/td><\/tr><tr><td>YoungGo Mover Tubes (1Paar)<\/td><td>1405<\/td><td>9,70 EUR<\/td><td>9,70 EUR<\/td><\/tr><tr><td>YoungGo Mover Deckel<\/td><td>1406<\/td><td>6,70 EUR<\/td><td>6,70 EUR<\/td><\/tr><tr><td>Mariendistel<\/td><td>1500<\/td><td>9,90 EUR<\/td><td>9,90 EUR<\/td><\/tr><tr><td>Shaker<\/td><td>1501<\/td><td>9,70 EUR<\/td><td>9,70 EUR<\/td><\/tr><tr><td>Tragbarer Mixer<\/td><td>1502<\/td><td>12,70 EUR<\/td><td>12,70 EUR<\/td><\/tr><tr><td>Tulpenweckglas<\/td><td>1503<\/td><td>3,50 EUR<\/td><td>3,70 EUR<\/td><\/tr><\/tbody><\/table>\t\t\t\t\t\t\t\t<\/div>\n\t\t\t\t<\/div>\n\t\t\t\t\t<\/div>\n\t\t<\/div>\n\t\t\t\t\t<\/div>\n\t\t<\/section>\n\t\t\t\t<\/div>","protected":false},"excerpt":{"rendered":"<p>Seit \u00fcber f\u00fcnf Jahren haben wir die Preise f\u00fcr viele unserer Produkte stabil gehalten, bei einigen sogar deutlich gesenkt (YoungGo\u00ae<\/p>","protected":false},"author":2442,"featured_media":30412,"parent":0,"menu_order":0,"comment_status":"closed","ping_status":"closed","template":"","meta":{"_acf_changed":false,"footnotes":""},"class_list":["post-30363","page","type-page","status-publish","has-post-thumbnail","hentry"],"acf":[],"_links":{"self":[{"href":"https:\/\/shop.younggo-fit.de\/en\/wp-json\/wp\/v2\/pages\/30363","targetHints":{"allow":["GET"]}}],"collection":[{"href":"https:\/\/shop.younggo-fit.de\/en\/wp-json\/wp\/v2\/pages"}],"about":[{"href":"https:\/\/shop.younggo-fit.de\/en\/wp-json\/wp\/v2\/types\/page"}],"author":[{"embeddable":true,"href":"https:\/\/shop.younggo-fit.de\/en\/wp-json\/wp\/v2\/users\/2442"}],"replies":[{"embeddable":true,"href":"https:\/\/shop.younggo-fit.de\/en\/wp-json\/wp\/v2\/comments?post=30363"}],"version-history":[{"count":0,"href":"https:\/\/shop.younggo-fit.de\/en\/wp-json\/wp\/v2\/pages\/30363\/revisions"}],"wp:featuredmedia":[{"embeddable":true,"href":"https:\/\/shop.younggo-fit.de\/en\/wp-json\/wp\/v2\/media\/30412"}],"wp:attachment":[{"href":"https:\/\/shop.younggo-fit.de\/en\/wp-json\/wp\/v2\/media?parent=30363"}],"curies":[{"name":"wp","href":"https:\/\/api.w.org\/{rel}","templated":true}]}}