{"id":31273,"date":"2025-05-02T12:42:36","date_gmt":"2025-05-02T10:42:36","guid":{"rendered":"https:\/\/younggo-fit.de\/?page_id=31273"},"modified":"2025-06-24T08:36:46","modified_gmt":"2025-06-24T06:36:46","slug":"agb-fit-xsund-club","status":"publish","type":"page","link":"https:\/\/shop.younggo-fit.de\/en\/agb-fit-xsund-club\/","title":{"rendered":"Allgemeine Gesch\u00e4ftsbedingungen (AGB) f\u00fcr den FitXsund Club"},"content":{"rendered":"<div data-elementor-type=\"wp-page\" data-elementor-id=\"31273\" class=\"elementor elementor-31273\" data-elementor-post-type=\"page\">\n\t\t\t\t<div class=\"elementor-element elementor-element-b80a571 e-con-full e-flex e-con e-parent\" data-id=\"b80a571\" data-element_type=\"container\" data-e-type=\"container\">\n\t\t\t\t<div class=\"elementor-element elementor-element-4bce195 color-scheme-inherit text-left elementor-widget elementor-widget-text-editor\" data-id=\"4bce195\" data-element_type=\"widget\" data-e-type=\"widget\" data-widget_type=\"text-editor.default\">\n\t\t\t\t<div class=\"elementor-widget-container\">\n\t\t\t\t\t\t\t\t\t<p>Pr\u00e4ambel<br \/>Die FitXsund.de GmbH bietet unter der Bezeichnung &#8222;FitXsund Club&#8220; eine Mitgliedschaft an, die den Mitgliedern den Zugang zu bestimmten Vorteilen im Online-Shop unter der Domain younggo-fit.de erm\u00f6glicht. Betreiberin dieses Online-Shops sowie Anbieterin von freiwilligen Zusatzleistungen (z. B. Webinare und Seminare) ist die Global Well International GmbH &amp; Co. KG, Ravensburger Stra\u00dfe 18, 88677 Markdorf, HRA 708000, Amtsgericht Freiburg.<\/p><p>Die FitXsund.de GmbH ist im Rahmen einer Kooperation mit der Global Well International GmbH &amp; Co. KG f\u00fcr die Organisation und Verwaltung der Clubmitgliedschaft verantwortlich. Dies umfasst insbesondere die Vergabe von Warengutscheinen sowie die Erm\u00f6glichung des Zugangs zu exklusiven Clubpreisen.<\/p><p>Der Warenkauf, die Zahlungsabwicklung, der Versand sowie die Durchf\u00fchrung der freiwilligen Zusatzleistungen erfolgen ausschlie\u00dflich durch die Global Well International GmbH &amp; Co. KG. Mit Abschluss der Mitgliedschaft im FitXsund Club kommt ein Vertragsverh\u00e4ltnis ausschlie\u00dflich zwischen dem Mitglied und der FitXsund.de GmbH zustande.<\/p><h2>1. Geltungsbereich<\/h2><p>Diese Allgemeinen Gesch\u00e4ftsbedingungen (AGB) gelten f\u00fcr alle Mitgliedschaften und damit verbundenen Leistungen zwischen der FitXsund.de GmbH, D\u00fcrerstra\u00dfe 30, 08527 Plauen, vertreten durch die Gesch\u00e4ftsf\u00fchrerin Nadja B\u00e4chle (nachfolgend &#8222;Club&#8220; genannt) und den Mitgliedern (nachfolgend &#8222;Mitglied&#8220; genannt). Abweichende Bedingungen des Mitglieds werden nicht anerkannt, es sei denn, der Club stimmt ihrer Geltung ausdr\u00fccklich zu.<\/p><h2>2. Mitgliedschaft<\/h2><p>Die Mitgliedschaft im FitXsund Club kann ausschlie\u00dflich \u00fcber den Online-Shop unter der Domain younggo-fit.de durch Bestellung des sogenannten Clubartikels (Artikelnummer: 1000) beantragt werden. Mit der Bestellung gibt das Mitglied ein verbindliches Angebot auf Abschluss einer Clubmitgliedschaft mit der FitXsund.de GmbH ab. Der Vertrag \u00fcber die Mitgliedschaft kommt erst mit der ausdr\u00fccklichen Annahme durch die FitXsund.de GmbH zustande, die in Form einer Best\u00e4tigung per E-Mail erfolgt. Erst mit dieser Best\u00e4tigung beginnt die Mitgliedschaft und die damit verbundenen Rechte und Pflichten.<\/p><h2>3. Laufzeit und K\u00fcndigung<\/h2><p>Die Mindestlaufzeit der Mitgliedschaft betr\u00e4gt drei Monate. Nach Ablauf der Mindestlaufzeit kann die Mitgliedschaft jederzeit mit Wirkung zum Ende des laufenden Monats gek\u00fcndigt werden. Die K\u00fcndigung ist schriftlich per E-Mail an info@fitXsund.de zu richten.<\/p><h2>4. Monatsbeitrag und Zahlungsbedingungen<\/h2><p>Der monatliche Mitgliedsbeitrag betr\u00e4gt 9,70 EUR (inkl. MwSt.). Die Zahlung erfolgt im Rahmen einer automatisierten, wiederkehrenden Zahlung \u00fcber PayPal. Voraussetzung ist ein aktives PayPal-Konto sowie die Zustimmung des Mitglieds zur automatischen Abbuchung. Es gelten erg\u00e4nzend die Nutzungsbedingungen von PayPal (www.paypal.com).<\/p><p>Die FitXsund.de GmbH ist f\u00fcr die Abwicklung der Beitragszahlungen einschlie\u00dflich des Inkassos verantwortlich. Die Bereitstellung des monatlichen Warengutscheins sowie der Zugang zu den Clubpreisen erfolgen ausschlie\u00dflich bei ordnungsgem\u00e4\u00dfem Zahlungseingang des Mitgliedsbeitrags. Ger\u00e4t das Mitglied mit der Zahlung in Verzug, ist der Club berechtigt, die Bereitstellung des Gutscheins sowie den Zugang zu den Clubvorteilen bis zur vollst\u00e4ndigen Begleichung der offenen Forderung auszusetzen.<\/p><p>Der Club beh\u00e4lt sich das Recht vor, den monatlichen Mitgliedsbeitrag bei \u00c4nderungen der Marktbedingungen, gestiegenen Kosten oder einer Erweiterung der Leistungen anzupassen. \u00dcber eine Beitragserh\u00f6hung wird das Mitglied sp\u00e4testens vier Wochen vor Inkrafttreten in Textform informiert. Betr\u00e4gt die Erh\u00f6hung mehr als 10 % des bisherigen Beitrags, steht dem Mitglied ein Sonderk\u00fcndigungsrecht zu, welches bis zum Wirksamwerden der Erh\u00f6hung ausge\u00fcbt werden kann.<\/p><p>\u00c4ndert sich der gesetzliche Mehrwertsteuersatz, so wird der Mitgliedsbeitrag entsprechend angepasst. In diesem Fall besteht kein Sonderk\u00fcndigungsrecht.<\/p><h2>5. Leistungen des Clubs<\/h2><p>Die FitXsund.de GmbH erbringt im Rahmen einer Kooperation mit der Global Well International GmbH &amp; Co. KG, Ravensburger Stra\u00dfe 18, 88677 Markdorf, HRA 708000, Amtsgericht Freiburg, die Bereitstellung der Clubvorteile. Dazu z\u00e4hlt insbesondere die monatliche Vergabe von Warengutscheinen sowie die Erm\u00f6glichung des Zugangs zu exklusiven Clubpreisen im Online-Shop unter der Domain younggo-fit.de. Die Bestellung von Waren, die Zahlungsabwicklung, der Versand sowie s\u00e4mtliche Anspr\u00fcche aus dem Warenkauf erfolgen ausschlie\u00dflich im Verantwortungsbereich der Global Well International GmbH &amp; Co. KG als Betreiberin von younggo-fit.de. Die FitXsund.de GmbH ist nicht Vertragspartner bei Warenbestellungen.<\/p><p>Das Mitglied erh\u00e4lt zu Monatsbeginn einen Warengutschein im Wert von 10 EUR. Der Gutschein ist ausschlie\u00dflich im jeweiligen Kalendermonat g\u00fcltig, nicht \u00fcbertragbar, nicht bar auszahlbar und kann nur im Online-Shop von younggo-fit.de eingel\u00f6st werden. Pro Bestellung ist maximal ein Gutschein einl\u00f6sbar und der Mindestbestellwert der Bestellung muss 50,00 \u20ac betragen.<\/p><h2>6. Webinare, Seminare und Zusatzleistungen der Global Well International GmbH &amp; Co. KG<\/h2><p>Mit der Mitgliedschaft im FitXsund Club erh\u00e4lt das Mitglied Zugang zu freiwilligen Zusatzleistungen, die von der Global Well International GmbH &amp; Co. KG angeboten werden. Hierzu z\u00e4hlen insbesondere Webinare, Seminare sowie digitale Inhalte. Die Durchf\u00fchrung dieser Veranstaltungen liegt ausschlie\u00dflich im Verantwortungsbereich der Global Well International GmbH &amp; Co. KG. Es besteht kein Anspruch auf regelm\u00e4\u00dfige oder bestimmte Veranstaltungen. Die FitXsund.de GmbH schuldet weder die Durchf\u00fchrung noch die Qualit\u00e4t oder Verf\u00fcgbarkeit dieser Leistungen.<\/p><p>Die Veranstaltungen dienen ausschlie\u00dflich der Information und Weiterbildung. Eine Haftung der FitXsund.de GmbH f\u00fcr die Richtigkeit, Vollst\u00e4ndigkeit oder Aktualit\u00e4t der vermittelten Inhalte ist ausgeschlossen. Die Anwendung der vermittelten Kenntnisse erfolgt auf eigene Verantwortung des Mitglieds. Ebenso haftet die FitXsund.de GmbH nicht f\u00fcr technische St\u00f6rungen oder Ausf\u00e4lle, die die Teilnahme an Veranstaltungen beeintr\u00e4chtigen oder verhindern.<\/p><h2>7. Haftung<\/h2><p>Die Haftung der FitXsund.de GmbH f\u00fcr die Bereitstellung der Clubvorteile beschr\u00e4nkt sich im Falle einer Pflichtverletzung auf die H\u00f6he des monatlichen Gutscheinwertes von 10 EUR. Weitergehende Anspr\u00fcche sind ausgeschlossen, sofern nicht Vorsatz oder grobe Fahrl\u00e4ssigkeit vorliegen oder es sich um Sch\u00e4den aus der Verletzung von Leben, K\u00f6rper oder Gesundheit handelt.<\/p><h2>8. Datenschutz<\/h2><p>Der Club erhebt, verarbeitet und nutzt personenbezogene Daten des Mitglieds ausschlie\u00dflich im Rahmen der gesetzlichen Bestimmungen der DSGVO. Details sind in der Datenschutzerkl\u00e4rung geregelt, die dem Mitglied vor Vertragsabschluss zur Verf\u00fcgung gestellt wird und auf der Website des Clubs einsehbar ist.<\/p><h2>9. Schlussbestimmungen<\/h2><p>Es gilt das Recht der Bundesrepublik Deutschland unter Ausschluss des UN-Kaufrechts. Sofern das Mitglied Kaufmann, juristische Person des \u00f6ffentlichen Rechts oder \u00f6ffentlich-rechtliches Sonderverm\u00f6gen ist, ist Gerichtsstand Plauen. <br \/>Sollten einzelne Bestimmungen dieser AGB unwirksam sein, bleibt die Wirksamkeit der \u00fcbrigen Bestimmungen unber\u00fchrt.<\/p>\t\t\t\t\t\t\t\t<\/div>\n\t\t\t\t<\/div>\n\t\t\t\t<\/div>\n\t\t\t\t<\/div>","protected":false},"excerpt":{"rendered":"<p>Pr\u00e4ambelDie FitXsund.de GmbH bietet unter der Bezeichnung &#8222;FitXsund Club&#8220; eine Mitgliedschaft an, die den Mitgliedern den Zugang zu bestimmten Vorteilen<\/p>","protected":false},"author":2442,"featured_media":0,"parent":0,"menu_order":0,"comment_status":"closed","ping_status":"closed","template":"custom-page-template.php","meta":{"_acf_changed":false,"footnotes":""},"class_list":["post-31273","page","type-page","status-publish","hentry"],"acf":[],"_links":{"self":[{"href":"https:\/\/shop.younggo-fit.de\/en\/wp-json\/wp\/v2\/pages\/31273","targetHints":{"allow":["GET"]}}],"collection":[{"href":"https:\/\/shop.younggo-fit.de\/en\/wp-json\/wp\/v2\/pages"}],"about":[{"href":"https:\/\/shop.younggo-fit.de\/en\/wp-json\/wp\/v2\/types\/page"}],"author":[{"embeddable":true,"href":"https:\/\/shop.younggo-fit.de\/en\/wp-json\/wp\/v2\/users\/2442"}],"replies":[{"embeddable":true,"href":"https:\/\/shop.younggo-fit.de\/en\/wp-json\/wp\/v2\/comments?post=31273"}],"version-history":[{"count":0,"href":"https:\/\/shop.younggo-fit.de\/en\/wp-json\/wp\/v2\/pages\/31273\/revisions"}],"wp:attachment":[{"href":"https:\/\/shop.younggo-fit.de\/en\/wp-json\/wp\/v2\/media?parent=31273"}],"curies":[{"name":"wp","href":"https:\/\/api.w.org\/{rel}","templated":true}]}}