{"id":31823,"date":"2025-07-02T07:54:32","date_gmt":"2025-07-02T05:54:32","guid":{"rendered":"https:\/\/younggo-fit.de\/?page_id=31823"},"modified":"2025-07-03T09:28:40","modified_gmt":"2025-07-03T07:28:40","slug":"younggo-power-on","status":"publish","type":"page","link":"https:\/\/shop.younggo-fit.de\/en\/younggo-power-on\/","title":{"rendered":"YoungGo\u00ae Power On"},"content":{"rendered":"<div data-elementor-type=\"wp-page\" data-elementor-id=\"31823\" class=\"elementor elementor-31823\" data-elementor-post-type=\"page\">\n\t\t\t\t<div class=\"wd-negative-gap elementor-element elementor-element-7dd14c8 e-flex e-con-boxed e-con e-parent\" data-id=\"7dd14c8\" data-element_type=\"container\" data-e-type=\"container\">\n\t\t\t\t\t<div class=\"e-con-inner\">\n\t\t\t\t<div class=\"elementor-element elementor-element-392d960 color-scheme-inherit text-left elementor-widget elementor-widget-text-editor\" data-id=\"392d960\" data-element_type=\"widget\" data-e-type=\"widget\" data-widget_type=\"text-editor.default\">\n\t\t\t\t<div class=\"elementor-widget-container\">\n\t\t\t\t\t\t\t\t\t<h3><strong>YoungGo<sup>\u00ae<\/sup> Power On<\/strong><\/h3><h4>Deine neue Powerquelle mit hochwertigem Kollagen und Stevia!<\/h4>\t\t\t\t\t\t\t\t<\/div>\n\t\t\t\t<\/div>\n\t\t\t\t\t<\/div>\n\t\t\t\t<\/div>\n\t\t<div class=\"wd-negative-gap elementor-element elementor-element-921c2c9 e-flex e-con-boxed e-con e-parent\" data-id=\"921c2c9\" data-element_type=\"container\" data-e-type=\"container\">\n\t\t\t\t\t<div class=\"e-con-inner\">\n\t\t<div class=\"elementor-element elementor-element-91b8a8e e-con-full e-flex e-con e-child\" data-id=\"91b8a8e\" data-element_type=\"container\" data-e-type=\"container\">\n\t\t\t\t<div class=\"elementor-element elementor-element-8d0fa6e elementor-widget elementor-widget-image\" data-id=\"8d0fa6e\" data-element_type=\"widget\" data-e-type=\"widget\" data-widget_type=\"image.default\">\n\t\t\t\t<div class=\"elementor-widget-container\">\n\t\t\t\t\t\t\t\t\t\t\t\t\t\t\t<img loading=\"lazy\" decoding=\"async\" width=\"300\" height=\"300\" src=\"https:\/\/shop.younggo-fit.de\/wp-content\/uploads\/2025\/07\/Ingo-presentiert-Power-ON-02-300x300.png\" class=\"attachment-medium size-medium wp-image-31876\" alt=\"\" srcset=\"https:\/\/shop.younggo-fit.de\/wp-content\/uploads\/2025\/07\/Ingo-presentiert-Power-ON-02-300x300.png 300w, https:\/\/shop.younggo-fit.de\/wp-content\/uploads\/2025\/07\/Ingo-presentiert-Power-ON-02-430x430.png 430w, https:\/\/shop.younggo-fit.de\/wp-content\/uploads\/2025\/07\/Ingo-presentiert-Power-ON-02-190x190.png 190w, https:\/\/shop.younggo-fit.de\/wp-content\/uploads\/2025\/07\/Ingo-presentiert-Power-ON-02-700x700.png 700w, https:\/\/shop.younggo-fit.de\/wp-content\/uploads\/2025\/07\/Ingo-presentiert-Power-ON-02-150x150.png 150w, https:\/\/shop.younggo-fit.de\/wp-content\/uploads\/2025\/07\/Ingo-presentiert-Power-ON-02-768x768.png 768w, https:\/\/shop.younggo-fit.de\/wp-content\/uploads\/2025\/07\/Ingo-presentiert-Power-ON-02-12x12.png 12w, https:\/\/shop.younggo-fit.de\/wp-content\/uploads\/2025\/07\/Ingo-presentiert-Power-ON-02-512x512.png 512w, https:\/\/shop.younggo-fit.de\/wp-content\/uploads\/2025\/07\/Ingo-presentiert-Power-ON-02-915x915.png 915w, https:\/\/shop.younggo-fit.de\/wp-content\/uploads\/2025\/07\/Ingo-presentiert-Power-ON-02-600x600.png 600w, https:\/\/shop.younggo-fit.de\/wp-content\/uploads\/2025\/07\/Ingo-presentiert-Power-ON-02-393x393.png 393w, https:\/\/shop.younggo-fit.de\/wp-content\/uploads\/2025\/07\/Ingo-presentiert-Power-ON-02-290x290.png 290w, https:\/\/shop.younggo-fit.de\/wp-content\/uploads\/2025\/07\/Ingo-presentiert-Power-ON-02-60x60.png 60w, https:\/\/shop.younggo-fit.de\/wp-content\/uploads\/2025\/07\/Ingo-presentiert-Power-ON-02.png 1024w\" sizes=\"auto, (max-width: 300px) 100vw, 300px\" \/>\t\t\t\t\t\t\t\t\t\t\t\t\t\t\t<\/div>\n\t\t\t\t<\/div>\n\t\t\t\t<\/div>\n\t\t<div class=\"elementor-element elementor-element-e9394a2 e-con-full e-flex e-con e-child\" data-id=\"e9394a2\" data-element_type=\"container\" data-e-type=\"container\">\n\t\t\t\t<div class=\"elementor-element elementor-element-2b3d767 color-scheme-inherit text-left elementor-widget elementor-widget-text-editor\" data-id=\"2b3d767\" data-element_type=\"widget\" data-e-type=\"widget\" data-widget_type=\"text-editor.default\">\n\t\t\t\t<div class=\"elementor-widget-container\">\n\t\t\t\t\t\t\t\t\t<p>Wir pr\u00e4sentieren stolz unseren <strong>YoungGo<sup>\u00ae<\/sup> Power ON<\/strong>, den kraftvollen Nachfolger <br \/>unseres beliebten <strong>YoungGo<sup>\u00ae<\/sup> Energy<\/strong>!<\/p><p>Dieses innovative Nahrungserg\u00e4nzungsmittel bietet dir nun die Vorteile von hochwertigem Kollagen anstelle von Dextrin und setzt auf Stevia als nat\u00fcrliche S\u00fc\u00dfe statt Sucralose.<\/p><p>Mit jeder Portion profitierst du nicht nur von den kollagenunterst\u00fctzenden Eigenschaften, sondern auch vom einzigartigen Flush-Effekt, den unsere Kunden so sch\u00e4tzen \u2013 hervorgerufen durch Vitamin B3. Die enthaltenen B-Vitamine f\u00f6rdern nicht nur eine bessere Durchblutung,<br \/>sondern \u201ez\u00fcnden\u201c auch die Neurotransmitter in deinem Gehirn und unterst\u00fctzen somit deine <em><strong>gute Laune!<\/strong><\/em><\/p>\t\t\t\t\t\t\t\t<\/div>\n\t\t\t\t<\/div>\n\t\t\t\t<\/div>\n\t\t\t\t\t<\/div>\n\t\t\t\t<\/div>\n\t\t<div class=\"wd-negative-gap elementor-element elementor-element-ed969c7 e-flex e-con-boxed e-con e-parent\" data-id=\"ed969c7\" data-element_type=\"container\" data-e-type=\"container\">\n\t\t\t\t\t<div class=\"e-con-inner\">\n\t\t\t\t<div class=\"elementor-element elementor-element-7ad467f color-scheme-inherit text-left elementor-widget elementor-widget-text-editor\" data-id=\"7ad467f\" data-element_type=\"widget\" data-e-type=\"widget\" data-widget_type=\"text-editor.default\">\n\t\t\t\t<div class=\"elementor-widget-container\">\n\t\t\t\t\t\t\t\t\t<p>Ein besonderes Highlight ist die Kombination aus L-Carnitin, das die Fettverbrennung unterst\u00fctzt, und Gr\u00fcntee-Extrakt, der gleich <em>zwei positive<\/em> Wirkungen entfaltet: Er f\u00f6rdert nicht nur den Stoffwechsel, sondern tr\u00e4gt auch zur nat\u00fcrlichen Energiegewinnung bei.<\/p><p>Jetzt ist der perfekte Zeitpunkt, um den Sommer in vollen Z\u00fcgen zu genie\u00dfen! <strong>YoungGo<sup>\u00ae<\/sup> Power On<\/strong> ist dein Schl\u00fcssel zu mehr Energie, guter Laune und unvergesslichen Urlaubsmomenten! Lass dir diese Gelegenheit nicht entgehen \u2013 greif zu und sichere dir dein Exemplar! F\u00fchle die Kraft, erlebe die Freiheit und mach diesen Sommer zu deinem.<\/p><p>Wie wir in unserem letzten Anschreiben erw\u00e4hnt haben, sollte <strong>YoungGo<sup>\u00ae<\/sup> Power On<\/strong> nicht mehr in Dosen, sondern in praktischen Beuteln ausgeliefert werden. Aufgrund von Verz\u00f6gerungen bei der Umstellung haben wir uns jedoch entschieden, einen Teil der Charge vorab wieder in Dosen abzuf\u00fcllen, um sicherzustellen, dass wir euch schnellstm\u00f6glich beliefern k\u00f6nnen.<\/p><p>Die restliche Abf\u00fcllung wird dann Mitte August im neuen Beutel-Format verf\u00fcgbar sein. Daher lohnt es sich, schnell zuzugreifen, um von der ersten Lieferung zu profitieren!<\/p><p>Wir danken euch f\u00fcr euer Verst\u00e4ndnis und eure Geduld und freuen uns darauf, euch mit dem <strong>YoungGo<sup>\u00ae<\/sup> Power ON<\/strong> zu begeistern!<\/p>\t\t\t\t\t\t\t\t<\/div>\n\t\t\t\t<\/div>\n\t\t\t\t<div class=\"elementor-element elementor-element-476aaf5 elementor-widget-divider--separator-type-pattern elementor-widget-divider--view-line elementor-widget elementor-widget-divider\" data-id=\"476aaf5\" data-element_type=\"widget\" data-e-type=\"widget\" data-widget_type=\"divider.default\">\n\t\t\t\t<div class=\"elementor-widget-container\">\n\t\t\t\t\t\t\t<div class=\"elementor-divider\" style=\"--divider-pattern-url: url(&quot;data:image\/svg+xml,%3Csvg xmlns=&#039;http:\/\/www.w3.org\/2000\/svg&#039; preserveAspectRatio=&#039;none&#039; overflow=&#039;visible&#039; height=&#039;100%&#039; viewBox=&#039;0 0 24 24&#039; fill=&#039;none&#039; stroke=&#039;black&#039; stroke-width=&#039;1.3&#039; stroke-linecap=&#039;square&#039; stroke-miterlimit=&#039;10&#039;%3E%3Cpolyline points=&#039;0,18 12,6 24,18 &#039;\/%3E%3C\/svg%3E&quot;);\">\n\t\t\t<span class=\"elementor-divider-separator\">\n\t\t\t\t\t\t<\/span>\n\t\t<\/div>\n\t\t\t\t\t\t<\/div>\n\t\t\t\t<\/div>\n\t\t\t\t\t<\/div>\n\t\t\t\t<\/div>\n\t\t<div class=\"wd-negative-gap elementor-element elementor-element-c721b84 e-flex e-con-boxed e-con e-parent\" data-id=\"c721b84\" data-element_type=\"container\" data-e-type=\"container\">\n\t\t\t\t\t<div class=\"e-con-inner\">\n\t\t\t\t<div class=\"elementor-element elementor-element-0a05717 color-scheme-inherit text-left elementor-widget elementor-widget-text-editor\" data-id=\"0a05717\" data-element_type=\"widget\" data-e-type=\"widget\" data-widget_type=\"text-editor.default\">\n\t\t\t\t<div class=\"elementor-widget-container\">\n\t\t\t\t\t\t\t\t\t<h3>Sch\u00fctze deine Haut mit YoungGo\u00ae Cellfitness Serum!<\/h3>\t\t\t\t\t\t\t\t<\/div>\n\t\t\t\t<\/div>\n\t\t\t\t\t<\/div>\n\t\t\t\t<\/div>\n\t\t<div class=\"wd-negative-gap elementor-element elementor-element-214c8fa e-flex e-con-boxed e-con e-parent\" data-id=\"214c8fa\" data-element_type=\"container\" data-e-type=\"container\">\n\t\t\t\t\t<div class=\"e-con-inner\">\n\t\t<div class=\"elementor-element elementor-element-98e1f08 e-con-full e-flex e-con e-child\" data-id=\"98e1f08\" data-element_type=\"container\" data-e-type=\"container\">\n\t\t\t\t<div class=\"elementor-element elementor-element-dd8408a color-scheme-inherit text-left elementor-widget elementor-widget-text-editor\" data-id=\"dd8408a\" data-element_type=\"widget\" data-e-type=\"widget\" data-widget_type=\"text-editor.default\">\n\t\t\t\t<div class=\"elementor-widget-container\">\n\t\t\t\t\t\t\t\t\t<p>Ein starker Partner der YoungGo\u00ae-Familie f\u00fcr das Power ON ist unser <strong>YoungGo<\/strong><sup><strong>\u00ae <\/strong><\/sup><strong>Cellfitness Serum!<\/strong> Dieses luxuri\u00f6se Serum kombiniert die Kraft von hochkonzentriertem YoungGo<sup>\u00ae<\/sup> Q10 und Hyalurons\u00e4ure, um deiner Haut die optimale Pflege und Schutz zu bieten, die sie verdient.<\/p><p>Besonders nach langen Sonnentagen ist unser Serum eine wahre Wohltat f\u00fcr die Haut. Es zieht tief ein und spendet intensive Feuchtigkeit, repariert und regeneriert, w\u00e4hrend Q10 deine Zellen effektiv vor sch\u00e4dlichen Sonnenstrahlen sch\u00fctzt.<\/p>\t\t\t\t\t\t\t\t<\/div>\n\t\t\t\t<\/div>\n\t\t\t\t<\/div>\n\t\t<div class=\"elementor-element elementor-element-7be2f4b e-con-full e-flex e-con e-child\" data-id=\"7be2f4b\" data-element_type=\"container\" data-e-type=\"container\">\n\t\t\t\t<div class=\"elementor-element elementor-element-92488c6 elementor-widget elementor-widget-image\" data-id=\"92488c6\" data-element_type=\"widget\" data-e-type=\"widget\" data-widget_type=\"image.default\">\n\t\t\t\t<div class=\"elementor-widget-container\">\n\t\t\t\t\t\t\t\t\t\t\t\t\t\t\t<img loading=\"lazy\" decoding=\"async\" width=\"300\" height=\"300\" src=\"https:\/\/shop.younggo-fit.de\/wp-content\/uploads\/2025\/07\/Ingo-Q10-Serum-freigestellt-04.3-300x300.png\" class=\"attachment-medium size-medium wp-image-31894\" alt=\"\" srcset=\"https:\/\/shop.younggo-fit.de\/wp-content\/uploads\/2025\/07\/Ingo-Q10-Serum-freigestellt-04.3-300x300.png 300w, https:\/\/shop.younggo-fit.de\/wp-content\/uploads\/2025\/07\/Ingo-Q10-Serum-freigestellt-04.3-430x430.png 430w, https:\/\/shop.younggo-fit.de\/wp-content\/uploads\/2025\/07\/Ingo-Q10-Serum-freigestellt-04.3-190x190.png 190w, https:\/\/shop.younggo-fit.de\/wp-content\/uploads\/2025\/07\/Ingo-Q10-Serum-freigestellt-04.3-700x700.png 700w, https:\/\/shop.younggo-fit.de\/wp-content\/uploads\/2025\/07\/Ingo-Q10-Serum-freigestellt-04.3-150x150.png 150w, https:\/\/shop.younggo-fit.de\/wp-content\/uploads\/2025\/07\/Ingo-Q10-Serum-freigestellt-04.3-768x768.png 768w, https:\/\/shop.younggo-fit.de\/wp-content\/uploads\/2025\/07\/Ingo-Q10-Serum-freigestellt-04.3-12x12.png 12w, https:\/\/shop.younggo-fit.de\/wp-content\/uploads\/2025\/07\/Ingo-Q10-Serum-freigestellt-04.3-512x512.png 512w, https:\/\/shop.younggo-fit.de\/wp-content\/uploads\/2025\/07\/Ingo-Q10-Serum-freigestellt-04.3-915x915.png 915w, https:\/\/shop.younggo-fit.de\/wp-content\/uploads\/2025\/07\/Ingo-Q10-Serum-freigestellt-04.3-600x600.png 600w, https:\/\/shop.younggo-fit.de\/wp-content\/uploads\/2025\/07\/Ingo-Q10-Serum-freigestellt-04.3-393x393.png 393w, https:\/\/shop.younggo-fit.de\/wp-content\/uploads\/2025\/07\/Ingo-Q10-Serum-freigestellt-04.3-290x290.png 290w, https:\/\/shop.younggo-fit.de\/wp-content\/uploads\/2025\/07\/Ingo-Q10-Serum-freigestellt-04.3-60x60.png 60w, https:\/\/shop.younggo-fit.de\/wp-content\/uploads\/2025\/07\/Ingo-Q10-Serum-freigestellt-04.3.png 1024w\" sizes=\"auto, (max-width: 300px) 100vw, 300px\" \/>\t\t\t\t\t\t\t\t\t\t\t\t\t\t\t<\/div>\n\t\t\t\t<\/div>\n\t\t\t\t<\/div>\n\t\t\t\t\t<\/div>\n\t\t\t\t<\/div>\n\t\t<div class=\"wd-negative-gap elementor-element elementor-element-238aa95 e-flex e-con-boxed e-con e-parent\" data-id=\"238aa95\" data-element_type=\"container\" data-e-type=\"container\">\n\t\t\t\t\t<div class=\"e-con-inner\">\n\t\t\t\t<div class=\"elementor-element elementor-element-38bb5a2 container color-scheme-inherit text-left elementor-widget elementor-widget-text-editor\" data-id=\"38bb5a2\" data-element_type=\"widget\" data-e-type=\"widget\" data-widget_type=\"text-editor.default\">\n\t\t\t\t<div class=\"elementor-widget-container\">\n\t\t\t\t\t\t\t\t\t<p>Besonders nach langen Sonnentagen ist unser Serum eine wahre Wohltat f\u00fcr die Haut. Es zieht tief ein und spendet intensive Feuchtigkeit, repariert und regeneriert, w\u00e4hrend Q10 deine Zellen effektiv vor sch\u00e4dlichen Sonnenstrahlen sch\u00fctzt.<\/p><p>Hier sind zwei starke Gr\u00fcnde, warum unser wasserl\u00f6sliches Q10 besonders tief in die Haut eindringt und dort wertvolle Wirkungen entfaltet:<\/p><p><strong>Hohe Bioverf\u00fcgbarkeit:<\/strong> Durch die wasserl\u00f6sliche Form wird das Q10 von der Haut leichter aufgenommen, da es in der Lage ist, die nat\u00fcrlichen Barrieren der Haut effektiv zu durchdringen. Dadurch gelangt es direkt in die Hautzellen, wo es seine volle Wirkung entfalten kann.<\/p><p><strong>St\u00e4rkung der Zellenergie:<\/strong> Q10 spielt eine entscheidende Rolle bei der Energieproduktion in den Zellen. Wenn es tief in die Haut eindringt, kann es die Mitochondrien unterst\u00fctzen und deren Energieproduktion steigern. Das f\u00fchrt zu einer besseren Hautregeneration, erh\u00f6hter Zellvitalit\u00e4t und einer sichtbaren Verbesserung des Hautbildes.<\/p><p>Wir verwenden ausschlie\u00dflich die hochwertigen Produkte aus unserer Nahrungserg\u00e4nzungslinie \u2013 mehr Qualit\u00e4t geht nicht! Um die besten Ergebnisse zu erzielen, empfehlen wir, 2\u20133 Tropfen auf das Gesicht aufzutragen und diese sanft einziehen zu lassen. Am besten nutzt du das Serum im Sommer morgens und abends und kombinierst es anschlie\u00dfend mit deiner gewohnten Pflege.<\/p><p>G\u00f6nn dir und deiner Haut die Extraportion Liebe \u2013 erlebe das Gef\u00fchl von Frische und Erneuerung mit <strong>YoungGo<sup>\u00ae<\/sup> Cellfitness Serum<\/strong>!<\/p><p><strong>Nutze unser Sommerspecial:<\/strong> Damit du dieses Hautgef\u00fchl einmal erleben kannst, haben wir den Bleistift mehrfach gespitzt. Als einmalige Sommeraktion im Juli erh\u00e4ltst du das Serum anstatt f\u00fcr 49,70\u202fEuro f\u00fcr 39,70\u202fEuro \u2013 und zum Clubpreis sogar f\u00fcr nur 37,70\u202fEuro.<\/p>\t\t\t\t\t\t\t\t<\/div>\n\t\t\t\t<\/div>\n\t\t\t\t\t<\/div>\n\t\t\t\t<\/div>\n\t\t<div class=\"wd-negative-gap elementor-element elementor-element-b757ba7 e-flex e-con-boxed e-con e-parent\" data-id=\"b757ba7\" data-element_type=\"container\" data-e-type=\"container\">\n\t\t\t\t\t<div class=\"e-con-inner\">\n\t\t\t\t<div class=\"elementor-element elementor-element-dec8d27 elementor-widget elementor-widget-spacer\" data-id=\"dec8d27\" data-element_type=\"widget\" data-e-type=\"widget\" data-widget_type=\"spacer.default\">\n\t\t\t\t<div class=\"elementor-widget-container\">\n\t\t\t\t\t\t\t<div class=\"elementor-spacer\">\n\t\t\t<div class=\"elementor-spacer-inner\"><\/div>\n\t\t<\/div>\n\t\t\t\t\t\t<\/div>\n\t\t\t\t<\/div>\n\t\t\t\t\t<\/div>\n\t\t\t\t<\/div>\n\t\t\t\t<\/div>","protected":false},"excerpt":{"rendered":"<p>YoungGo\u00ae Power On Deine neue Powerquelle mit hochwertigem Kollagen und Stevia! Wir pr\u00e4sentieren stolz unseren YoungGo\u00ae Power ON, den kraftvollen<\/p>","protected":false},"author":2442,"featured_media":31824,"parent":0,"menu_order":0,"comment_status":"closed","ping_status":"closed","template":"","meta":{"_acf_changed":false,"footnotes":""},"class_list":["post-31823","page","type-page","status-publish","has-post-thumbnail","hentry"],"acf":[],"_links":{"self":[{"href":"https:\/\/shop.younggo-fit.de\/en\/wp-json\/wp\/v2\/pages\/31823","targetHints":{"allow":["GET"]}}],"collection":[{"href":"https:\/\/shop.younggo-fit.de\/en\/wp-json\/wp\/v2\/pages"}],"about":[{"href":"https:\/\/shop.younggo-fit.de\/en\/wp-json\/wp\/v2\/types\/page"}],"author":[{"embeddable":true,"href":"https:\/\/shop.younggo-fit.de\/en\/wp-json\/wp\/v2\/users\/2442"}],"replies":[{"embeddable":true,"href":"https:\/\/shop.younggo-fit.de\/en\/wp-json\/wp\/v2\/comments?post=31823"}],"version-history":[{"count":0,"href":"https:\/\/shop.younggo-fit.de\/en\/wp-json\/wp\/v2\/pages\/31823\/revisions"}],"wp:featuredmedia":[{"embeddable":true,"href":"https:\/\/shop.younggo-fit.de\/en\/wp-json\/wp\/v2\/media\/31824"}],"wp:attachment":[{"href":"https:\/\/shop.younggo-fit.de\/en\/wp-json\/wp\/v2\/media?parent=31823"}],"curies":[{"name":"wp","href":"https:\/\/api.w.org\/{rel}","templated":true}]}}