{"id":5075,"date":"2018-02-25T11:40:22","date_gmt":"2018-02-25T11:40:22","guid":{"rendered":"https:\/\/naturalife.rtthemes.com\/demo\/?page_id=5075"},"modified":"2024-09-18T22:18:39","modified_gmt":"2024-09-18T20:18:39","slug":"about-us","status":"publish","type":"page","link":"https:\/\/shop.younggo-fit.de\/en\/about-us\/","title":{"rendered":"\u00dcber Uns &#8211; unser Team"},"content":{"rendered":"<div data-elementor-type=\"wp-post\" data-elementor-id=\"5075\" class=\"elementor elementor-5075\" data-elementor-post-type=\"page\">\n\t\t\t\t\t\t<section class=\"wd-negative-gap elementor-section elementor-top-section elementor-element elementor-element-8b7e264 elementor-section-content-middle elementor-section-boxed elementor-section-height-default elementor-section-height-default\" data-id=\"8b7e264\" data-element_type=\"section\" data-e-type=\"section\" data-settings=\"{&quot;background_background&quot;:&quot;classic&quot;}\">\n\t\t\t\t\t\t<div class=\"elementor-container elementor-column-gap-default\">\n\t\t\t\t\t<div class=\"elementor-column elementor-col-50 elementor-top-column elementor-element elementor-element-421e191c\" data-id=\"421e191c\" data-element_type=\"column\" data-e-type=\"column\">\n\t\t\t<div class=\"elementor-widget-wrap elementor-element-populated\">\n\t\t\t\t\t\t<div class=\"elementor-element elementor-element-533384b9 color-scheme-inherit text-left elementor-widget elementor-widget-text-editor\" data-id=\"533384b9\" data-element_type=\"widget\" data-e-type=\"widget\" data-widget_type=\"text-editor.default\">\n\t\t\t\t<div class=\"elementor-widget-container\">\n\t\t\t\t\t\t\t\t\t<p>Vitalit\u00e4t ist Wissenschaft.<br \/>Unser Ziel ist klar:\u00a0 Wohlbefinden &amp; Energie &amp; Regeneration f\u00fcr ein aktives Leben.<br \/>YoungGo\u00ae You&amp;Friends ist ein Team aus Fach\u00e4rzten, Wissenschaftlern &amp; Gesundheitsexperten, welches sich f\u00fcr dich als Person &amp; deine Lebensqualit\u00e4t einsetzt.<\/p><p>In der heutigen Welt ist alles schnelllebig, weshalb deine Gesundheit oft erst an zweiter Stelle steht. Langfristig geht dies jedoch auf Kosten deiner Gesundheit. Deshalb haben wir Produkte und Programme entwickelt, die dir auf einfache und alltagstaugliche Weise helfen deine Vitalit\u00e4t zu unterst\u00fctzen, vom Alltagsstress abschalten und ein aktives Leben f\u00fchren zu k\u00f6nne.\u00a0<\/p><p>Tu Dir was Gutes, denn du bist und bleibst der wichtigste Mensch in deinem Leben. <br \/>Gesundheit ist zwar nicht alles, aber ohne Gesundheit ist alles nichts!<\/p>\t\t\t\t\t\t\t\t<\/div>\n\t\t\t\t<\/div>\n\t\t\t\t\t<\/div>\n\t\t<\/div>\n\t\t\t\t<div class=\"elementor-column elementor-col-50 elementor-top-column elementor-element elementor-element-13db6408\" data-id=\"13db6408\" data-element_type=\"column\" data-e-type=\"column\">\n\t\t\t<div class=\"elementor-widget-wrap elementor-element-populated\">\n\t\t\t\t\t\t<section class=\"wd-negative-gap elementor-section elementor-inner-section elementor-element elementor-element-1a408dc2 elementor-section-boxed elementor-section-height-default elementor-section-height-default\" data-id=\"1a408dc2\" data-element_type=\"section\" data-e-type=\"section\" data-settings=\"{&quot;background_background&quot;:&quot;classic&quot;}\">\n\t\t\t\t\t\t<div class=\"elementor-container elementor-column-gap-default\">\n\t\t\t\t\t<div class=\"elementor-column elementor-col-100 elementor-inner-column elementor-element elementor-element-411804dd\" data-id=\"411804dd\" data-element_type=\"column\" data-e-type=\"column\">\n\t\t\t<div class=\"elementor-widget-wrap elementor-element-populated\">\n\t\t\t\t\t\t<div class=\"elementor-element elementor-element-29810b15 color-scheme-inherit text-left elementor-widget elementor-widget-text-editor\" data-id=\"29810b15\" data-element_type=\"widget\" data-e-type=\"widget\" data-widget_type=\"text-editor.default\">\n\t\t\t\t<div class=\"elementor-widget-container\">\n\t\t\t\t\t\t\t\t\t<p>Wir verfolgen die Philosophie, dass unsere Produkte dir nicht nur langfristig mehr Wohlbefinden, sondern ebenfalls Gl\u00fcck &amp; Freude bringen m\u00fcssen. Unser ganzheitliches Gesamtkonzept liefert dir die richtigen Programme, welche dich optimal unterst\u00fctzen.<\/p>\t\t\t\t\t\t\t\t<\/div>\n\t\t\t\t<\/div>\n\t\t\t\t\t<\/div>\n\t\t<\/div>\n\t\t\t\t\t<\/div>\n\t\t<\/section>\n\t\t\t\t<section class=\"wd-negative-gap elementor-section elementor-inner-section elementor-element elementor-element-308b37a7 elementor-section-boxed elementor-section-height-default elementor-section-height-default\" data-id=\"308b37a7\" data-element_type=\"section\" data-e-type=\"section\" data-settings=\"{&quot;background_background&quot;:&quot;classic&quot;}\">\n\t\t\t\t\t\t<div class=\"elementor-container elementor-column-gap-default\">\n\t\t\t\t\t<div class=\"elementor-column elementor-col-100 elementor-inner-column elementor-element elementor-element-764738ab\" data-id=\"764738ab\" data-element_type=\"column\" data-e-type=\"column\">\n\t\t\t<div class=\"elementor-widget-wrap elementor-element-populated\">\n\t\t\t\t\t\t<div class=\"elementor-element elementor-element-7616c77b color-scheme-inherit text-left elementor-widget elementor-widget-text-editor\" data-id=\"7616c77b\" data-element_type=\"widget\" data-e-type=\"widget\" data-widget_type=\"text-editor.default\">\n\t\t\t\t<div class=\"elementor-widget-container\">\n\t\t\t\t\t\t\t\t\t<p>Wir sehen es als unsere Mission, f\u00fcr deine Gesundheit zu Forschen und stets die besten Produkte zu entwickeln. Dabei basieren unsere Ergebnisse auf den aktuellsten Erkenntnissen der Wissenschaft. Wir zeichnen uns durch mehrere Patente im Nahrungserg\u00e4nzungs- &amp; Sportbereich aus, sind l\u00f6sungsorientiert und werden deinen individuellen Bed\u00fcrfnissen gerecht.<\/p>\t\t\t\t\t\t\t\t<\/div>\n\t\t\t\t<\/div>\n\t\t\t\t\t<\/div>\n\t\t<\/div>\n\t\t\t\t\t<\/div>\n\t\t<\/section>\n\t\t\t\t\t<\/div>\n\t\t<\/div>\n\t\t\t\t\t<\/div>\n\t\t<\/section>\n\t\t\t\t<section class=\"wd-negative-gap elementor-section elementor-top-section elementor-element elementor-element-74356724 elementor-section-content-middle elementor-hidden-desktop elementor-hidden-tablet elementor-hidden-phone elementor-section-boxed elementor-section-height-default elementor-section-height-default\" data-id=\"74356724\" data-element_type=\"section\" data-e-type=\"section\">\n\t\t\t\t\t\t<div class=\"elementor-container elementor-column-gap-default\">\n\t\t\t\t\t<div class=\"elementor-column elementor-col-50 elementor-top-column elementor-element elementor-element-564bcc9c\" data-id=\"564bcc9c\" data-element_type=\"column\" data-e-type=\"column\">\n\t\t\t<div class=\"elementor-widget-wrap elementor-element-populated\">\n\t\t\t\t\t\t<div class=\"elementor-element elementor-element-35a92fd4 color-scheme-inherit text-left elementor-widget elementor-widget-text-editor\" data-id=\"35a92fd4\" data-element_type=\"widget\" data-e-type=\"widget\" data-widget_type=\"text-editor.default\">\n\t\t\t\t<div class=\"elementor-widget-container\">\n\t\t\t\t\t\t\t\t\t<p>Lorem ipsum dolor sit amet, consectetur adipiscing elit. Proin porttitor nisl nec ex consectetur, quis ornare sem molestie. Sed suscipit sollicitudin nulla tempor congue. Integer sed elementum odio.<\/p>\t\t\t\t\t\t\t\t<\/div>\n\t\t\t\t<\/div>\n\t\t\t\t<div class=\"elementor-element elementor-element-6cfb2c00 elementor-widget-divider--view-line elementor-widget elementor-widget-divider\" data-id=\"6cfb2c00\" data-element_type=\"widget\" data-e-type=\"widget\" data-widget_type=\"divider.default\">\n\t\t\t\t<div class=\"elementor-widget-container\">\n\t\t\t\t\t\t\t<div class=\"elementor-divider\">\n\t\t\t<span class=\"elementor-divider-separator\">\n\t\t\t\t\t\t<\/span>\n\t\t<\/div>\n\t\t\t\t\t\t<\/div>\n\t\t\t\t<\/div>\n\t\t\t\t\t<\/div>\n\t\t<\/div>\n\t\t\t\t<div class=\"elementor-column elementor-col-50 elementor-top-column elementor-element elementor-element-6f96907a\" data-id=\"6f96907a\" data-element_type=\"column\" data-e-type=\"column\">\n\t\t\t<div class=\"elementor-widget-wrap elementor-element-populated\">\n\t\t\t\t\t\t<div class=\"elementor-element elementor-element-1e93f962 elementor-widget elementor-widget-image\" data-id=\"1e93f962\" data-element_type=\"widget\" data-e-type=\"widget\" data-widget_type=\"image.default\">\n\t\t\t\t<div class=\"elementor-widget-container\">\n\t\t\t\t\t\t\t\t\t\t\t\t\t\t\t<img decoding=\"async\" src=\"https:\/\/shop.younggo-fit.de\/wp-content\/uploads\/2018\/02\/plant.png\" title=\"\" alt=\"\" loading=\"lazy\" \/>\t\t\t\t\t\t\t\t\t\t\t\t\t\t\t<\/div>\n\t\t\t\t<\/div>\n\t\t\t\t\t<\/div>\n\t\t<\/div>\n\t\t\t\t\t<\/div>\n\t\t<\/section>\n\t\t\t\t<section class=\"wd-negative-gap elementor-section elementor-top-section elementor-element elementor-element-41586442 elementor-section-content-middle elementor-section-boxed elementor-section-height-default elementor-section-height-default\" data-id=\"41586442\" data-element_type=\"section\" data-e-type=\"section\" data-settings=\"{&quot;background_background&quot;:&quot;classic&quot;}\">\n\t\t\t\t\t\t<div class=\"elementor-container elementor-column-gap-default\">\n\t\t\t\t\t<div class=\"elementor-column elementor-col-100 elementor-top-column elementor-element elementor-element-5bed4da\" data-id=\"5bed4da\" data-element_type=\"column\" data-e-type=\"column\">\n\t\t\t<div class=\"elementor-widget-wrap\">\n\t\t\t\t\t\t\t<\/div>\n\t\t<\/div>\n\t\t\t\t\t<\/div>\n\t\t<\/section>\n\t\t\t\t<section class=\"wd-negative-gap elementor-section elementor-top-section elementor-element elementor-element-28c5f617 elementor-hidden-desktop elementor-hidden-tablet elementor-hidden-phone elementor-section-boxed elementor-section-height-default elementor-section-height-default\" data-id=\"28c5f617\" data-element_type=\"section\" data-e-type=\"section\">\n\t\t\t\t\t\t<div class=\"elementor-container elementor-column-gap-default\">\n\t\t\t\t\t<div class=\"elementor-column elementor-col-100 elementor-top-column elementor-element elementor-element-cf59d18\" data-id=\"cf59d18\" data-element_type=\"column\" data-e-type=\"column\">\n\t\t\t<div class=\"elementor-widget-wrap\">\n\t\t\t\t\t\t\t<\/div>\n\t\t<\/div>\n\t\t\t\t\t<\/div>\n\t\t<\/section>\n\t\t\t\t<section class=\"wd-negative-gap elementor-section elementor-top-section elementor-element elementor-element-1c6c1d39 elementor-section-content-middle elementor-hidden-desktop elementor-hidden-tablet elementor-hidden-phone elementor-section-boxed elementor-section-height-default elementor-section-height-default\" data-id=\"1c6c1d39\" data-element_type=\"section\" data-e-type=\"section\" data-settings=\"{&quot;background_background&quot;:&quot;classic&quot;}\">\n\t\t\t\t\t\t<div class=\"elementor-container elementor-column-gap-default\">\n\t\t\t\t\t<div class=\"elementor-column elementor-col-50 elementor-top-column elementor-element elementor-element-1719e22b\" data-id=\"1719e22b\" data-element_type=\"column\" data-e-type=\"column\">\n\t\t\t<div class=\"elementor-widget-wrap elementor-element-populated\">\n\t\t\t\t\t\t<div class=\"elementor-element elementor-element-6b7473a5 color-scheme-inherit text-left elementor-widget elementor-widget-text-editor\" data-id=\"6b7473a5\" data-element_type=\"widget\" data-e-type=\"widget\" data-widget_type=\"text-editor.default\">\n\t\t\t\t<div class=\"elementor-widget-container\">\n\t\t\t\t\t\t\t\t\t<p>Lorem ipsum dolor sit amet, consectetur adipiscing elit. Proin sed diam sapien. Sed semper urna dictum tellus lacinia vehicula. Ut volutpat, augue vel auctor tincidunt, ligula sem pharetra dui, nec tincidunt ante mauris eu diam. Phasellus viverra nisl vitae cursus euismod. Suspendisse sit amet est lectus.<\/p><p>Sed congue nunc pharetra dignissim aliquet. Fusce elementum eros aliquam, sodales nisi quis, sodales magna. Integer congue convallis adipiscing. Aliquam erat volutpat. Sed sed erat quis ligula posuere luctus commodo luctus felis. Quisque non sem a enim iaculis venenatis vitae at lorem.<\/p>\t\t\t\t\t\t\t\t<\/div>\n\t\t\t\t<\/div>\n\t\t\t\t\t<\/div>\n\t\t<\/div>\n\t\t\t\t<div class=\"elementor-column elementor-col-50 elementor-top-column elementor-element elementor-element-5b50167\" data-id=\"5b50167\" data-element_type=\"column\" data-e-type=\"column\">\n\t\t\t<div class=\"elementor-widget-wrap\">\n\t\t\t\t\t\t\t<\/div>\n\t\t<\/div>\n\t\t\t\t\t<\/div>\n\t\t<\/section>\n\t\t\t\t<\/div>","protected":false},"excerpt":{"rendered":"<p>\u00dcber Uns Vitalit\u00e4t ist Wissenschaft.Unser Ziel ist klar:\u00a0 Wohlbefinden &amp; Energie &amp; Regeneration f\u00fcr ein aktives Leben.YoungGo\u00ae You&amp;Friends ist ein<\/p>","protected":false},"author":2442,"featured_media":0,"parent":0,"menu_order":0,"comment_status":"closed","ping_status":"closed","template":"","meta":{"_acf_changed":false,"footnotes":""},"class_list":["post-5075","page","type-page","status-publish","hentry"],"acf":[],"_links":{"self":[{"href":"https:\/\/shop.younggo-fit.de\/en\/wp-json\/wp\/v2\/pages\/5075","targetHints":{"allow":["GET"]}}],"collection":[{"href":"https:\/\/shop.younggo-fit.de\/en\/wp-json\/wp\/v2\/pages"}],"about":[{"href":"https:\/\/shop.younggo-fit.de\/en\/wp-json\/wp\/v2\/types\/page"}],"author":[{"embeddable":true,"href":"https:\/\/shop.younggo-fit.de\/en\/wp-json\/wp\/v2\/users\/2442"}],"replies":[{"embeddable":true,"href":"https:\/\/shop.younggo-fit.de\/en\/wp-json\/wp\/v2\/comments?post=5075"}],"version-history":[{"count":0,"href":"https:\/\/shop.younggo-fit.de\/en\/wp-json\/wp\/v2\/pages\/5075\/revisions"}],"wp:attachment":[{"href":"https:\/\/shop.younggo-fit.de\/en\/wp-json\/wp\/v2\/media?parent=5075"}],"curies":[{"name":"wp","href":"https:\/\/api.w.org\/{rel}","templated":true}]}}