{"id":5748,"date":"2018-03-14T20:13:48","date_gmt":"2018-03-14T20:13:48","guid":{"rendered":"https:\/\/naturalife.rtthemes.com\/demo\/?page_id=5748"},"modified":"2025-08-13T17:57:18","modified_gmt":"2025-08-13T15:57:18","slug":"younggo","status":"publish","type":"page","link":"https:\/\/shop.younggo-fit.de\/en\/younggo\/","title":{"rendered":"YoungGo Startseite"},"content":{"rendered":"<div data-elementor-type=\"wp-page\" data-elementor-id=\"5748\" class=\"elementor elementor-5748\" data-elementor-post-type=\"page\">\n\t\t\t\t\t\t<section class=\"wd-negative-gap elementor-section elementor-top-section elementor-element elementor-element-33fa4bcd elementor-section-full_width elementor-section-height-min-height elementor-section-items-top elementor-section-height-default\" data-id=\"33fa4bcd\" data-element_type=\"section\" data-e-type=\"section\" data-settings=\"{&quot;background_background&quot;:&quot;classic&quot;}\">\n\t\t\t\t\t\t<div class=\"elementor-container elementor-column-gap-no\">\n\t\t\t\t\t<div class=\"elementor-column elementor-col-100 elementor-top-column elementor-element elementor-element-6adf43b3\" data-id=\"6adf43b3\" data-element_type=\"column\" data-e-type=\"column\">\n\t\t\t<div class=\"elementor-widget-wrap\">\n\t\t\t\t\t\t\t<\/div>\n\t\t<\/div>\n\t\t\t\t\t<\/div>\n\t\t<\/section>\n\t\t\t\t<section class=\"elementor-section elementor-top-section elementor-element elementor-element-4263e5b elementor-section-boxed elementor-section-height-default elementor-section-height-default\" data-id=\"4263e5b\" data-element_type=\"section\" data-e-type=\"section\" id=\"mehr\">\n\t\t\t\t\t\t<div class=\"elementor-container elementor-column-gap-default\">\n\t\t\t\t\t<div class=\"elementor-column elementor-col-33 elementor-top-column elementor-element elementor-element-3a6872ee\" data-id=\"3a6872ee\" data-element_type=\"column\" data-e-type=\"column\">\n\t\t\t<div class=\"elementor-widget-wrap elementor-element-populated\">\n\t\t\t\t\t\t<div class=\"elementor-element elementor-element-be464f1 elementor-position-inline-start elementor-view-default elementor-mobile-position-block-start elementor-widget elementor-widget-icon-box\" data-id=\"be464f1\" data-element_type=\"widget\" data-e-type=\"widget\" data-widget_type=\"icon-box.default\">\n\t\t\t\t<div class=\"elementor-widget-container\">\n\t\t\t\t\t\t\t<div class=\"elementor-icon-box-wrapper\">\n\n\t\t\t\t\t\t<div class=\"elementor-icon-box-icon\">\n\t\t\t\t<span  class=\"elementor-icon\">\n\t\t\t\t<i aria-hidden=\"true\" class=\"rt-elementor-icon icon-05_user\"><\/i>\t\t\t\t<\/span>\n\t\t\t<\/div>\n\t\t\t\n\t\t\t\t\t\t<div class=\"elementor-icon-box-content\">\n\n\t\t\t\t\t\t\t\t\t<h6 class=\"elementor-icon-box-title\">\n\t\t\t\t\t\t<span  >\n\t\t\t\t\t\t\tBegleitete Programme\t\t\t\t\t\t<\/span>\n\t\t\t\t\t<\/h6>\n\t\t\t\t\n\t\t\t\t\t\t\t\t\t<p class=\"elementor-icon-box-description\">\n\t\t\t\t\t\tEinfache in den Alltag integrierbare Programme helfen Dir und Deinem K\u00f6rper wieder ins Gleichgewicht zu kommen. Alle Programme sind klinisch erfolgreich getestet und wir begleiten Dich pers\u00f6nlich.\t\t\t\t\t<\/p>\n\t\t\t\t\n\t\t\t<\/div>\n\t\t\t\n\t\t<\/div>\n\t\t\t\t\t\t<\/div>\n\t\t\t\t<\/div>\n\t\t\t\t\t<\/div>\n\t\t<\/div>\n\t\t\t\t<div class=\"elementor-column elementor-col-33 elementor-top-column elementor-element elementor-element-68dc3674\" data-id=\"68dc3674\" data-element_type=\"column\" data-e-type=\"column\">\n\t\t\t<div class=\"elementor-widget-wrap elementor-element-populated\">\n\t\t\t\t\t\t<div class=\"elementor-element elementor-element-bdfd8a7 elementor-position-inline-start elementor-view-default elementor-mobile-position-block-start elementor-widget elementor-widget-icon-box\" data-id=\"bdfd8a7\" data-element_type=\"widget\" data-e-type=\"widget\" data-widget_type=\"icon-box.default\">\n\t\t\t\t<div class=\"elementor-widget-container\">\n\t\t\t\t\t\t\t<div class=\"elementor-icon-box-wrapper\">\n\n\t\t\t\t\t\t<div class=\"elementor-icon-box-icon\">\n\t\t\t\t<span  class=\"elementor-icon\">\n\t\t\t\t<i aria-hidden=\"true\" class=\"rt-elementor-icon icon-55_fruit_box2\"><\/i>\t\t\t\t<\/span>\n\t\t\t<\/div>\n\t\t\t\n\t\t\t\t\t\t<div class=\"elementor-icon-box-content\">\n\n\t\t\t\t\t\t\t\t\t<h6 class=\"elementor-icon-box-title\">\n\t\t\t\t\t\t<span  >\n\t\t\t\t\t\t\tEinzigartige Qualit\u00e4t \t\t\t\t\t\t<\/span>\n\t\t\t\t\t<\/h6>\n\t\t\t\t\n\t\t\t\t\t\t\t\t\t<p class=\"elementor-icon-box-description\">\n\t\t\t\t\t\tWissenschaft macht Vital. Die Qualit\u00e4t unserer Produkte basiert auf der engen Zusammenarbeit mit 2 Universit\u00e4ten, sowie erfahrenen \u00c4rzten und Therapeuten. Unsere Produkte werden in Deutschland hergestellt.\t\t\t\t\t<\/p>\n\t\t\t\t\n\t\t\t<\/div>\n\t\t\t\n\t\t<\/div>\n\t\t\t\t\t\t<\/div>\n\t\t\t\t<\/div>\n\t\t\t\t\t<\/div>\n\t\t<\/div>\n\t\t\t\t<div class=\"elementor-column elementor-col-33 elementor-top-column elementor-element elementor-element-6b1488bc\" data-id=\"6b1488bc\" data-element_type=\"column\" data-e-type=\"column\">\n\t\t\t<div class=\"elementor-widget-wrap elementor-element-populated\">\n\t\t\t\t\t\t<div class=\"elementor-element elementor-element-14b08a6c elementor-position-inline-start elementor-view-default elementor-mobile-position-block-start elementor-widget elementor-widget-icon-box\" data-id=\"14b08a6c\" data-element_type=\"widget\" data-e-type=\"widget\" data-widget_type=\"icon-box.default\">\n\t\t\t\t<div class=\"elementor-widget-container\">\n\t\t\t\t\t\t\t<div class=\"elementor-icon-box-wrapper\">\n\n\t\t\t\t\t\t<div class=\"elementor-icon-box-icon\">\n\t\t\t\t<span  class=\"elementor-icon\">\n\t\t\t\t<i aria-hidden=\"true\" class=\"rt-elementor-icon icon-50_heart\"><\/i>\t\t\t\t<\/span>\n\t\t\t<\/div>\n\t\t\t\n\t\t\t\t\t\t<div class=\"elementor-icon-box-content\">\n\n\t\t\t\t\t\t\t\t\t<h6 class=\"elementor-icon-box-title\">\n\t\t\t\t\t\t<span  >\n\t\t\t\t\t\t\tLangfristig Vital\t\t\t\t\t\t<\/span>\n\t\t\t\t\t<\/h6>\n\t\t\t\t\n\t\t\t\t\t\t\t\t\t<p class=\"elementor-icon-box-description\">\n\t\t\t\t\t\tUnser Anspruch ist ein ganzheitliches Konzept zu bieten, in dem gesunde Ern\u00e4hrung, intelligente Nahrungsoptimierung und effektive Bewegung Dein Wohlbefinden optimieren und erhalten.\t\t\t\t\t<\/p>\n\t\t\t\t\n\t\t\t<\/div>\n\t\t\t\n\t\t<\/div>\n\t\t\t\t\t\t<\/div>\n\t\t\t\t<\/div>\n\t\t\t\t\t<\/div>\n\t\t<\/div>\n\t\t\t\t\t<\/div>\n\t\t<\/section>\n\t\t\t\t<section class=\"wd-negative-gap elementor-section elementor-top-section elementor-element elementor-element-1330d96 elementor-section-content-middle elementor-section-boxed elementor-section-height-default elementor-section-height-default\" data-id=\"1330d96\" data-element_type=\"section\" data-e-type=\"section\">\n\t\t\t\t\t\t<div class=\"elementor-container elementor-column-gap-default\">\n\t\t\t\t\t<div class=\"elementor-column elementor-col-100 elementor-top-column elementor-element elementor-element-1dbac62\" data-id=\"1dbac62\" data-element_type=\"column\" data-e-type=\"column\">\n\t\t\t<div class=\"elementor-widget-wrap\">\n\t\t\t\t\t\t\t<\/div>\n\t\t<\/div>\n\t\t\t\t\t<\/div>\n\t\t<\/section>\n\t\t\t\t<section class=\"wd-negative-gap elementor-section elementor-top-section elementor-element elementor-element-a2ffbba elementor-section-boxed elementor-section-height-default elementor-section-height-default\" data-id=\"a2ffbba\" data-element_type=\"section\" data-e-type=\"section\">\n\t\t\t\t\t\t<div class=\"elementor-container elementor-column-gap-default\">\n\t\t\t\t\t<div class=\"elementor-column elementor-col-50 elementor-top-column elementor-element elementor-element-17c56c2\" data-id=\"17c56c2\" data-element_type=\"column\" data-e-type=\"column\">\n\t\t\t<div class=\"elementor-widget-wrap elementor-element-populated\">\n\t\t\t\t\t\t<div class=\"elementor-element elementor-element-3327698 color-scheme-inherit text-left elementor-widget elementor-widget-text-editor\" data-id=\"3327698\" data-element_type=\"widget\" data-e-type=\"widget\" data-widget_type=\"text-editor.default\">\n\t\t\t\t<div class=\"elementor-widget-container\">\n\t\t\t\t\t\t\t\t\t<p>In der heutigen Zeit, in der ein hektischer Lebensstil, unzureichende Ern\u00e4hrung und ein Mangel an Sonnenlicht immer h\u00e4ufiger auftreten, gewinnen Vitamin D3 und K2 immer mehr an Bedeutung.<\/p><p class=\"Text\">Diese beiden Vitamine spielen eine entscheidende Rolle f\u00fcr unsere Gesundheit und Wohlbefinden, und es ist wichtig, sich ihrer Bedeutung bewusst zu sein.<\/p>\t\t\t\t\t\t\t\t<\/div>\n\t\t\t\t<\/div>\n\t\t\t\t\t<\/div>\n\t\t<\/div>\n\t\t\t\t<div class=\"elementor-column elementor-col-50 elementor-top-column elementor-element elementor-element-0de9cf7\" data-id=\"0de9cf7\" data-element_type=\"column\" data-e-type=\"column\">\n\t\t\t<div class=\"elementor-widget-wrap elementor-element-populated\">\n\t\t\t\t\t\t<div class=\"elementor-element elementor-element-fbcb59c elementor-widget elementor-widget-image\" data-id=\"fbcb59c\" data-element_type=\"widget\" data-e-type=\"widget\" data-widget_type=\"image.default\">\n\t\t\t\t<div class=\"elementor-widget-container\">\n\t\t\t\t\t\t\t\t\t\t\t\t\t\t\t<img loading=\"lazy\" decoding=\"async\" width=\"1024\" height=\"683\" src=\"https:\/\/shop.younggo-fit.de\/wp-content\/uploads\/2024\/03\/smiling-couple-looking-camera-1024x683.jpg\" class=\"attachment-large size-large wp-image-24896\" alt=\"\" srcset=\"https:\/\/shop.younggo-fit.de\/wp-content\/uploads\/2024\/03\/smiling-couple-looking-camera-1024x683.jpg 1024w, https:\/\/shop.younggo-fit.de\/wp-content\/uploads\/2024\/03\/smiling-couple-looking-camera-scaled-430x287.jpg 430w, https:\/\/shop.younggo-fit.de\/wp-content\/uploads\/2024\/03\/smiling-couple-looking-camera-scaled-190x127.jpg 190w, https:\/\/shop.younggo-fit.de\/wp-content\/uploads\/2024\/03\/smiling-couple-looking-camera-scaled-700x467.jpg 700w, https:\/\/shop.younggo-fit.de\/wp-content\/uploads\/2024\/03\/smiling-couple-looking-camera-300x200.jpg 300w, https:\/\/shop.younggo-fit.de\/wp-content\/uploads\/2024\/03\/smiling-couple-looking-camera-768x512.jpg 768w, https:\/\/shop.younggo-fit.de\/wp-content\/uploads\/2024\/03\/smiling-couple-looking-camera-1536x1024.jpg 1536w, https:\/\/shop.younggo-fit.de\/wp-content\/uploads\/2024\/03\/smiling-couple-looking-camera-2048x1365.jpg 2048w, https:\/\/shop.younggo-fit.de\/wp-content\/uploads\/2024\/03\/smiling-couple-looking-camera-1220x813.jpg 1220w, https:\/\/shop.younggo-fit.de\/wp-content\/uploads\/2024\/03\/smiling-couple-looking-camera-915x610.jpg 915w, https:\/\/shop.younggo-fit.de\/wp-content\/uploads\/2024\/03\/smiling-couple-looking-camera-600x400.jpg 600w, https:\/\/shop.younggo-fit.de\/wp-content\/uploads\/2024\/03\/smiling-couple-looking-camera-393x262.jpg 393w, https:\/\/shop.younggo-fit.de\/wp-content\/uploads\/2024\/03\/smiling-couple-looking-camera-290x193.jpg 290w\" sizes=\"auto, (max-width: 1024px) 100vw, 1024px\" \/>\t\t\t\t\t\t\t\t\t\t\t\t\t\t\t<\/div>\n\t\t\t\t<\/div>\n\t\t\t\t\t<\/div>\n\t\t<\/div>\n\t\t\t\t\t<\/div>\n\t\t<\/section>\n\t\t\t\t<section class=\"wd-negative-gap elementor-section elementor-top-section elementor-element elementor-element-e971ad7 elementor-section-boxed elementor-section-height-default elementor-section-height-default\" data-id=\"e971ad7\" data-element_type=\"section\" data-e-type=\"section\">\n\t\t\t\t\t\t<div class=\"elementor-container elementor-column-gap-default\">\n\t\t\t\t\t<div class=\"elementor-column elementor-col-100 elementor-top-column elementor-element elementor-element-926e53b\" data-id=\"926e53b\" data-element_type=\"column\" data-e-type=\"column\">\n\t\t\t<div class=\"elementor-widget-wrap elementor-element-populated\">\n\t\t\t\t\t\t<div class=\"elementor-element elementor-element-c56ad97 elementor-widget-divider--view-line elementor-widget elementor-widget-divider\" data-id=\"c56ad97\" data-element_type=\"widget\" data-e-type=\"widget\" data-widget_type=\"divider.default\">\n\t\t\t\t<div class=\"elementor-widget-container\">\n\t\t\t\t\t\t\t<div class=\"elementor-divider\">\n\t\t\t<span class=\"elementor-divider-separator\">\n\t\t\t\t\t\t<\/span>\n\t\t<\/div>\n\t\t\t\t\t\t<\/div>\n\t\t\t\t<\/div>\n\t\t\t\t\t<\/div>\n\t\t<\/div>\n\t\t\t\t\t<\/div>\n\t\t<\/section>\n\t\t\t\t<section class=\"wd-negative-gap elementor-section elementor-top-section elementor-element elementor-element-9998627 elementor-section-boxed elementor-section-height-default elementor-section-height-default\" data-id=\"9998627\" data-element_type=\"section\" data-e-type=\"section\">\n\t\t\t\t\t\t<div class=\"elementor-container elementor-column-gap-default\">\n\t\t\t\t\t<div class=\"elementor-column elementor-col-50 elementor-top-column elementor-element elementor-element-4970f94\" data-id=\"4970f94\" data-element_type=\"column\" data-e-type=\"column\">\n\t\t\t<div class=\"elementor-widget-wrap elementor-element-populated\">\n\t\t\t\t\t\t<div class=\"elementor-element elementor-element-08cbcae elementor-widget elementor-widget-image\" data-id=\"08cbcae\" data-element_type=\"widget\" data-e-type=\"widget\" data-widget_type=\"image.default\">\n\t\t\t\t<div class=\"elementor-widget-container\">\n\t\t\t\t\t\t\t\t\t\t\t\t\t\t\t<img loading=\"lazy\" decoding=\"async\" width=\"1024\" height=\"576\" src=\"https:\/\/shop.younggo-fit.de\/wp-content\/uploads\/2022\/06\/20_Titelbild_Kurkuma-1024x576.jpg\" class=\"attachment-large size-large wp-image-19240\" alt=\"\" srcset=\"https:\/\/shop.younggo-fit.de\/wp-content\/uploads\/2022\/06\/20_Titelbild_Kurkuma-1024x576.jpg 1024w, https:\/\/shop.younggo-fit.de\/wp-content\/uploads\/2022\/06\/20_Titelbild_Kurkuma-430x242.jpg 430w, https:\/\/shop.younggo-fit.de\/wp-content\/uploads\/2022\/06\/20_Titelbild_Kurkuma-190x107.jpg 190w, https:\/\/shop.younggo-fit.de\/wp-content\/uploads\/2022\/06\/20_Titelbild_Kurkuma-700x394.jpg 700w, https:\/\/shop.younggo-fit.de\/wp-content\/uploads\/2022\/06\/20_Titelbild_Kurkuma-300x169.jpg 300w, https:\/\/shop.younggo-fit.de\/wp-content\/uploads\/2022\/06\/20_Titelbild_Kurkuma-768x432.jpg 768w, https:\/\/shop.younggo-fit.de\/wp-content\/uploads\/2022\/06\/20_Titelbild_Kurkuma-1536x864.jpg 1536w, https:\/\/shop.younggo-fit.de\/wp-content\/uploads\/2022\/06\/20_Titelbild_Kurkuma-960x540.jpg 960w, https:\/\/shop.younggo-fit.de\/wp-content\/uploads\/2022\/06\/20_Titelbild_Kurkuma-1220x686.jpg 1220w, https:\/\/shop.younggo-fit.de\/wp-content\/uploads\/2022\/06\/20_Titelbild_Kurkuma-915x515.jpg 915w, https:\/\/shop.younggo-fit.de\/wp-content\/uploads\/2022\/06\/20_Titelbild_Kurkuma-600x338.jpg 600w, https:\/\/shop.younggo-fit.de\/wp-content\/uploads\/2022\/06\/20_Titelbild_Kurkuma-393x221.jpg 393w, https:\/\/shop.younggo-fit.de\/wp-content\/uploads\/2022\/06\/20_Titelbild_Kurkuma-290x163.jpg 290w, https:\/\/shop.younggo-fit.de\/wp-content\/uploads\/2022\/06\/20_Titelbild_Kurkuma.jpg 1920w\" sizes=\"auto, (max-width: 1024px) 100vw, 1024px\" \/>\t\t\t\t\t\t\t\t\t\t\t\t\t\t\t<\/div>\n\t\t\t\t<\/div>\n\t\t\t\t\t<\/div>\n\t\t<\/div>\n\t\t\t\t<div class=\"elementor-column elementor-col-50 elementor-top-column elementor-element elementor-element-3199fbc\" data-id=\"3199fbc\" data-element_type=\"column\" data-e-type=\"column\">\n\t\t\t<div class=\"elementor-widget-wrap elementor-element-populated\">\n\t\t\t\t\t\t<div class=\"elementor-element elementor-element-7e241cb color-scheme-inherit text-left elementor-widget elementor-widget-text-editor\" data-id=\"7e241cb\" data-element_type=\"widget\" data-e-type=\"widget\" data-widget_type=\"text-editor.default\">\n\t\t\t\t<div class=\"elementor-widget-container\">\n\t\t\t\t\t\t\t\t\t<p>Curry ist ein beliebtes Essen und das nicht nur in Asien. Prinzipiell ist Curry eine Mischung aus verschiedenen Gew\u00fcrzen und meistens ist es gelb. Diese Farbe stammt von einem ganz besonderen Gew\u00fcrz \u2013 dem Kurkuma oder im lateinischen Curcuma longa. Diese Kurkuma-Art und Curcuma xanthorrizae, die Javanische Gelbwurz, dienen seit Jahrtausenden als Arzneikr\u00e4uter.<\/p>\t\t\t\t\t\t\t\t<\/div>\n\t\t\t\t<\/div>\n\t\t\t\t\t<\/div>\n\t\t<\/div>\n\t\t\t\t\t<\/div>\n\t\t<\/section>\n\t\t\t\t<section class=\"wd-negative-gap elementor-section elementor-top-section elementor-element elementor-element-6e48979 elementor-section-boxed elementor-section-height-default elementor-section-height-default\" data-id=\"6e48979\" data-element_type=\"section\" data-e-type=\"section\">\n\t\t\t\t\t\t<div class=\"elementor-container elementor-column-gap-default\">\n\t\t\t\t\t<div class=\"elementor-column elementor-col-50 elementor-top-column elementor-element elementor-element-de3e9eb\" data-id=\"de3e9eb\" data-element_type=\"column\" data-e-type=\"column\">\n\t\t\t<div class=\"elementor-widget-wrap elementor-element-populated\">\n\t\t\t\t\t\t<div class=\"elementor-element elementor-element-1ec016c color-scheme-inherit text-left elementor-widget elementor-widget-text-editor\" data-id=\"1ec016c\" data-element_type=\"widget\" data-e-type=\"widget\" data-widget_type=\"text-editor.default\">\n\t\t\t\t<div class=\"elementor-widget-container\">\n\t\t\t\t\t\t\t\t\t<p>Jeder hat doch sicher schon einmal mitbekommen, dass wir die besten Ideen und Einf\u00e4lle meist dann haben, wenn wir uns bewegen oder Sport treiben. Selten l\u00f6sen wir schwierige Probleme auf dem Sofa oder sitzend am Schreibtisch, sondern wir wandern durch das B\u00fcro oder gehen laufen.<\/p>\t\t\t\t\t\t\t\t<\/div>\n\t\t\t\t<\/div>\n\t\t\t\t\t<\/div>\n\t\t<\/div>\n\t\t\t\t<div class=\"elementor-column elementor-col-50 elementor-top-column elementor-element elementor-element-8a2f387\" data-id=\"8a2f387\" data-element_type=\"column\" data-e-type=\"column\">\n\t\t\t<div class=\"elementor-widget-wrap elementor-element-populated\">\n\t\t\t\t\t\t<div class=\"elementor-element elementor-element-be5a0fd elementor-widget elementor-widget-image\" data-id=\"be5a0fd\" data-element_type=\"widget\" data-e-type=\"widget\" data-widget_type=\"image.default\">\n\t\t\t\t<div class=\"elementor-widget-container\">\n\t\t\t\t\t\t\t\t\t\t\t\t\t\t\t<img loading=\"lazy\" decoding=\"async\" width=\"1024\" height=\"576\" src=\"https:\/\/shop.younggo-fit.de\/wp-content\/uploads\/2022\/06\/44_Titelbild_Lauf-dich-geistig-fit-1024x576.jpg\" class=\"attachment-large size-large wp-image-19286\" alt=\"\" srcset=\"https:\/\/shop.younggo-fit.de\/wp-content\/uploads\/2022\/06\/44_Titelbild_Lauf-dich-geistig-fit-1024x576.jpg 1024w, https:\/\/shop.younggo-fit.de\/wp-content\/uploads\/2022\/06\/44_Titelbild_Lauf-dich-geistig-fit-430x242.jpg 430w, https:\/\/shop.younggo-fit.de\/wp-content\/uploads\/2022\/06\/44_Titelbild_Lauf-dich-geistig-fit-190x107.jpg 190w, https:\/\/shop.younggo-fit.de\/wp-content\/uploads\/2022\/06\/44_Titelbild_Lauf-dich-geistig-fit-700x394.jpg 700w, https:\/\/shop.younggo-fit.de\/wp-content\/uploads\/2022\/06\/44_Titelbild_Lauf-dich-geistig-fit-300x169.jpg 300w, https:\/\/shop.younggo-fit.de\/wp-content\/uploads\/2022\/06\/44_Titelbild_Lauf-dich-geistig-fit-768x432.jpg 768w, https:\/\/shop.younggo-fit.de\/wp-content\/uploads\/2022\/06\/44_Titelbild_Lauf-dich-geistig-fit-1536x864.jpg 1536w, https:\/\/shop.younggo-fit.de\/wp-content\/uploads\/2022\/06\/44_Titelbild_Lauf-dich-geistig-fit-960x540.jpg 960w, https:\/\/shop.younggo-fit.de\/wp-content\/uploads\/2022\/06\/44_Titelbild_Lauf-dich-geistig-fit-1220x686.jpg 1220w, https:\/\/shop.younggo-fit.de\/wp-content\/uploads\/2022\/06\/44_Titelbild_Lauf-dich-geistig-fit-915x515.jpg 915w, https:\/\/shop.younggo-fit.de\/wp-content\/uploads\/2022\/06\/44_Titelbild_Lauf-dich-geistig-fit-600x338.jpg 600w, https:\/\/shop.younggo-fit.de\/wp-content\/uploads\/2022\/06\/44_Titelbild_Lauf-dich-geistig-fit-393x221.jpg 393w, https:\/\/shop.younggo-fit.de\/wp-content\/uploads\/2022\/06\/44_Titelbild_Lauf-dich-geistig-fit-290x163.jpg 290w, https:\/\/shop.younggo-fit.de\/wp-content\/uploads\/2022\/06\/44_Titelbild_Lauf-dich-geistig-fit.jpg 1920w\" sizes=\"auto, (max-width: 1024px) 100vw, 1024px\" \/>\t\t\t\t\t\t\t\t\t\t\t\t\t\t\t<\/div>\n\t\t\t\t<\/div>\n\t\t\t\t\t<\/div>\n\t\t<\/div>\n\t\t\t\t\t<\/div>\n\t\t<\/section>\n\t\t\t\t<section class=\"wd-negative-gap elementor-section elementor-top-section elementor-element elementor-element-3a83be9 elementor-section-content-middle elementor-section-boxed elementor-section-height-default elementor-section-height-default\" data-id=\"3a83be9\" data-element_type=\"section\" data-e-type=\"section\">\n\t\t\t\t\t\t<div class=\"elementor-container elementor-column-gap-default\">\n\t\t\t\t\t<div class=\"elementor-column elementor-col-100 elementor-top-column elementor-element elementor-element-5011345\" data-id=\"5011345\" data-element_type=\"column\" data-e-type=\"column\">\n\t\t\t<div class=\"elementor-widget-wrap elementor-element-populated\">\n\t\t\t\t\t\t<div class=\"elementor-element elementor-element-238892a elementor-widget-divider--view-line elementor-widget elementor-widget-divider\" data-id=\"238892a\" data-element_type=\"widget\" data-e-type=\"widget\" data-widget_type=\"divider.default\">\n\t\t\t\t<div class=\"elementor-widget-container\">\n\t\t\t\t\t\t\t<div class=\"elementor-divider\">\n\t\t\t<span class=\"elementor-divider-separator\">\n\t\t\t\t\t\t<\/span>\n\t\t<\/div>\n\t\t\t\t\t\t<\/div>\n\t\t\t\t<\/div>\n\t\t\t\t\t<\/div>\n\t\t<\/div>\n\t\t\t\t\t<\/div>\n\t\t<\/section>\n\t\t\t\t<section class=\"wd-negative-gap elementor-section elementor-top-section elementor-element elementor-element-7084b54d elementor-section-content-middle elementor-section-boxed elementor-section-height-default elementor-section-height-default\" data-id=\"7084b54d\" data-element_type=\"section\" data-e-type=\"section\" data-settings=\"{&quot;background_background&quot;:&quot;classic&quot;}\">\n\t\t\t\t\t\t<div class=\"elementor-container elementor-column-gap-default\">\n\t\t\t\t\t<div class=\"elementor-column elementor-col-50 elementor-top-column elementor-element elementor-element-5ca726a8\" data-id=\"5ca726a8\" data-element_type=\"column\" data-e-type=\"column\">\n\t\t\t<div class=\"elementor-widget-wrap elementor-element-populated\">\n\t\t\t\t\t\t<div class=\"elementor-element elementor-element-86e7e96 color-scheme-inherit text-left elementor-widget elementor-widget-text-editor\" data-id=\"86e7e96\" data-element_type=\"widget\" data-e-type=\"widget\" data-widget_type=\"text-editor.default\">\n\t\t\t\t<div class=\"elementor-widget-container\">\n\t\t\t\t\t\t\t\t\t<p>Das YoungGo Expertenteam besteht aus Fach\u00e4rzten, Wissenschaftlern &amp; Gesundheitsexperten, welche sich f\u00fcr die Verwirklichung eines langen und vitalen Lebens einsetzt.\u00a0<br \/>Wir sehen es als unsere Mission, f\u00fcr Gesundheit zu Forschen und stets die besten Produkte zu entwickeln. Dabei basieren unsere Ergebnisse stets auf den aktuellsten Erkenntnissen der Wissenschaft.<\/p>\t\t\t\t\t\t\t\t<\/div>\n\t\t\t\t<\/div>\n\t\t\t\t\t<\/div>\n\t\t<\/div>\n\t\t\t\t<div class=\"elementor-column elementor-col-50 elementor-top-column elementor-element elementor-element-e9ae1ce\" data-id=\"e9ae1ce\" data-element_type=\"column\" data-e-type=\"column\">\n\t\t\t<div class=\"elementor-widget-wrap\">\n\t\t\t\t\t\t\t<\/div>\n\t\t<\/div>\n\t\t\t\t\t<\/div>\n\t\t<\/section>\n\t\t\t\t<\/div>","protected":false},"excerpt":{"rendered":"<p>&#8222;AKTION f\u00fcr NEUKUNDEN&#8220; NEUKUNDEN erhalten beim Kauf eines YoungGo\u00ae Probioghurt Neukunden- aktion einmalig einen Girmi (Eine Yogurteria im Wert von<\/p>","protected":false},"author":2442,"featured_media":0,"parent":0,"menu_order":0,"comment_status":"closed","ping_status":"closed","template":"","meta":{"_acf_changed":false,"footnotes":""},"class_list":["post-5748","page","type-page","status-publish","hentry"],"acf":[],"_links":{"self":[{"href":"https:\/\/shop.younggo-fit.de\/en\/wp-json\/wp\/v2\/pages\/5748","targetHints":{"allow":["GET"]}}],"collection":[{"href":"https:\/\/shop.younggo-fit.de\/en\/wp-json\/wp\/v2\/pages"}],"about":[{"href":"https:\/\/shop.younggo-fit.de\/en\/wp-json\/wp\/v2\/types\/page"}],"author":[{"embeddable":true,"href":"https:\/\/shop.younggo-fit.de\/en\/wp-json\/wp\/v2\/users\/2442"}],"replies":[{"embeddable":true,"href":"https:\/\/shop.younggo-fit.de\/en\/wp-json\/wp\/v2\/comments?post=5748"}],"version-history":[{"count":0,"href":"https:\/\/shop.younggo-fit.de\/en\/wp-json\/wp\/v2\/pages\/5748\/revisions"}],"wp:attachment":[{"href":"https:\/\/shop.younggo-fit.de\/en\/wp-json\/wp\/v2\/media?parent=5748"}],"curies":[{"name":"wp","href":"https:\/\/api.w.org\/{rel}","templated":true}]}}