{"id":6968,"date":"2020-11-01T22:43:55","date_gmt":"2020-11-01T22:43:55","guid":{"rendered":"https:\/\/younggo-fit.de\/impressum\/"},"modified":"2025-09-09T12:24:37","modified_gmt":"2025-09-09T10:24:37","slug":"impressum","status":"publish","type":"page","link":"https:\/\/shop.younggo-fit.de\/en\/impressum\/","title":{"rendered":"Impressum"},"content":{"rendered":"\t\t<div data-elementor-type=\"wp-page\" data-elementor-id=\"6968\" class=\"elementor elementor-6968\" data-elementor-post-type=\"page\">\n\t\t\t\t\t\t<section class=\"wd-negative-gap elementor-section elementor-top-section elementor-element elementor-element-30529e8c elementor-section-boxed elementor-section-height-default elementor-section-height-default\" data-id=\"30529e8c\" data-element_type=\"section\" data-e-type=\"section\">\n\t\t\t\t\t\t<div class=\"elementor-container elementor-column-gap-default\">\n\t\t\t\t\t<div class=\"elementor-column elementor-col-100 elementor-top-column elementor-element elementor-element-45c3bb72\" data-id=\"45c3bb72\" data-element_type=\"column\" data-e-type=\"column\">\n\t\t\t<div class=\"elementor-widget-wrap elementor-element-populated\">\n\t\t\t\t\t\t<div class=\"elementor-element elementor-element-6033e425 color-scheme-inherit text-left elementor-widget elementor-widget-text-editor\" data-id=\"6033e425\" data-element_type=\"widget\" data-e-type=\"widget\" data-widget_type=\"text-editor.default\">\n\t\t\t\t<div class=\"elementor-widget-container\">\n\t\t\t\t\t\t\t\t\t<p>YoungGo\u00ae<br \/>eine Marke der FitXsund.de GmbH<\/p>\n<p style=\"font-weight: 400;\"><strong>fit-xsund.de GmbH<\/strong><\/p>\n<p style=\"font-weight: 400;\">D\u00fcrerstra\u00dfe 30<br \/>08527 Plauen<\/p>\n<p><!-- \/wp:heading --><!-- wp:heading {\"level\":3} --><\/p>\n<p><!-- \/wp:heading --><!-- wp:paragraph --><\/p>\n<p><!-- \/wp:paragraph --><!-- wp:heading --><\/p>\n<h2 class=\"wp-block-heading\">Vertreten durch:<\/h2>\n<p><!-- \/wp:heading --><!-- wp:paragraph --><\/p>\n<p>Nadja B\u00e4chle<\/p>\n<p><!-- \/wp:paragraph --><!-- wp:heading --><\/p>\n<h2 class=\"wp-block-heading\">Kontakt:<\/h2>\n<p><!-- \/wp:heading --><!-- wp:paragraph --><\/p>\n<p>Telefon: \u00a00177-3681443<\/p>\n<p><!-- \/wp:paragraph --><!-- wp:paragraph --><\/p>\n<p>E-Mail: info@fit-xsund.de<\/p>\n<p><!-- \/wp:paragraph --><!-- wp:heading --><\/p>\n<h2 class=\"wp-block-heading\">Registereintrag:<\/h2>\n<p><!-- \/wp:heading --><!-- wp:paragraph --><\/p>\n<p style=\"font-weight: 400;\">HRB-Nr.: 35875<\/p>\n<p style=\"font-weight: 400;\">Umsatzsteuer-ID: DE365642601<\/p>\n<p><!-- \/wp:paragraph --><!-- wp:heading --><\/p>\n<h2 class=\"wp-block-heading\">Umsatzsteuer-ID:<\/h2>\n<p><!-- \/wp:heading --><!-- wp:paragraph --><\/p>\n<p>Umsatzsteuer-Identifikationsnummer gem\u00e4\u00df \u00a727 a Umsatzsteuergesetz:<br \/>DE365642601<\/p>\n<p><!-- \/wp:paragraph --><!-- wp:paragraph --><\/p>\n<p>Quelle:\u00a0<em>Erstellt mit dem\u00a0<a href=\"http:\/\/www.mth-partner.de\/impressumgenerator\/impressum-generator.php\" target=\"_blank\" rel=\"noreferrer noopener\">Impressum-Generator<\/a>\u00a0<\/em><\/p>\n<p><!-- \/wp:paragraph --><!-- wp:heading --><\/p>\n<h2 class=\"wp-block-heading\">Haftungsausschluss:<\/h2>\n<p><!-- \/wp:heading --><!-- wp:paragraph --><\/p>\n<p class=\"\" data-start=\"291\" data-end=\"1269\"><strong data-start=\"291\" data-end=\"314\">Haftung f\u00fcr Inhalte<\/strong><br data-start=\"314\" data-end=\"317\" \/>Die Inhalte unserer Seiten wurden mit gr\u00f6\u00dfter Sorgfalt erstellt. F\u00fcr die Richtigkeit, Vollst\u00e4ndigkeit und Aktualit\u00e4t der Inhalte k\u00f6nnen wir jedoch keine Gew\u00e4hr \u00fcbernehmen.<br data-start=\"488\" data-end=\"491\" \/>Als Diensteanbieter sind wir gem\u00e4\u00df <strong data-start=\"526\" data-end=\"570\">\u00a7 7 Abs. 1 Digitale-Dienste-Gesetz (DDG)<\/strong> f\u00fcr eigene Inhalte auf diesen Seiten nach den allgemeinen Gesetzen verantwortlich. Nach <strong data-start=\"659\" data-end=\"678\">\u00a7\u00a7 8 bis 10 DDG<\/strong> sind wir als Diensteanbieter jedoch nicht verpflichtet, \u00fcbermittelte oder gespeicherte fremde Informationen dauerhaft zu \u00fcberwachen oder nach Umst\u00e4nden zu forschen, die auf eine rechtswidrige T\u00e4tigkeit hinweisen. Verpflichtungen zur Entfernung oder Sperrung der Nutzung von Informationen nach den allgemeinen Gesetzen bleiben hiervon unber\u00fchrt. Eine diesbez\u00fcgliche Haftung ist jedoch erst ab dem Zeitpunkt der Kenntnis einer konkreten Rechtsverletzung m\u00f6glich. Bei Bekanntwerden entsprechender Rechtsverletzungen entfernen wir diese Inhalte umgehend. <span class=\"ms-1 inline-flex max-w-full items-center relative top-[-0.094rem] animate-[show_150ms_ease-in]\"><a class=\"flex h-4.5 overflow-hidden rounded-xl px-2 text-[0.5625em] font-medium text-token-text-secondary! bg-[#F4F4F4]! dark:bg-[#303030]! transition-colors duration-150 ease-in-out\" href=\"https:\/\/de.wikipedia.org\/wiki\/Digitale-Dienste-Gesetz?utm_source=chatgpt.com\" target=\"_blank\" rel=\"noopener\"><span class=\"relative start-0 bottom-0 flex h-full w-full items-center\"><span class=\"flex h-4 w-full items-center justify-between overflow-hidden\"><span class=\"max-w-full grow truncate overflow-hidden text-center\">Wikipedia \u2013 Die freie Enzyklop\u00e4die<\/span><\/span><\/span><\/a><\/span><\/p>\n<p class=\"\" data-start=\"1271\" data-end=\"1948\"><strong data-start=\"1271\" data-end=\"1287\">Urheberrecht<\/strong><br data-start=\"1287\" data-end=\"1290\" \/>Die durch die Seitenbetreiber erstellten Inhalte und Werke auf dieser Website unterliegen dem deutschen Urheberrecht. Beitr\u00e4ge Dritter sind als solche gekennzeichnet. Die Vervielf\u00e4ltigung, Bearbeitung, Verbreitung und jede Art der Verwertung au\u00dferhalb der Grenzen des Urheberrechts bed\u00fcrfen der schriftlichen Zustimmung des jeweiligen Autors \/ Erstellers. Downloads und Kopien dieser Seite sind nur f\u00fcr den privaten, nicht-kommerziellen Gebrauch gestattet. Solltest du trotzdem auf eine Urheberrechtsverletzung aufmerksam werden, bitten wir um einen entsprechenden Hinweis; bei Bekanntwerden von Rechtsverletzungen entfernen wir derartige Inhalte umgehend.<\/p>\n<p class=\"\" data-start=\"1950\" data-end=\"2685\"><strong data-start=\"1950\" data-end=\"1965\">Datenschutz<\/strong><br data-start=\"1965\" data-end=\"1968\" \/>Die Nutzung unserer Website ist in der Regel ohne Angabe personenbezogener Daten m\u00f6glich. Soweit auf unseren Seiten personenbezogene Daten (z. B. Name, Anschrift oder E-Mail-Adresse) erhoben werden, erfolgt dies stets auf freiwilliger Basis und im Einklang mit der <strong data-start=\"2233\" data-end=\"2245\">EU-DSGVO<\/strong> sowie dem <strong data-start=\"2256\" data-end=\"2315\">Telekommunikation-Telemedien-Datenschutz-Gesetz (TTDSG)<\/strong>. Ohne deine ausdr\u00fcckliche Zustimmung geben wir diese Daten nicht an Dritte weiter. Bitte beachte, dass die Daten\u00fcbertragung im Internet (z. B. bei der Kommunikation per E-Mail) Sicherheitsl\u00fccken aufweisen kann; ein l\u00fcckenloser Schutz der Daten vor dem Zugriff durch Dritte ist nicht m\u00f6glich. Weitere Informationen findest du in unserer separaten Datenschutzerkl\u00e4rung.<\/p>\n<p class=\"\" data-start=\"2687\" data-end=\"2987\"><strong data-start=\"2687\" data-end=\"2706\">Streitbeilegung<\/strong><br data-start=\"2706\" data-end=\"2709\" \/>Die Europ\u00e4ische Kommission stellt eine Plattform zur Online-Streitbeilegung (OS) bereit, die du unter <a class=\"\" href=\"https:\/\/ec.europa.eu\/consumers\/odr\/\" target=\"_new\" rel=\"noopener\" data-start=\"2811\" data-end=\"2846\">https:\/\/ec.europa.eu\/consumers\/odr\/<\/a> findest. Wir sind weder verpflichtet noch bereit, an einem Streitbeilegungsverfahren vor einer Verbraucherschlichtungsstelle teilzunehmen.<\/p>\n<p>\u00a0<\/p>\n<p><!-- \/wp:paragraph --><\/p>\t\t\t\t\t\t\t\t<\/div>\n\t\t\t\t<\/div>\n\t\t\t\t\t<\/div>\n\t\t<\/div>\n\t\t\t\t\t<\/div>\n\t\t<\/section>\n\t\t\t\t<\/div>\n\t\t","protected":false},"excerpt":{"rendered":"<p>YoungGo\u00aeeine Marke der FitXsund.de GmbH fit-xsund.de GmbH D\u00fcrerstra\u00dfe 3008527 Plauen Vertreten durch: Nadja B\u00e4chle Kontakt: Telefon: \u00a00177-3681443 E-Mail: info@fit-xsund.de Registereintrag:<\/p>","protected":false},"author":2442,"featured_media":0,"parent":0,"menu_order":0,"comment_status":"closed","ping_status":"closed","template":"","meta":{"_acf_changed":false,"footnotes":""},"class_list":["post-6968","page","type-page","status-publish","hentry"],"acf":[],"_links":{"self":[{"href":"https:\/\/shop.younggo-fit.de\/en\/wp-json\/wp\/v2\/pages\/6968","targetHints":{"allow":["GET"]}}],"collection":[{"href":"https:\/\/shop.younggo-fit.de\/en\/wp-json\/wp\/v2\/pages"}],"about":[{"href":"https:\/\/shop.younggo-fit.de\/en\/wp-json\/wp\/v2\/types\/page"}],"author":[{"embeddable":true,"href":"https:\/\/shop.younggo-fit.de\/en\/wp-json\/wp\/v2\/users\/2442"}],"replies":[{"embeddable":true,"href":"https:\/\/shop.younggo-fit.de\/en\/wp-json\/wp\/v2\/comments?post=6968"}],"version-history":[{"count":0,"href":"https:\/\/shop.younggo-fit.de\/en\/wp-json\/wp\/v2\/pages\/6968\/revisions"}],"wp:attachment":[{"href":"https:\/\/shop.younggo-fit.de\/en\/wp-json\/wp\/v2\/media?parent=6968"}],"curies":[{"name":"wp","href":"https:\/\/api.w.org\/{rel}","templated":true}]}}