{"id":7118,"date":"2020-11-15T23:03:41","date_gmt":"2020-11-15T23:03:41","guid":{"rendered":"https:\/\/younggo-fit.de\/affiliate-tos-page\/"},"modified":"2023-03-05T05:47:44","modified_gmt":"2023-03-05T04:47:44","slug":"affiliate-tos-page","status":"publish","type":"page","link":"https:\/\/shop.younggo-fit.de\/en\/affiliate-tos-page\/","title":{"rendered":"Affiliate AGB"},"content":{"rendered":"<div data-elementor-type=\"wp-page\" data-elementor-id=\"7118\" class=\"elementor elementor-7118\" data-elementor-post-type=\"page\">\n\t\t\t\t\t\t<section class=\"wd-negative-gap elementor-section elementor-top-section elementor-element elementor-element-887c5ff elementor-section-boxed elementor-section-height-default elementor-section-height-default\" data-id=\"887c5ff\" data-element_type=\"section\" data-e-type=\"section\">\n\t\t\t\t\t\t<div class=\"elementor-container elementor-column-gap-default\">\n\t\t\t\t\t<div class=\"elementor-column elementor-col-100 elementor-top-column elementor-element elementor-element-6187377\" data-id=\"6187377\" data-element_type=\"column\" data-e-type=\"column\">\n\t\t\t<div class=\"elementor-widget-wrap elementor-element-populated\">\n\t\t\t\t\t\t<div class=\"elementor-element elementor-element-dd3de53 elementor-widget elementor-widget-heading\" data-id=\"dd3de53\" data-element_type=\"widget\" data-e-type=\"widget\" data-widget_type=\"heading.default\">\n\t\t\t\t<div class=\"elementor-widget-container\">\n\t\t\t\t\t<h2 class=\"elementor-heading-title elementor-size-default\">Allgemeine Gesch\u00e4ftsbedingungen f\u00fcr Gesch\u00e4ftspartner (nachfolgend Markenbotschafter\ngenannt) der Global Well International GmbH &amp; Co. KG (Global Well Int.)<\/h2>\t\t\t\t<\/div>\n\t\t\t\t<\/div>\n\t\t\t\t\t<\/div>\n\t\t<\/div>\n\t\t\t\t\t<\/div>\n\t\t<\/section>\n\t\t\t\t<section class=\"elementor-section elementor-top-section elementor-element elementor-element-ae39e77 elementor-section-boxed elementor-section-height-default elementor-section-height-default\" data-id=\"ae39e77\" data-element_type=\"section\" data-e-type=\"section\">\n\t\t\t\t\t\t<div class=\"elementor-container elementor-column-gap-default\">\n\t\t\t\t\t<div class=\"elementor-column elementor-col-100 elementor-top-column elementor-element elementor-element-72f91c4\" data-id=\"72f91c4\" data-element_type=\"column\" data-e-type=\"column\">\n\t\t\t<div class=\"elementor-widget-wrap elementor-element-populated\">\n\t\t\t\t\t\t<div class=\"elementor-element elementor-element-9711749 color-scheme-inherit text-left elementor-widget elementor-widget-text-editor\" data-id=\"9711749\" data-element_type=\"widget\" data-e-type=\"widget\" data-widget_type=\"text-editor.default\">\n\t\t\t\t<div class=\"elementor-widget-container\">\n\t\t\t\t\t\t\t\t\t<p>1. Rechtsstellung des Markenbotschafter<\/p><p>1.1 Der Markenbotschafter ist selbstst\u00e4ndiger Gewerbetreibender, der durch die Vermittlung von Dienstleistungen und Produkten der Global Well International<\/p><p>unternehmerische Einku\u0308nfte erzielen will.<\/p><p>1.2 Bei seiner Vermittlert\u00e4tigkeit kann der Markenbotschafter in eigenem Namen, Dienstleistungen und Produkte der Global Well Int. an Endverbraucher<\/p><p>vermitteln.<\/p><p>1.3 Der Markenbotschafter\u00a0bestimmt Ort, Art, Zeit und Umfang seiner T\u00e4tigkeit frei, eigenverantwortlich und ohne jede Weisungen. Der Markenbotschafter\u00a0hat alle<\/p><p>mit seinem Gesch\u00e4ft zusammenh\u00e4ngenden Kosten selbst zu tragen. Als Unternehmer ist er fu\u0308r die Erfu\u0308llung aller sich aus seiner T\u00e4tigkeit<\/p><p>ergebenden gesetzlichen Pflichten (Gewerbeanmeldung, Einkommensteuer, Umsatzsteuer, Sozialversicherungsrecht, Wettbewerbsrecht) selbst<\/p><p>verantwortlich.<\/p><p>1.4 Der Markenbotschafter kann sich im Rahmen seiner T\u00e4tigkeit ein Netzwerk aus weiteren Markenbotschaftern aufbauen, an deren Ums\u00e4tzen er gem\u00e4\u00df dem<\/p><p>aktuellen Bonus Plan beteiligt ist. Der jeweils gu\u0308ltige Bonus Plan ist Bestandteil der Zusammenarbeit.<\/p><p>2. Beginn und Ende der Partnerschaft<\/p><p>2.1 Die Partnerschaft setzt eine vollst\u00e4ndig und leserlich ausgefu\u0308llte Registrierung (Online oder in Papierform) des Markenbotschafter\u00a0voraus. Fu\u0308r die<\/p><p>Registrierung wird dem Markenbotschafter\u00a0eine einmalige Setup Gebu\u0308hr in H\u00f6he von \u20ac 49,70 berechnet. Die Registrierung zum Markenbotschafter\u00a0ist rechtswirksam<\/p><p>vereinbart, sobald die Setup Gebu\u0308hr bezahlt und die entsprechende Registrierung nach den Bedingungen der Global Well Int. fu\u0308r eine<\/p><p>Zusammenarbeit mit dem Markenbotschafter durch die Global Well Int. angenommen wurde. Ein Zugang einer gesonderten Annahmeerkl\u00e4rung ist nicht<\/p><p>erforderlich.<\/p><p>2.2 Der Markenbotschafter\u00a0\u00a0kann innerhalb von 30 Tagen ab Vertragsbeginn ohne Angabe von Gru\u0308nden durch schriftliche Erkl\u00e4rung gegenu\u0308ber der Global<\/p><p>Well Int. vom Vertrag zuru\u0308cktreten.<\/p><p>2.3 Die Zusammenarbeit zwischen der Global Well Int. und dem Markenbotschafter wird auf unbestimmte Zeit vereinbart und kann jederzeit mit gesetzlicher<\/p><p>Frist ordentlich geku\u0308ndigt werden. Das Recht zur au\u00dferordentlichen Ku\u0308ndigung aus wichtigem Grund bleibt unberu\u0308hrt. Verst\u00f6\u00dft der Markenbotschafter\u00a0gegen<\/p><p>seine Verpflichtungen nach 5.1, 6.1,6.2, der Markenbotschafter-Regeln, so sieht die Global Well Int. dies als einen wichtigen Grund zur Ku\u0308ndigung an.<\/p><p>2.4 Eine wichtige S\u00e4ule der Gesch\u00e4ftsgrundlage ist der Linienschutz des Markenbotschafter\u00a0Bonus Programms. Sie ist die Grundlage fu\u0308r die gemeinsame<\/p><p>Gesch\u00e4ftsbeziehung. Sie ist ein Schutz fu\u0308r alle Markenbotschafter\u00a0der Global Well Int. Ein aktiver Markenbotschafter\u00a0kann nicht in eine andere Markenbotschafter\u00a0Linie wechseln. Markenbotschafter\u00a0und deren Ehegatten k\u00f6nnen sich erst 12 Monate nach Beendigung der Gesch\u00e4ftspartnerschaft mit der Global Well Int. neu als Markenbotschafter\u00a0registrieren. Als Zeitpunkt der Beendigung gilt das Datum der Ku\u0308ndigung. Falls nachgewiesen werden kann, dass der Markenbotschafter\u00a0einen Strohmann beauftragt, die Markenbotschafter\u00a0\u00a0Linie zu wechseln, fu\u0308hrt dies zur Beendigung der Gesch\u00e4ftspartnerschaft. Ein Wechsel innerhalb der Markenbotschafter Linie ist nicht m\u00f6glich.<\/p><p>3. Bonusanspru\u0308che des Markenbotschafter\u00a0\/ Aktivstatus<\/p><p>3.1 Fu\u0308r die Vermittlung von Dienstleistungen und Produkten der Global Well Int. hat der Markenbotschafter\u00a0Anspruch auf Provisions- und Bonuszahlungen.<\/p><p>Voraussetzungen und H\u00f6he der Zahlungen ergeben sich aus dem YoungGo\u00ae Bonus Plan fu\u0308r Markenbotschafter\u00a0in seiner bei der Vermittlung gu\u0308ltigen<\/p><p>Fassung. Die Global Well Int. hat insoweit ein Bestimmungsrecht, das von der Global Well Int. im jeweils gu\u0308ltigen YoungGo\u00ae Bonus Plan fu\u0308r Markenbotschafter\u00a0<\/p><p>einheitlich fu\u0308r alle registrierten und aktiven Markenbotschafter\u00a0ausgeu\u0308bt wird.<\/p><p>3.2 Eine wesentliche Voraussetzung fu\u0308r eine Provisions- und Bonusberechtigung ist der Aktivstatus. Dieser ist gegeben durch die Abbuchung der<\/p><p>monatlichen Servicepauschale fu\u0308r das ServiceOffice und die zur Verfu\u0308gung gestellten Leistungen von \u20ac 9,70 und im aktuellen Produktionsmonat<\/p><p>einem pers\u00f6nlichen Eigenumsatz von 39 IP (Impuls Punkten \/ Erkl\u00e4rung siehe YoungGo\u00ae Bonus Plan) get\u00e4tigt hat.<\/p><p>3.3 Der Anspruch auf Provisions- und Bonuszahlungen entsteht mit vollst\u00e4ndiger und endgu\u0308ltiger Zahlung (kein Widerspruch oder sonstige<\/p><p>Ru\u0308ckabwicklung der Bestellung) des Produktpreises an die Global Well Int.<\/p><p>3.4 Die Global Well Int. rechnet die Provisions- und Bonuszahlungen monatlich ab. Die Auszahlung erfolgt nicht automatisch, sondern kann vom Markenbotschafter angesammelt und bei Bedarf angefordert werden. Ergibt die monatliche Abrechnung einen Betrag von weniger als 5,00 Euro, wird die Auszahlung ggf. auf den kommenden Monat so<\/p><p>lange kumuliert, bis dieser Betrag erreicht wird.<\/p><p>3.5 Die Abrechnung erfolgt nur dann mit Umsatzsteuer, wenn der Markenbotschafter der Global Well Int. zuvor schriftlich und unter Angabe seiner<\/p><p>Steuernummer und des zust\u00e4ndigen Finanzamtes mitgeteilt hat, dass er zum Vorsteuerausweis berechtigt ist. Ist der Markenbotschafter<\/p><p>vorsteuerabzugsberechtigt, so ist der Nachweis der Umsatzsteuer-ID-Nummer \u201eDE&#8230;\u201c an die Global Well Int. einzureichen.<\/p><p>3.6 Einwendungen gegen die Abrechnung der festgestellten Auszahlungsbetr\u00e4ge sind innerhalb eines Monats nach Zugang der Abrechnung schriftlich<\/p><p>der Global Well Int. gegenu\u0308ber zu erheben. Ansonsten gilt die Abrechnung als genehmigt.<\/p><p>3.7 Global Well Int. ist berechtigt, s\u00e4mtliche Zahlungsanspru\u0308che bzw. sonstige offene Forderungen aus der Gesch\u00e4ftsbeziehung mit dem Markenbotschafter mit<\/p><p>danach entstandenen oder noch entstehenden Anspru\u0308chen des Partners aufzurechnen und diese zur Sicherheit einzubehalten.<\/p><p>3.8 Die Abrechnung steht dem Markenbotschafter\u00a0in seinem Internet-Office zum Ausdruck als .PDF-Datei bereit. Wu\u0308nscht der Markenbotschafter\u00a0dennoch die<\/p><p>\u00dcbermittlung per Post, f\u00e4llt pro Abrechnung eine Verwaltungspauschale von 2,50 Euro an.<\/p><p>3.9. Sollte der Statuts des Markenbotschafter l\u00e4nger als sechs Monate inaktiv sein, wird die Markenbotschafter ID auf eine Endkundennummer automatisch umgestellt.<\/p><p>Der Endkunde hat danach aber jederzeit die M\u00f6glichkeit sich wieder neu als Markenbotschafter\u00a0zu registrieren.<\/p><p>4. Anderweitige Vertriebst\u00e4tigkeit des Markenbotschafter\u00a0<\/p><p>4.1 Anderweitige Vertriebst\u00e4tigkeiten sind dem Markenbotschafter\u00a0grunds\u00e4tzlich erlaubt.<\/p><p>5. Bezug und Vertrieb von GWI-Produkten<\/p><p>5.1 Der Markenbotschafter\u00a0bestellt und bezieht die YoungGo\u00ae-Produkte und Dienstleistungen ausschlie\u00dflich unmittelbar u\u0308ber Global Well Int. Der Bezug von<\/p><p>YoungGo\u00ae Produkten und Dienstleistungen von einem anderen Markenbotschafter\u00a0ist nicht gestattet.<\/p><p>5.2 Der Markenbotschafter\u00a0entscheidet frei, ob und in welcher Menge er bei der Global Well Int. Produkte bestellt. Eine Mindestabnahmepflicht besteht nicht.<\/p><p>5.3 Alle Bestellungen des Markenbotschafter\u00a0erfolgen nach der zum Zeitpunkt der Bestellungen gu\u0308ltigen Preisliste der Global Well Int. Die Preise verstehen<\/p><p>sich regelm\u00e4\u00dfig zuzu\u0308glich Umsatzsteuer, sowie Porto- und Versandkosten, soweit diese anfallen. Vor jeder Auslieferung von Produkten muss<\/p><p>deren Zahlung sichergestellt oder erfolgt sein. Die Global Well Int. ist nicht verpflichtet Bestellungen des Markenbotschafter\u00a0\u00a0auszufu\u0308hren. Insbesondere<\/p><p>beh\u00e4lt sich die Global Well Int. vor, einzelne Produkte aus dem Lieferprogramm zu streichen oder bestellte Mengen im Einzelfall zu ku\u0308rzen.<\/p><p>5.4 Wird die Global Well Int. aufgrund von Verst\u00f6\u00dfen des Markenbotschafter\u00a0gegen gesetzliche Bestimmungen von Dritten in Anspruch genommen, so haftet<\/p><p>der Markenbotschafter\u00a0fu\u0308r alle hieraus entstehenden Kosten (insbes. Anwalts-, Gerichtskosten, Schadensersatzpflicht gegenu\u0308ber Dritten). Der Markenbotschafter\u00a0hat die Global Well Int. bei Inanspruchnahme durch Dritte auf erstes Anfordern freizustellen.<\/p><p>5.5 Ru\u0308cksendungen die uns unfrei erreichen, werden nicht angenommen. Die verauslagten Portokosten werden bei einer berechtigten Reklamation<\/p><p>von der Global Well Int. zuru\u0308ckerstattet.<\/p><p>5.6 Im Falle, dass es zu einer Ru\u0308cklastschrift des Markenbotschafter\u00a0kommt, erhebt die Global Well Int. eine Verwaltungsgebu\u0308hr in H\u00f6he von 12,50 Euro.<\/p><p>5.7 Der Markenbotschafter\u00a0ist verpflichtet, die von ihm an einen Endkunden verkaufte Global Well Int. Ware innerhalb von 30 Tagen nach Auslieferung<\/p><p>originalverpackt zuru\u0308ckzunehmen, die Angabe besonderer Gru\u0308nde durch den Kunden bedarf es dazu nicht. Nach einer Ru\u0308ckgabe u\u0308berl\u00e4sst der<\/p><p>Markenbotschafter dem Kunden die Wahl zwischen Umtausch, Gutschrift oder Erstattung des gezahlten Kaufpreises.<\/p><p>\u00a0<\/p><p>6. Weitere Pflichten des Markenbotschafter\u00a0\/ Vertragsstrafe<\/p><p>6.1 Der Markenbotschafter\u00a0wird bei seiner T\u00e4tigkeit stets als selbstst\u00e4ndiger und eigenverantwortlicher Gewerbetreibender auftreten und jeden<\/p><p>Anschein vermeiden, er k\u00f6nne ein Angestellter der Global Well Int. sein oder sei berechtigt, im Namen von Global Well Int. Erkl\u00e4rungen<\/p><p>abzugeben.<\/p><p>6.2 Alle \u00c4u\u00dferungen des Markenbotschafter\u00a0u\u0308ber Global Well Int. und deren Produkte und Dienstleistungen mu\u0308ssen im Einklang mit den Vorgaben der<\/p><p>Global Well Int., insbesondere dem Produktkatalog, den Produktetiketten und sonstigen Produktinformationen stehen. In keinem Fall darf der<\/p><p>Markenbotschafter Global Well Int. Produkten und Dienstleistungen eine therapeutische oder heilende Wirkung zuschreiben. Das Anbringen eines<\/p><p>Aufklebers mit den Adressdaten des Markenbotschafter\u00a0auf Verpackungen ist zul\u00e4ssig, solange dadurch keine Werbeaussagen oder<\/p><p>Produktinformationen verdeckt werden.<\/p><p>6.3 Der Markenbotschafter\u00a0wird fu\u0308r den Bewerb der Produkte und Dienstleistungen von Global Well Int. nur die von Global Well Int. herausgegeben<\/p><p>Produktinformationen, Verkaufsmaterialien und Verkaufshilfen verwenden und, soweit Werbung und Vertrieb u\u0308ber Digitale Medien erfolgen, nur<\/p><p>den von Global Well Int. dem Markenbotschafter\u00a0zur Verfu\u0308gung gestellten Onlineshop einsetzen. In selbst erstellten Werbematerialien und einer selbst<\/p><p>erstellten Webseite darf der Markenbotschafter\u00a0weder einen Bezug zu Global Well Int. oder Produkten und Dienstleistungen der Global Well Int.<\/p><p>herstellen, noch Marken oder andere gewerbliche Schutzrechte von Global Well Int. nutzen. Die Repr\u00e4sentation bei Messen ist nur nach<\/p><p>vorheriger Absprache und Genehmigung der Global Well Int. gestattet.<\/p><p>6.4 Jeder Versto\u00df gegen seine Pflichten gem\u00e4\u00df Nr. 5.1, 6.1, 6.2 und 6.3 dieser Partnerregeln bewirkt eine vom Botschafter an Global Well Int.<\/p><p>zu zahlende Vertragsstrafe, deren H\u00f6he im Einzelfall von Global Well Int. unter Beru\u0308cksichtigung der Bedeutung des Versto\u00dfes und des<\/p><p>Einkommens des Markenbotschafter\u00a0festgelegt wird. Weitere Anspru\u0308che, insbesondere auf Unterlassung und Schadenersatz, werden durch die<\/p><p>Geltendmachung der Vertragsstrafe nicht beru\u0308hrt.<\/p><p>7. Internetrichtlinien<\/p><p>7.1 Die Weiterleitung zu den offiziellen Seiten der GWI und YoungGo\u00ae ist wie folgt geregelt:<\/p><p>Die Global Well Int. Marken du\u0308rfen generell nicht in Verbindung mit Domainnamen (wie z. B. www.younggo-energy.de, www.younggored.<\/p><p>com, www.younggofire.biz, www.younggo.info, www.yo-you.net, www.yoyoueffekt.eu, etc.) benutzt werden. Au\u00dferdem du\u0308rfen die Global<\/p><p>Well Int. Marken in Wort und Bild nicht verwendet werden.<\/p><p>Produktnamen als Erg\u00e4nzung sind nicht gestattet: (z.B. www.younggo-fire.de, www.younggo-yo-you-effekt.com). Generell muss die Domain<\/p><p>allen rechtlichen Anforderungen genu\u0308gen. Bei der Verwendung einer eigenen Facebook Fan Page gelten die selben Richtlinien wie bei den<\/p><p>Domainnamen. Eintr\u00e4ge in Social Networks (\u201eWKW\u201c, \u201estudiVZ\u201c, \u201efacebook\u201c, etc.), Adressportalen (\u201egelbeseiten\u201c, \u201emeine-stadt\u201c, etc.) und<\/p><p>\u201eGoogle-Maps\u201c sind erlaubt, solange der Markenbotschafter sich lediglich als unabh\u00e4ngiger Affiliate Partner kennzeichnet (Markenbotschafter der Global Well<\/p><p>International GmbH &amp; Co. KG) und seine Kontaktdaten hinterlegt. Zus\u00e4tze wie z. B. Bilder, Logos, sonstige Marken oder Heil- und<\/p><p>Wirkaussagen sind nicht zul\u00e4ssig. Au\u00dferdem mu\u0308ssen die Inhalte rechtlich einwandfrei sein (UWG, HealthClaims, Patentrecht, Markenrecht,<\/p><p>etc.).<\/p><p>7.2 Verkauf von Produkten:<\/p><p>Fu\u0308r den Verkauf der Produkte und Dienstleistungen u\u0308ber das Internet steht dem Botschafter\u00a0im Rahmen des YoungGo YOU &amp; Friends Bonus<\/p><p>Programms ein personalisiertes Internet Office, sowie ein Online-Shop zur Verfu\u0308gung. Der Verkauf und eine Bewerbung unter Nutzung der<\/p><p>Markennamen (in Wort oder Bild) au\u00dferhalb dieser Seiten sind nicht gestattet, auch nicht in ebay oder \u00e4hnlichen Plattformen. Die Global Well<\/p><p>Int. stellt Werbematerial, welches der Markenbotschafter offiziell verwenden kann, zur Verfu\u0308gung. Werbebanner, Logos, Bilder usw. enthalten dann<\/p><p>ebenfalls den Hinweis (GWI \u2013 unabh\u00e4ngiger Affiliate Partner \/ Botschafter\u00a0). Die Einbettung der offiziellen Global Well Int. und YoungGo\u00ae Seiten<\/p><p>per Frames in eine eigene Website ist nicht gestattet.<\/p><p>8. Schlussbestimmungen \/ \u00c4nderungen<\/p><p>8.1 Die vertraglichen Beziehungen der Parteien unterliegen dem Recht der Bundesrepublik Deutschland.<\/p><p>8.2 Gerichtsstand fu\u0308r alle Streitigkeiten der Parteien ist Markdorf.<\/p><p>8.3 Eine vertraglich vereinbarte Schriftform wird auch durch Telefax oder E-Mail gewahrt.<\/p><p>8.4 Die Global Well Int. hat das Recht, diese AGB sowie den Bonus Plan zu diesem Vertrag jederzeit mit Wirkung fu\u0308r die Zukunft den<\/p><p>ver\u00e4nderten Bedu\u0308rfnissen (Marktsituation) anzupassen. Die ge\u00e4nderten Bestimmungen werden fu\u0308r die Zukunft wirksam, wenn die Global Well<\/p><p>Int. den Botschafter\u00a0auf die \u00c4nderungen schriftlich (Brief, Fax oder E-Mail) hinweist. Dem Botschafter\u00a0steht im Falle der \u00c4nderung ein<\/p><p>Sonderku\u0308ndigungsrecht zu, das er innerhalb von zwei Wochen nach Zugang der \u00c4nderung ausu\u0308ben kann. Der Botschafter\u00a0erkl\u00e4rt sich damit<\/p><p>einverstanden, dass seine personenbezogenen Daten zum Zwecke der Durchfu\u0308hrung des Bonus Programms gespeichert, verarbeitet und<\/p><p>genutzt werden (Art. 6 Absatz 1 S.1 DSGVO). Die \u00dcbermittlung an Dritte erfolgt nur in dem fu\u0308r Gesch\u00e4ftszwecke erforderlichen Umfang. Nach<\/p><p>L\u00f6schung des Partnerkontos werden die Daten fu\u0308r die weitere Verarbeitung eingeschr\u00e4nkt und nach Ablauf der steuer- und<\/p><p>handelsrechtlichen Aufbewahrungsfristen gel\u00f6scht, sofern der Markenbotschafter nicht ausdru\u0308cklich in eine weitere Nutzung seiner Daten eingewilligt<\/p><p>hat, oder die Global Well Int. sich eine daru\u0308ber hinausgehende Datenverwendung vorbeh\u00e4lt, die gesetzlich erlaubt ist und u\u0308ber die die Global<\/p><p>Well Int. den Botschafter\u00a0in einer solchen Erkl\u00e4rung informiert. Auf Wunsch erh\u00e4lt der Botschafter\u00a0unentgeltlich Auskunft u\u0308ber alle<\/p><p>personenbezogenen Daten, welche die Global Well Int. u\u0308ber den Botschafter\u00a0gespeichert hat. Bei Fragen zur Erhebung, Verarbeitung oder<\/p><p>Nutzung der personenbezogenen Daten des Markenbotschafter, fu\u0308r Ausku\u0308nfte, Berichtigung, Sperrung oder L\u00f6schung von Daten, kann sich der<\/p><p>Botschafter an folgende Person wenden: Ingo B\u00e4chle, Global Well International GmbH &amp; Co. KG, Ravensburger Str. 18, 88677 Markdorf,<\/p><p>Telefon:+49(0)7544 5069102, info@globalwell-international.de. Die zur Abwicklung einer Bestellung notwendigen personenbezogenen Daten<\/p><p>sind als Datenschutzerkl\u00e4rung im Global Well Int. Online-Shop abgebildet und k\u00f6nnen jederzeit eingesehen werden.<\/p><p>8.5 Der Botschafter\u00a0erkl\u00e4rt sich damit einverstanden, dass seine personenbezogenen Daten zum Zwecke der Durchfu\u0308hrung dieses Vertrages<\/p><p>gespeichert, verarbeitet und genutzt werden (Art. 6 Absatz 1 S.1 DSGVO). Die \u00dcbermittlung an Dritte erfolgt nur in dem fu\u0308r Gesch\u00e4ftszwecke<\/p><p>erforderlichen Umfang.<\/p><p>8.6 Kunden oder Botschafter\u00a0, die innerhalb von 12 Monaten keine Bestellung bzw. Ums\u00e4tze get\u00e4tigt haben, werden von der Global Well Int.\u00a0deaktiviert.<\/p><p>Allgemeine Gesch\u00e4ftsbedingungen fu\u0308r Gesch\u00e4ftspartner (nachfolgend Botschafter\u00a0genannt) der Global Well International GmbH &amp; Co. KG (Global Well Int.)<\/p>\t\t\t\t\t\t\t\t<\/div>\n\t\t\t\t<\/div>\n\t\t\t\t\t<\/div>\n\t\t<\/div>\n\t\t\t\t\t<\/div>\n\t\t<\/section>\n\t\t\t\t<\/div>","protected":false},"excerpt":{"rendered":"<p>Allgemeine Gesch\u00e4ftsbedingungen f\u00fcr Gesch\u00e4ftspartner (nachfolgend Markenbotschafter genannt) der Global Well International GmbH &amp; Co. KG (Global Well Int.) 1. Rechtsstellung<\/p>","protected":false},"author":2442,"featured_media":0,"parent":0,"menu_order":0,"comment_status":"closed","ping_status":"closed","template":"","meta":{"_acf_changed":false,"footnotes":""},"class_list":["post-7118","page","type-page","status-publish","hentry"],"acf":[],"_links":{"self":[{"href":"https:\/\/shop.younggo-fit.de\/en\/wp-json\/wp\/v2\/pages\/7118","targetHints":{"allow":["GET"]}}],"collection":[{"href":"https:\/\/shop.younggo-fit.de\/en\/wp-json\/wp\/v2\/pages"}],"about":[{"href":"https:\/\/shop.younggo-fit.de\/en\/wp-json\/wp\/v2\/types\/page"}],"author":[{"embeddable":true,"href":"https:\/\/shop.younggo-fit.de\/en\/wp-json\/wp\/v2\/users\/2442"}],"replies":[{"embeddable":true,"href":"https:\/\/shop.younggo-fit.de\/en\/wp-json\/wp\/v2\/comments?post=7118"}],"version-history":[{"count":0,"href":"https:\/\/shop.younggo-fit.de\/en\/wp-json\/wp\/v2\/pages\/7118\/revisions"}],"wp:attachment":[{"href":"https:\/\/shop.younggo-fit.de\/en\/wp-json\/wp\/v2\/media?parent=7118"}],"curies":[{"name":"wp","href":"https:\/\/api.w.org\/{rel}","templated":true}]}}