{"id":14206,"date":"2022-02-01T10:18:55","date_gmt":"2022-02-01T09:18:55","guid":{"rendered":"https:\/\/younggo-fit.de\/?post_type=product&#038;p=14206"},"modified":"2026-03-17T08:04:44","modified_gmt":"2026-03-17T07:04:44","slug":"younggo-green","status":"publish","type":"product","link":"https:\/\/shop.younggo-fit.de\/en\/product\/younggo-green\/","title":{"rendered":"YoungGo Green"},"content":{"rendered":"<div data-elementor-type=\"product-post\" data-elementor-id=\"14206\" class=\"elementor elementor-14206\" data-elementor-post-type=\"product\">\n\t\t\t\t<div class=\"wd-negative-gap elementor-element elementor-element-33868a5 e-flex e-con-boxed e-con e-parent\" data-id=\"33868a5\" data-element_type=\"container\" data-e-type=\"container\">\n\t\t\t\t\t<div class=\"e-con-inner\">\n\t\t\t\t<div class=\"elementor-element elementor-element-f5206af wd-width-100 elementor-widget elementor-widget-wd_title\" data-id=\"f5206af\" data-element_type=\"widget\" data-e-type=\"widget\" data-widget_type=\"wd_title.default\">\n\t\t\t\t<div class=\"elementor-widget-container\">\n\t\t\t\t\t\t\t<div class=\"title-wrapper wd-set-mb reset-last-child wd-title-color-default wd-title-style-default wd-title-size-default text-left\">\n\n\t\t\t\n\t\t\t<div class=\"liner-continer\">\n\t\t\t\t<h4 class=\"woodmart-title-container title wd-fontsize-l\">YoungGo Green. <\/h4> \n\t\t\t\t\t\t\t<\/div>\n\n\t\t\t\t\t\t\t<div class=\"title-after_title reset-last-child wd-fontsize-xs\">\n\t\t\t\t\t<h4>Dein Glas N\u00e4hrstoffe f\u00fcr Energie, Fokus und Darm<\/h4>\t\t\t\t<\/div>\n\t\t\t\t\t<\/div>\n\t\t\t\t\t\t<\/div>\n\t\t\t\t<\/div>\n\t\t\t\t<div class=\"elementor-element elementor-element-b58414e elementor-widget-divider--view-line elementor-widget elementor-widget-divider\" data-id=\"b58414e\" data-element_type=\"widget\" data-e-type=\"widget\" data-widget_type=\"divider.default\">\n\t\t\t\t<div class=\"elementor-widget-container\">\n\t\t\t\t\t\t\t<div class=\"elementor-divider\">\n\t\t\t<span class=\"elementor-divider-separator\">\n\t\t\t\t\t\t<\/span>\n\t\t<\/div>\n\t\t\t\t\t\t<\/div>\n\t\t\t\t<\/div>\n\t\t\t\t<div class=\"elementor-element elementor-element-1520496e color-scheme-inherit text-left elementor-widget elementor-widget-text-editor\" data-id=\"1520496e\" data-element_type=\"widget\" data-e-type=\"widget\" data-widget_type=\"text-editor.default\">\n\t\t\t\t<div class=\"elementor-widget-container\">\n\t\t\t\t\t\t\t\t\t<h4 data-start=\"65\" data-end=\"284\"><strong>Was es ist<\/strong><\/h4><p data-start=\"65\" data-end=\"284\">YoungGo Green ist ein Pulverdrink mit 41 N\u00e4hrstoffen. Du bekommst alle essenziellen Vitamine, dazu Mineralstoffe und Spurenelemente. Dazu kommen 22 Gem\u00fcse, Kr\u00e4uter, Superfoods und Algen, plus Ballaststoffe.<\/p><h4 data-start=\"286\" data-end=\"538\"><strong>Wof\u00fcr es da ist<\/strong><\/h4><p data-start=\"286\" data-end=\"538\">Du nutzt es als t\u00e4gliche N\u00e4hrstoff Basis, wenn du dich im Alltag stabiler f\u00fchlen willst. Es unterst\u00fctzt Energie Stoffwechsel, Konzentration und Wohlbefinden. Ballaststoffe und pr\u00e4biotische Zutaten unterst\u00fctzen Verdauung und Darmflora.<\/p><h4 data-start=\"540\" data-end=\"569\"><strong>Warum du es nehmen solltest<\/strong><\/h4><ul data-start=\"570\" data-end=\"997\"><li data-start=\"570\" data-end=\"658\"><p data-start=\"572\" data-end=\"658\">Breite Versorgung mit Vitaminen, Mineralstoffen und Spurenelementen in einer Portion<\/p><\/li><li data-start=\"659\" data-end=\"790\"><p data-start=\"661\" data-end=\"790\">Zellschutz durch viele antioxidative Pflanzenstoffe, zum Beispiel aus Gr\u00fcntee, Traubenkern, Tomate, Spinat, Brokkoli, Rote Bete<\/p><\/li><li data-start=\"791\" data-end=\"874\"><p data-start=\"793\" data-end=\"874\">Darm Support durch Flohsamenschalen, Inulin, Apfelfaser und resistentes Dextrin<\/p><\/li><li data-start=\"875\" data-end=\"919\"><p data-start=\"877\" data-end=\"919\">Algenpower durch Chlorella und Spirulina<\/p><\/li><li data-start=\"920\" data-end=\"997\"><p data-start=\"922\" data-end=\"997\">Alltagstauglich, weil du nicht t\u00e4glich viele Gem\u00fcsesorten vorbereiten musst<\/p><\/li><\/ul><h4 data-start=\"999\" data-end=\"1164\"><strong>So verwendest du es<\/strong><\/h4><p data-start=\"999\" data-end=\"1164\">Du r\u00fchrst 17 g Pulver in 300 ml Wasser ein und trinkst es frisch.<br data-start=\"1086\" data-end=\"1089\" \/>Du lagerst die Dose nach dem \u00d6ffnen im K\u00fchlschrank und verschlie\u00dft sie gut.<\/p><h4 data-start=\"1166\" data-end=\"1362\"><strong>F\u00fcr wen es passt<\/strong><\/h4><p data-start=\"1166\" data-end=\"1362\" data-is-last-node=\"\" data-is-only-node=\"\">F\u00fcr alle, die morgens eine feste Routine wollen, die N\u00e4hrstoffe und Ballaststoffe abdeckt, besonders bei stressigen Tagen, wenig Gem\u00fcse im Alltag oder unregelm\u00e4\u00dfigen Mahlzeiten.<\/p>\t\t\t\t\t\t\t\t<\/div>\n\t\t\t\t<\/div>\n\t\t\t\t\t<\/div>\n\t\t\t\t<\/div>\n\t\t\t\t<\/div>","protected":false},"excerpt":{"rendered":"<p>Dein <strong>YoungGo<sup>\u00ae<\/sup> Green<\/strong><br \/>\nInhalt: 510 g<\/p>\n<p><strong>MHD 25.03.2026<\/strong><\/p>\n<p>YoungGo<sup>\u00ae<\/sup> Green ist ein t\u00e4glicher Greens Drink mit 41 N\u00e4hrstoffen aus Vitaminen, Mineralstoffen, Spurenelementen sowie 22 Gem\u00fcse, Kr\u00e4utern, Superfoods und Algen. Du r\u00fchrst 17 g in 300 ml Wasser ein und trinkst es frisch, am besten morgens. Du unterst\u00fctzt damit Energie, Konzentration, Verdauung und dein allgemeines Wohlbefinden.<\/p>","protected":false},"featured_media":34118,"comment_status":"open","ping_status":"closed","template":"","meta":{"_acf_changed":false},"product_brand":[],"product_cat":[17,50],"product_tag":[],"class_list":{"0":"post-14206","1":"product","2":"type-product","3":"status-publish","4":"has-post-thumbnail","6":"product_cat-alleprodukte","7":"product_cat-vitalstoffe","9":"first","10":"instock","11":"sale","12":"taxable","13":"shipping-taxable","14":"purchasable","15":"product-type-simple"},"acf":[],"_links":{"self":[{"href":"https:\/\/shop.younggo-fit.de\/en\/wp-json\/wp\/v2\/product\/14206","targetHints":{"allow":["GET"]}}],"collection":[{"href":"https:\/\/shop.younggo-fit.de\/en\/wp-json\/wp\/v2\/product"}],"about":[{"href":"https:\/\/shop.younggo-fit.de\/en\/wp-json\/wp\/v2\/types\/product"}],"replies":[{"embeddable":true,"href":"https:\/\/shop.younggo-fit.de\/en\/wp-json\/wp\/v2\/comments?post=14206"}],"version-history":[{"count":7,"href":"https:\/\/shop.younggo-fit.de\/en\/wp-json\/wp\/v2\/product\/14206\/revisions"}],"predecessor-version":[{"id":34350,"href":"https:\/\/shop.younggo-fit.de\/en\/wp-json\/wp\/v2\/product\/14206\/revisions\/34350"}],"wp:featuredmedia":[{"embeddable":true,"href":"https:\/\/shop.younggo-fit.de\/en\/wp-json\/wp\/v2\/media\/34118"}],"wp:attachment":[{"href":"https:\/\/shop.younggo-fit.de\/en\/wp-json\/wp\/v2\/media?parent=14206"}],"wp:term":[{"taxonomy":"product_brand","embeddable":true,"href":"https:\/\/shop.younggo-fit.de\/en\/wp-json\/wp\/v2\/product_brand?post=14206"},{"taxonomy":"product_cat","embeddable":true,"href":"https:\/\/shop.younggo-fit.de\/en\/wp-json\/wp\/v2\/product_cat?post=14206"},{"taxonomy":"product_tag","embeddable":true,"href":"https:\/\/shop.younggo-fit.de\/en\/wp-json\/wp\/v2\/product_tag?post=14206"}],"curies":[{"name":"wp","href":"https:\/\/api.w.org\/{rel}","templated":true}]}}