{"id":21600,"date":"2023-02-10T10:03:44","date_gmt":"2023-02-10T09:03:44","guid":{"rendered":"https:\/\/younggo-fit.de\/?post_type=product&#038;p=21600"},"modified":"2026-04-02T13:15:29","modified_gmt":"2026-04-02T11:15:29","slug":"leberfit-partnerfit-2","status":"publish","type":"product","link":"https:\/\/shop.younggo-fit.de\/en\/product\/leberfit-partnerfit-2\/","title":{"rendered":"YoungGO Leberfit Partner mit Girmi"},"content":{"rendered":"<p>Wir entgiften zusammen!<\/p>\n<p>Die Leber ist etwa 1,5 kg schwer und das zentrale Organ f\u00fcr den Stoffwechsel. Etwa 2000 Liter Blut wird t\u00e4glich zur Reinigung durch die Leber gepumpt, somit 1,5 l in der Minute. Die Leber hat noch viele weitere Funktionen, da wird schnell bewusst, wie wichtig eine funktionst\u00fcchtige Leber ist. Da sie keine Schmerzen aufweist, wird eine Erkrankung oft sp\u00e4t entdeckt. Daher ist es wichtig vorzubeugen.<\/p>\n<p>Schicken wir unsere Leber gemeinsam 21 Tage mit Leberfit in den Urlaub! Diese wurde von \u00c4rzten und Wissenschaftlern f\u00fcr dich entwickelt. Bereits die 21 Tage reichen aus und deine Leber kann sich erholen und entgiften. Gewinne ein neues Lebensgef\u00fchl und verliere nebenbei sogar ein paar \u00fcbersch\u00fcssige Pfunde.<\/p>\n<p>Was bekommst du alles bei Leberfit-Partnerfit?<\/p>\n<p><strong>Um das absolut Beste aus den 21 Tagen rauszuholen, haben wir f\u00fcr dich die effektivsten Produkte eingepackt:<\/strong><\/p>\n<ul>\n<li>2 YoungGo\u00ae Reineiwei\u00df<\/li>\n<li>2 YoungGo\u00ae Energy Advanced oder YoungGo\u00ae Force<\/li>\n<li>2 YoungGo\u00ae Red<\/li>\n<li>2 Packungen Mariendistel*<\/li>\n<li>2 YoungGo\u00ae Probioghurt Natur<\/li>\n<\/ul>\n<p><strong>Dazu erh\u00e4ltst du ein vollst\u00e4ndiges digitales Unterlagenset<\/strong><\/p>\n<ul>\n<li>Leberfit Leitfaden<\/li>\n<li>Lebensmitteltabelle<\/li>\n<li>Checkliste<\/li>\n<li>Rezepte<\/li>\n<li>T\u00e4glich Tipps, Infos und Challenges<\/li>\n<\/ul>\n<p class=\"_04xlpA direction-ltr align-center para-style-body\"><span class=\"JsGRdQ\">Hol dir jetzt deine Leberfit Partnerfit Produkte im Paketpreis von 267,70 Euro<\/span><\/p>\n<p class=\"_04xlpA direction-ltr align-center para-style-body\"><strong><span class=\"JsGRdQ\">Produktpreis 309,70 Euro &#8211; du sparst 42,00 Euro<br \/>\n+ erh\u00e4ltst das digitale Unterlagenset gratis<\/span><\/strong><\/p>\n<p>*Die Verwendung von Mariendistel empfehlen wir nicht bei Kindern unter 3 Jahren, schwangeren oder stillenden Frauen, genauso wenig bei Leuten mit ernsthaften Herzerkrankungen und hohem Blutdruck. Im Falle von Allergien (insbesondere gegen N\u00fcsse, Samen usw.) sollten Sie sich bez\u00fcglich der Verwendung mit Ihrem Arzt beraten.<\/p>\n<p><strong>\u00a0<\/strong><\/p>","protected":false},"excerpt":{"rendered":"<p>&nbsp;<\/p>\n<p class=\"04xlpa\"><span class=\"jsgrdq\">M\u00fcdigkeit, h\u00e4ufige Infekte, Verdauungsprobleme und Hautver\u00e4nderungen k\u00f6nnen die ersten Anzeichen f\u00fcr eine Fettleber sein. Dann wird es h\u00f6chste Zeit unser wichtiges Entgiftungsorgan selbst zu entgiften.\u00a0<\/span><\/p>\n<p><span style=\"color: #ff6600;\"><strong>Bitte die Sachets k\u00fchl und trocken lagern!<\/strong><\/span><\/p>\n<p>Einfach und effektiv gelingt das mit Leberfit nach Dr. med. Marcinowski.<\/p>\n<p><strong>Hier kommst Du zur Leberfit-Begleitung:<\/strong><br \/>\n<a class=\"elementor-button elementor-button-link elementor-size-sm\" title=\"Leberfit-Begleitung\" href=\"https:\/\/shop.younggo-fit.de\/leberfit-begleitung\/\" target=\"_blank\" rel=\"noopener\"><span class=\"elementor-button-content-wrapper\"><span class=\"elementor-button-text\"><strong><span style=\"color: #99cc00;\">Hier klicken<\/span><\/strong><\/span><\/span><\/a><\/p>\n<p><strong><i>Du erh\u00e4ltst eine digitale Begleitung von uns mit einem Leitfaden, Infos, Videos und Rezepten.\u00a0<\/i><\/strong><\/p>\n<p>W\u00e4hle insgesamt 2 Energiedrinks<\/p>","protected":false},"featured_media":29802,"comment_status":"open","ping_status":"closed","template":"","meta":{"_acf_changed":false},"product_brand":[],"product_cat":[17,54],"product_tag":[],"class_list":{"0":"post-21600","1":"product","2":"type-product","3":"status-publish","4":"has-post-thumbnail","6":"product_cat-alleprodukte","7":"product_cat-younggo-programme","9":"first","10":"instock","11":"taxable","12":"shipping-taxable","13":"purchasable","14":"product-type-simple"},"acf":[],"_links":{"self":[{"href":"https:\/\/shop.younggo-fit.de\/en\/wp-json\/wp\/v2\/product\/21600","targetHints":{"allow":["GET"]}}],"collection":[{"href":"https:\/\/shop.younggo-fit.de\/en\/wp-json\/wp\/v2\/product"}],"about":[{"href":"https:\/\/shop.younggo-fit.de\/en\/wp-json\/wp\/v2\/types\/product"}],"replies":[{"embeddable":true,"href":"https:\/\/shop.younggo-fit.de\/en\/wp-json\/wp\/v2\/comments?post=21600"}],"version-history":[{"count":1,"href":"https:\/\/shop.younggo-fit.de\/en\/wp-json\/wp\/v2\/product\/21600\/revisions"}],"predecessor-version":[{"id":33336,"href":"https:\/\/shop.younggo-fit.de\/en\/wp-json\/wp\/v2\/product\/21600\/revisions\/33336"}],"wp:featuredmedia":[{"embeddable":true,"href":"https:\/\/shop.younggo-fit.de\/en\/wp-json\/wp\/v2\/media\/29802"}],"wp:attachment":[{"href":"https:\/\/shop.younggo-fit.de\/en\/wp-json\/wp\/v2\/media?parent=21600"}],"wp:term":[{"taxonomy":"product_brand","embeddable":true,"href":"https:\/\/shop.younggo-fit.de\/en\/wp-json\/wp\/v2\/product_brand?post=21600"},{"taxonomy":"product_cat","embeddable":true,"href":"https:\/\/shop.younggo-fit.de\/en\/wp-json\/wp\/v2\/product_cat?post=21600"},{"taxonomy":"product_tag","embeddable":true,"href":"https:\/\/shop.younggo-fit.de\/en\/wp-json\/wp\/v2\/product_tag?post=21600"}],"curies":[{"name":"wp","href":"https:\/\/api.w.org\/{rel}","templated":true}]}}