{"id":24763,"date":"2024-02-16T07:54:58","date_gmt":"2024-02-16T06:54:58","guid":{"rendered":"https:\/\/younggo-fit.de\/?post_type=product&#038;p=24763"},"modified":"2025-10-25T11:22:40","modified_gmt":"2025-10-25T09:22:40","slug":"lifestyle-magazin","status":"publish","type":"product","link":"https:\/\/shop.younggo-fit.de\/en\/product\/lifestyle-magazin\/","title":{"rendered":"Lifestyle Magazin"},"content":{"rendered":"<p>Das neue Lifestyle-Magazin ist da! Gib ihn an Menschen weiter, die dir am Herzen liegen, oder schm\u00f6kere selbst darin, was dein Wohlbefinden unterst\u00fctzen k\u00f6nnte.<\/p>\n<p>Der Lifestyle-Test hilft dir dabei die Schwachstellen deines K\u00f6rpers aufzusp\u00fcren.<\/p>\n<p>Als besonderes Highlight findest du im Lifestyle-Magazin die Mallorca-Reise und wie du zu einem super g\u00fcnstigen Preis daran teilnehmen kannst.<\/p>\n<p>Wenn du wissen m\u00f6chtest, wie du mit einfachen Empfehlungen deiner Lieblingsprodukte Geld verdienen kannst, dann schreib uns, oder ruf uns an.<\/p>","protected":false},"excerpt":{"rendered":"<p>Zum schm\u00f6kern und verschenken.<\/p>","protected":false},"featured_media":31043,"comment_status":"open","ping_status":"closed","template":"","meta":{"_acf_changed":false},"product_brand":[],"product_cat":[17,159],"product_tag":[],"class_list":{"0":"post-24763","1":"product","2":"type-product","3":"status-publish","4":"has-post-thumbnail","6":"product_cat-alleprodukte","7":"product_cat-empfehlen","9":"first","10":"instock","11":"taxable","12":"shipping-taxable","13":"purchasable","14":"product-type-variable","15":"has-default-attributes"},"acf":[],"_links":{"self":[{"href":"https:\/\/shop.younggo-fit.de\/en\/wp-json\/wp\/v2\/product\/24763","targetHints":{"allow":["GET"]}}],"collection":[{"href":"https:\/\/shop.younggo-fit.de\/en\/wp-json\/wp\/v2\/product"}],"about":[{"href":"https:\/\/shop.younggo-fit.de\/en\/wp-json\/wp\/v2\/types\/product"}],"replies":[{"embeddable":true,"href":"https:\/\/shop.younggo-fit.de\/en\/wp-json\/wp\/v2\/comments?post=24763"}],"version-history":[{"count":0,"href":"https:\/\/shop.younggo-fit.de\/en\/wp-json\/wp\/v2\/product\/24763\/revisions"}],"wp:featuredmedia":[{"embeddable":true,"href":"https:\/\/shop.younggo-fit.de\/en\/wp-json\/wp\/v2\/media\/31043"}],"wp:attachment":[{"href":"https:\/\/shop.younggo-fit.de\/en\/wp-json\/wp\/v2\/media?parent=24763"}],"wp:term":[{"taxonomy":"product_brand","embeddable":true,"href":"https:\/\/shop.younggo-fit.de\/en\/wp-json\/wp\/v2\/product_brand?post=24763"},{"taxonomy":"product_cat","embeddable":true,"href":"https:\/\/shop.younggo-fit.de\/en\/wp-json\/wp\/v2\/product_cat?post=24763"},{"taxonomy":"product_tag","embeddable":true,"href":"https:\/\/shop.younggo-fit.de\/en\/wp-json\/wp\/v2\/product_tag?post=24763"}],"curies":[{"name":"wp","href":"https:\/\/api.w.org\/{rel}","templated":true}]}}