{"id":29606,"date":"2024-10-02T15:19:33","date_gmt":"2024-10-02T13:19:33","guid":{"rendered":"https:\/\/younggo-fit.de\/?post_type=product&#038;p=29606"},"modified":"2025-06-02T08:06:29","modified_gmt":"2025-06-02T06:06:29","slug":"osmoseanlage-quella-pro","status":"publish","type":"product","link":"https:\/\/shop.younggo-fit.de\/en\/product\/osmoseanlage-quella-pro\/","title":{"rendered":"Osmoseanlage Quella Pro"},"content":{"rendered":"","protected":false},"excerpt":{"rendered":"<h2>Jeden Tag. Jederzeit. Bester Geschmack.<\/h2>\n<p><strong>Osmoseanlage \u2013 F\u00fcr reines und gesundes Wasser direkt aus deinem Wasserhahn<\/strong><\/p>\n<p>Unsere Osmoseanlage sorgt f\u00fcr hochreines Wasser, frei von Schadstoffen und Verunreinigungen. Dank der innovativen Filtertechnologie wird dein Trinkwasser optimal gereinigt, sodass du und deine Familie t\u00e4glich von der besten Wasserqualit\u00e4t profitieren. In Zeiten, in denen gesunde Ern\u00e4hrung und sauberes Wasser immer wichtiger werden, bietet die Osmoseanlage eine einfache und effektive L\u00f6sung f\u00fcr deinen Haushalt.<\/p>\n<p>Genie\u00dfe frisches, sauberes und gesundes Wasser \u2013 jederzeit!<\/p>\n<p>Weitere Details gibt es <a href=\"https:\/\/shop.younggo-fit.de\/quella-pro\/\" target=\"_blank\" rel=\"noopener\"><strong>hier<\/strong><\/a> zusehen.<\/p>\n<h2>Bis 100\u00b0. Jederzeit. 6 Temperaturstufen<\/h2>\n<p>Die Quella Pro ist mit einem integriertem Durchlauferhitzer ausgestattet, der das Wasser in nur\u00a0<b>3 Sekunden\u00a0<\/b>zum kochen bringt. \u00dcber das Touch-Display k\u00f6nnen Sie bequem aus\u00a0<b>6 verschiedenen Temperaturstufen\u00a0<\/b>w\u00e4hlen: 15\u00b0 &#8211; 22\u00b0C (RT), 45\u00b0C, 55\u00b0C, 80\u00b0C, 90\u00b0C, 100\u00b0C .<\/p>\n<h2>7 Filterstufen. 4x Filterung. 3x Mineralien<\/h2>\n<ol>\n<li><b>Sediment<\/b>filter gegen Sand und Rost.<\/li>\n<li><strong>Aktivkohle<\/strong>filter gegen Chlor.<\/li>\n<li>ScaleShield\u00ae\u00a0Filter gegen Kalkablagerungen.<\/li>\n<li><b>OsmoFresh Membran<\/b>\u00a0mit UltraPore<strong>\u00ae\u00a0<\/strong>Coating f\u00fcr h\u00f6chste Filterleistung. Wie zum Beispiel Bakterien, Viren, Medikamentenr\u00fcckst\u00e4nde, Kalk, Fluor, Pestizide, Nitrat, Nitrit, Blei, und sogar kleinste PFAS-Verbindungen.<\/li>\n<li>Wertvolle\u00a0<b>Mineralisierung<\/b>\u00a0mit Calcium, Kalium, Magnesium und Natrium.<\/li>\n<li><b>Aktivkohle<\/b>\u00a0f\u00fcr einen\u00a0<b>frischen Geschmack.<\/b><\/li>\n<li><b>pH Filter<\/b>\u00a0f\u00fcr einen\u00a0<b>ausgeglichenen ph-Wert.\u00a0<\/b><\/li>\n<\/ol>\n<p>&nbsp;<\/p>","protected":false},"featured_media":29605,"comment_status":"open","ping_status":"closed","template":"","meta":{"_acf_changed":false},"product_brand":[],"product_cat":[17],"product_tag":[],"class_list":{"0":"post-29606","1":"product","2":"type-product","3":"status-publish","4":"has-post-thumbnail","6":"product_cat-alleprodukte","8":"first","9":"instock","10":"taxable","11":"shipping-taxable","12":"purchasable","13":"product-type-simple"},"acf":[],"_links":{"self":[{"href":"https:\/\/shop.younggo-fit.de\/en\/wp-json\/wp\/v2\/product\/29606","targetHints":{"allow":["GET"]}}],"collection":[{"href":"https:\/\/shop.younggo-fit.de\/en\/wp-json\/wp\/v2\/product"}],"about":[{"href":"https:\/\/shop.younggo-fit.de\/en\/wp-json\/wp\/v2\/types\/product"}],"replies":[{"embeddable":true,"href":"https:\/\/shop.younggo-fit.de\/en\/wp-json\/wp\/v2\/comments?post=29606"}],"version-history":[{"count":0,"href":"https:\/\/shop.younggo-fit.de\/en\/wp-json\/wp\/v2\/product\/29606\/revisions"}],"wp:featuredmedia":[{"embeddable":true,"href":"https:\/\/shop.younggo-fit.de\/en\/wp-json\/wp\/v2\/media\/29605"}],"wp:attachment":[{"href":"https:\/\/shop.younggo-fit.de\/en\/wp-json\/wp\/v2\/media?parent=29606"}],"wp:term":[{"taxonomy":"product_brand","embeddable":true,"href":"https:\/\/shop.younggo-fit.de\/en\/wp-json\/wp\/v2\/product_brand?post=29606"},{"taxonomy":"product_cat","embeddable":true,"href":"https:\/\/shop.younggo-fit.de\/en\/wp-json\/wp\/v2\/product_cat?post=29606"},{"taxonomy":"product_tag","embeddable":true,"href":"https:\/\/shop.younggo-fit.de\/en\/wp-json\/wp\/v2\/product_tag?post=29606"}],"curies":[{"name":"wp","href":"https:\/\/api.w.org\/{rel}","templated":true}]}}