{"id":34737,"date":"2026-02-14T10:23:42","date_gmt":"2026-02-14T09:23:42","guid":{"rendered":"https:\/\/younggo-fit.de\/?post_type=product&#038;p=34737"},"modified":"2026-04-02T13:14:30","modified_gmt":"2026-04-02T11:14:30","slug":"younggo-astaxanthin-xl","status":"publish","type":"product","link":"https:\/\/shop.younggo-fit.de\/en\/product\/younggo-astaxanthin-xl\/","title":{"rendered":"YoungGo Astaxanthin XL"},"content":{"rendered":"<div data-elementor-type=\"product-post\" data-elementor-id=\"34737\" class=\"elementor elementor-34737\" data-elementor-post-type=\"product\">\n\t\t\t\t<div class=\"wd-negative-gap elementor-element elementor-element-5892f9c e-flex e-con-boxed e-con e-parent\" data-id=\"5892f9c\" data-element_type=\"container\" data-e-type=\"container\">\n\t\t\t\t\t<div class=\"e-con-inner\">\n\t\t\t\t<div class=\"elementor-element elementor-element-afd4656 wd-width-100 elementor-widget elementor-widget-wd_title\" data-id=\"afd4656\" data-element_type=\"widget\" data-e-type=\"widget\" data-widget_type=\"wd_title.default\">\n\t\t\t\t<div class=\"elementor-widget-container\">\n\t\t\t\t\t\t\t<div class=\"title-wrapper wd-set-mb reset-last-child wd-title-color-default wd-title-style-default wd-title-size-default text-left\">\n\n\t\t\t\n\t\t\t<div class=\"liner-continer\">\n\t\t\t\t<h4 class=\"woodmart-title-container title wd-fontsize-l\">YoungGo\u00ae Astaxanthin: Dein t\u00e4glicher Schutzschild aus der Natur<\/h4> \n\t\t\t\t\t\t\t<\/div>\n\n\t\t\t\t\t<\/div>\n\t\t\t\t\t\t<\/div>\n\t\t\t\t<\/div>\n\t\t\t\t<div class=\"elementor-element elementor-element-ed13b42 elementor-widget-divider--view-line elementor-widget elementor-widget-divider\" data-id=\"ed13b42\" data-element_type=\"widget\" data-e-type=\"widget\" data-widget_type=\"divider.default\">\n\t\t\t\t<div class=\"elementor-widget-container\">\n\t\t\t\t\t\t\t<div class=\"elementor-divider\">\n\t\t\t<span class=\"elementor-divider-separator\">\n\t\t\t\t\t\t<\/span>\n\t\t<\/div>\n\t\t\t\t\t\t<\/div>\n\t\t\t\t<\/div>\n\t\t\t\t<div class=\"elementor-element elementor-element-6bb32b2 color-scheme-inherit text-left elementor-widget elementor-widget-text-editor\" data-id=\"6bb32b2\" data-element_type=\"widget\" data-e-type=\"widget\" data-widget_type=\"text-editor.default\">\n\t\t\t\t<div class=\"elementor-widget-container\">\n\t\t\t\t\t\t\t\t\t<p>In unserer modernen Welt sind wir st\u00e4ndig Einfl\u00fcssen ausgesetzt, die zu oxidativem Stress in unseren Zellen f\u00fchren k\u00f6nnen. Um dich dabei zu unterst\u00fctzen, fit und vital zu bleiben, haben wir YoungGo<sup>\u00ae<\/sup> Astaxanthin entwickelt \u2013 ein hochreines Nahrungserg\u00e4nzungsmittel, das auf die Kraft eines der st\u00e4rksten Antioxidantien der Natur setzt.<\/p><p><strong>Was ist Astaxanthin?<\/strong><\/p><p>Astaxanthin ist ein nat\u00fcrlicher roter Farbstoff, der zur Gruppe der Carotinoide geh\u00f6rt. Er wird von der Mikroalge Haematococcus pluvialis gebildet, um sich vor extremen Umweltbedingungen wie starker Sonneneinstrahlung zu sch\u00fctzen. Diese bemerkenswerte Schutzfunktion k\u00f6nnen wir uns zunutze machen.<\/p><p><strong>Hochdosiert und rein:<\/strong><\/p><p>Jede unserer Softgel-Kapseln enth\u00e4lt 4 mg reines Astaxanthin, eingebettet in hochwertiges Sonnenblumen\u00f6l, um eine optimale Aufnahme im K\u00f6rper zu gew\u00e4hrleisten. Wir setzen auf eine einfache und klare Rezeptur, um dir ein Produkt von h\u00f6chster Qualit\u00e4t zu bieten.<\/p><p><strong>Deine Vorteile mit YoungGo<sup>\u00ae<\/sup> Astaxanthin:<\/strong><\/p><p>Starkes Antioxidans: Astaxanthin ist bekannt f\u00fcr seine F\u00e4higkeit, freie Radikale zu neutralisieren und so die Zellen vor oxidativem Stress zu sch\u00fctzen.<br \/>Nat\u00fcrlicher Ursprung: Gewonnen aus der S\u00fc\u00dfwasseralge Haematococcus pluvialis.<br \/>Einfache Anwendung: Nur eine Kapsel t\u00e4glich gen\u00fcgt, um deinen K\u00f6rper gezielt zu unterst\u00fctzen.<\/p><p><strong>Verzehrempfehlung:<\/strong><\/p><p>Nimm t\u00e4glich eine Kapsel mit reichlich Fl\u00fcssigkeit ein.<\/p>\t\t\t\t\t\t\t\t<\/div>\n\t\t\t\t<\/div>\n\t\t\t\t<div class=\"elementor-element elementor-element-5345e35 elementor-alert-danger elementor-widget elementor-widget-alert\" data-id=\"5345e35\" data-element_type=\"widget\" data-e-type=\"widget\" data-widget_type=\"alert.default\">\n\t\t\t\t<div class=\"elementor-widget-container\">\n\t\t\t\t\t\t\t<div class=\"elementor-alert\" role=\"alert\">\n\n\t\t\t\t\t\t<span class=\"elementor-alert-title\">Wichtige Hinweise:<\/span>\n\t\t\t\n\t\t\t\t\t\t<span class=\"elementor-alert-description\">Die angegebene empfohlene t\u00e4gliche Verzehrmenge darf nicht \u00fcberschritten werden.\nNahrungserg\u00e4nzungsmittel sind kein Ersatz f\u00fcr eine abwechslungsreiche und ausgewogene Ern\u00e4hrung sowie eine gesunde Lebensweise.\nDas Produkt au\u00dferhalb der Reichweite von kleinen Kindern lagern.\nBitte k\u00fchl, trocken und lichtgesch\u00fctzt aufbewahren.<\/span>\n\t\t\t\n\t\t\t\t\t\t<button type=\"button\" class=\"elementor-alert-dismiss\" aria-label=\"Dismiss this alert.\">\n\t\t\t\t\t\t\t\t\t<span aria-hidden=\"true\">&times;<\/span>\n\t\t\t\t\t\t\t<\/button>\n\t\t\t\n\t\t<\/div>\n\t\t\t\t\t\t<\/div>\n\t\t\t\t<\/div>\n\t\t\t\t<div class=\"elementor-element elementor-element-7a3165a color-scheme-inherit text-left elementor-widget elementor-widget-text-editor\" data-id=\"7a3165a\" data-element_type=\"widget\" data-e-type=\"widget\" data-widget_type=\"text-editor.default\">\n\t\t\t\t<div class=\"elementor-widget-container\">\n\t\t\t\t\t\t\t\t\t<p><strong>Setze auf die Kraft der Natur und integriere YoungGo<sup>\u00ae<\/sup> Astaxanthin in deine t\u00e4gliche Routine f\u00fcr mehr Wohlbefinden und Vitalit\u00e4t.<\/strong><\/p>\t\t\t\t\t\t\t\t<\/div>\n\t\t\t\t<\/div>\n\t\t\t\t\t<\/div>\n\t\t\t\t<\/div>\n\t\t\t\t<\/div>","protected":false},"excerpt":{"rendered":"<h4><strong>Die Kraft der Alge f\u00fcr deine Zellen<\/strong><\/h4>\n<p>Entdecke die antioxidative Kraft von Astaxanthin, gewonnen aus der Mikroalge Haematococcus pluvialis. Mit 4 mg reinem Astaxanthin pro Kapsel unterst\u00fctzt du deinen K\u00f6rper im Schutz vor oxidativem Stress. Ideal f\u00fcr einen aktiven Lebensstil und zur t\u00e4glichen Erg\u00e4nzung deiner Ern\u00e4hrung.<\/p>","protected":false},"featured_media":34739,"comment_status":"open","ping_status":"closed","template":"","meta":{"_acf_changed":false},"product_brand":[],"product_cat":[17],"product_tag":[],"class_list":{"0":"post-34737","1":"product","2":"type-product","3":"status-publish","4":"has-post-thumbnail","6":"product_cat-alleprodukte","8":"first","9":"instock","10":"taxable","11":"shipping-taxable","12":"purchasable","13":"product-type-simple"},"acf":[],"_links":{"self":[{"href":"https:\/\/shop.younggo-fit.de\/en\/wp-json\/wp\/v2\/product\/34737","targetHints":{"allow":["GET"]}}],"collection":[{"href":"https:\/\/shop.younggo-fit.de\/en\/wp-json\/wp\/v2\/product"}],"about":[{"href":"https:\/\/shop.younggo-fit.de\/en\/wp-json\/wp\/v2\/types\/product"}],"replies":[{"embeddable":true,"href":"https:\/\/shop.younggo-fit.de\/en\/wp-json\/wp\/v2\/comments?post=34737"}],"version-history":[{"count":7,"href":"https:\/\/shop.younggo-fit.de\/en\/wp-json\/wp\/v2\/product\/34737\/revisions"}],"predecessor-version":[{"id":34750,"href":"https:\/\/shop.younggo-fit.de\/en\/wp-json\/wp\/v2\/product\/34737\/revisions\/34750"}],"wp:featuredmedia":[{"embeddable":true,"href":"https:\/\/shop.younggo-fit.de\/en\/wp-json\/wp\/v2\/media\/34739"}],"wp:attachment":[{"href":"https:\/\/shop.younggo-fit.de\/en\/wp-json\/wp\/v2\/media?parent=34737"}],"wp:term":[{"taxonomy":"product_brand","embeddable":true,"href":"https:\/\/shop.younggo-fit.de\/en\/wp-json\/wp\/v2\/product_brand?post=34737"},{"taxonomy":"product_cat","embeddable":true,"href":"https:\/\/shop.younggo-fit.de\/en\/wp-json\/wp\/v2\/product_cat?post=34737"},{"taxonomy":"product_tag","embeddable":true,"href":"https:\/\/shop.younggo-fit.de\/en\/wp-json\/wp\/v2\/product_tag?post=34737"}],"curies":[{"name":"wp","href":"https:\/\/api.w.org\/{rel}","templated":true}]}}