{"id":6738,"date":"2020-11-01T17:46:14","date_gmt":"2020-11-01T16:46:14","guid":{"rendered":"https:\/\/younggo-fit.de\/?post_type=product&#038;p=6738"},"modified":"2026-04-02T12:58:24","modified_gmt":"2026-04-02T10:58:24","slug":"younggo-probioghurt-natur","status":"publish","type":"product","link":"https:\/\/shop.younggo-fit.de\/en\/product\/younggo-probioghurt-natur\/","title":{"rendered":"YoungGo Probioghurt DRINK Basic"},"content":{"rendered":"<div data-elementor-type=\"product-post\" data-elementor-id=\"6738\" class=\"elementor elementor-6738\" data-elementor-post-type=\"product\">\n\t\t\t\t<div class=\"wd-negative-gap elementor-element elementor-element-48b781c e-flex e-con-boxed e-con e-parent\" data-id=\"48b781c\" data-element_type=\"container\" data-e-type=\"container\">\n\t\t\t\t\t<div class=\"e-con-inner\">\n\t\t\t\t<div class=\"elementor-element elementor-element-0c0392d wd-width-100 elementor-widget elementor-widget-wd_title\" data-id=\"0c0392d\" data-element_type=\"widget\" data-e-type=\"widget\" data-widget_type=\"wd_title.default\">\n\t\t\t\t<div class=\"elementor-widget-container\">\n\t\t\t\t\t\t\t<div class=\"title-wrapper wd-set-mb reset-last-child wd-title-color-default wd-title-style-default wd-title-size-default text-left\">\n\n\t\t\t\n\t\t\t<div class=\"liner-continer\">\n\t\t\t\t<h4 class=\"woodmart-title-container title wd-fontsize-l\">YoungGo Probioghurt Natur.<\/h4> \n\t\t\t\t\t\t\t<\/div>\n\n\t\t\t\t\t\t\t<div class=\"title-after_title reset-last-child wd-fontsize-xs\">\n\t\t\t\t\t<h4><strong>Darmflora aufbauen, Immunsystem unterst\u00fctzen, Joghurt selbst machen<\/strong><\/h4>\t\t\t\t<\/div>\n\t\t\t\t\t<\/div>\n\t\t\t\t\t\t<\/div>\n\t\t\t\t<\/div>\n\t\t\t\t<div class=\"elementor-element elementor-element-e1c8b21 elementor-widget-divider--view-line elementor-widget elementor-widget-divider\" data-id=\"e1c8b21\" data-element_type=\"widget\" data-e-type=\"widget\" data-widget_type=\"divider.default\">\n\t\t\t\t<div class=\"elementor-widget-container\">\n\t\t\t\t\t\t\t<div class=\"elementor-divider\">\n\t\t\t<span class=\"elementor-divider-separator\">\n\t\t\t\t\t\t<\/span>\n\t\t<\/div>\n\t\t\t\t\t\t<\/div>\n\t\t\t\t<\/div>\n\t\t\t\t<div class=\"elementor-element elementor-element-7422b23 color-scheme-inherit text-left elementor-widget elementor-widget-text-editor\" data-id=\"7422b23\" data-element_type=\"widget\" data-e-type=\"widget\" data-widget_type=\"text-editor.default\">\n\t\t\t\t<div class=\"elementor-widget-container\">\n\t\t\t\t\t\t\t\t\t<h4 data-start=\"96\" data-end=\"317\"><strong>Was es ist<\/strong><\/h4><p data-start=\"96\" data-end=\"317\">YoungGo Probioghurt Natur ist ein Joghurt <strong>mit 7 aktiven Bakterienst\u00e4mmen plus Vitamin D3<\/strong>. Du r\u00fchrst es an und bereitest im YoungGo Yogurtmaker einen milden <strong>Joghurt ohne Zus\u00e4tze, Zucker oder Farbstoffe<\/strong> zu.<\/p><h4 data-start=\"319\" data-end=\"526\"><strong>Wof\u00fcr es da ist<\/strong><\/h4><p data-start=\"319\" data-end=\"526\">Du st\u00e4rkst deine Darmflora. Das unterst\u00fctzt Verdauung und Wohlbefinden. Eine stabile Darmflora wirkt auch auf dein Immunsystem. Der Joghurt kann zudem die Laktosevertr\u00e4glichkeit verbessern.<\/p><h4 data-start=\"528\" data-end=\"557\"><strong>Warum du es nehmen solltest<\/strong><\/h4><ul data-start=\"558\" data-end=\"856\"><li data-start=\"558\" data-end=\"609\"><p data-start=\"560\" data-end=\"609\">7 aktive Bakterienst\u00e4mme in hoher Konzentration<\/p><\/li><li data-start=\"610\" data-end=\"662\"><p data-start=\"612\" data-end=\"662\">Ohne Zusatzstoffe, ohne Emulgatoren, ohne Zucker<\/p><\/li><li data-start=\"663\" data-end=\"681\"><p data-start=\"665\" data-end=\"681\">Mit Vitamin D3<\/p><\/li><li data-start=\"682\" data-end=\"723\"><p data-start=\"684\" data-end=\"723\">Unterst\u00fctzt Verdauung und Immunsystem<\/p><\/li><li data-start=\"724\" data-end=\"794\"><p data-start=\"726\" data-end=\"794\">Kann sch\u00e4dliche Keime verdr\u00e4ngen und die Darmbarriere unterst\u00fctzen<\/p><\/li><li data-start=\"795\" data-end=\"856\"><p data-start=\"797\" data-end=\"856\">Du wei\u00dft genau, was drin ist, weil du ihn selbst herstellst<\/p><\/li><\/ul><h4 data-start=\"858\" data-end=\"1102\"><strong>So bereitest du ihn zu<\/strong><\/h4><p data-start=\"858\" data-end=\"1102\">Du mischst 1 Sachet mit 1 Liter H Milch, 3,8 Prozent Fett, Bio passt gut.<br data-start=\"956\" data-end=\"959\" \/>Alternative: unges\u00fc\u00dften Sojadrink nehmen und vor der Zubereitung 1 Essl\u00f6ffel Zucker einr\u00fchren.<br data-start=\"1053\" data-end=\"1056\" \/>Dann setzt du die Mischung in den Yogurtmaker.<\/p><h4 data-start=\"1104\" data-end=\"1196\"><strong>So verwendest du ihn t\u00e4glich<\/strong><\/h4><p data-start=\"1104\" data-end=\"1196\">Du isst oder trinkst t\u00e4glich 100 ml vom fertigen Probioghurt.<\/p><h4 data-start=\"1198\" data-end=\"1413\"><strong>F\u00fcr wen es passt<\/strong><\/h4><p data-start=\"1198\" data-end=\"1413\" data-is-last-node=\"\" data-is-only-node=\"\">F\u00fcr alle, die ihre Darmgesundheit st\u00e4rken wollen, zum Beispiel bei empfindlicher Verdauung, nach Belastungsphasen, bei Reisedarm, oder wenn du dein Wohlbefinden \u00fcber den Darm stabilisieren willst.<\/p>\t\t\t\t\t\t\t\t<\/div>\n\t\t\t\t<\/div>\n\t\t\t\t\t<\/div>\n\t\t\t\t<\/div>\n\t\t<div class=\"elementor-element elementor-element-3d57d9b e-con-full e-flex e-con e-parent\" data-id=\"3d57d9b\" data-element_type=\"container\" data-e-type=\"container\" data-settings=\"{&quot;background_background&quot;:&quot;classic&quot;,&quot;shape_divider_top&quot;:&quot;mountains&quot;}\">\n\t\t\t\t<div class=\"elementor-shape elementor-shape-top\" aria-hidden=\"true\" data-negative=\"false\">\n\t\t\t<svg xmlns=\"http:\/\/www.w3.org\/2000\/svg\" viewbox=\"0 0 1000 100\" preserveaspectratio=\"none\">\n\t<path class=\"elementor-shape-fill\" opacity=\"0.33\" d=\"M473,67.3c-203.9,88.3-263.1-34-320.3,0C66,119.1,0,59.7,0,59.7V0h1000v59.7 c0,0-62.1,26.1-94.9,29.3c-32.8,3.3-62.8-12.3-75.8-22.1C806,49.6,745.3,8.7,694.9,4.7S492.4,59,473,67.3z\"\/>\n\t<path class=\"elementor-shape-fill\" opacity=\"0.66\" d=\"M734,67.3c-45.5,0-77.2-23.2-129.1-39.1c-28.6-8.7-150.3-10.1-254,39.1 s-91.7-34.4-149.2,0C115.7,118.3,0,39.8,0,39.8V0h1000v36.5c0,0-28.2-18.5-92.1-18.5C810.2,18.1,775.7,67.3,734,67.3z\"\/>\n\t<path class=\"elementor-shape-fill\" d=\"M766.1,28.9c-200-57.5-266,65.5-395.1,19.5C242,1.8,242,5.4,184.8,20.6C128,35.8,132.3,44.9,89.9,52.5C28.6,63.7,0,0,0,0 h1000c0,0-9.9,40.9-83.6,48.1S829.6,47,766.1,28.9z\"\/>\n<\/svg>\t\t<\/div>\n\t\t\t\t<div class=\"elementor-element elementor-element-f42235c elementor-widget__width-auto elementor-widget elementor-widget-video\" data-id=\"f42235c\" data-element_type=\"widget\" data-e-type=\"widget\" data-settings=\"{&quot;video_type&quot;:&quot;hosted&quot;,&quot;controls&quot;:&quot;yes&quot;}\" data-widget_type=\"video.default\">\n\t\t\t\t<div class=\"elementor-widget-container\">\n\t\t\t\t\t\t\t<div class=\"e-hosted-video elementor-wrapper elementor-open-inline\">\n\t\t\t\t\t<video class=\"elementor-video\" src=\"https:\/\/shop.younggo-fit.de\/wp-content\/uploads\/2020\/11\/Zubereitung-Probioghurt.mp4\" controls=\"\" preload=\"metadata\" controlslist=\"nodownload\"><\/video>\n\t\t\t\t<\/div>\n\t\t\t\t\t\t<\/div>\n\t\t\t\t<\/div>\n\t\t\t\t<\/div>\n\t\t\t\t<\/div>","protected":false},"excerpt":{"rendered":"<p><b>MHD: 09.2026<\/b><\/p>\n<p>YoungGo Probioghurt\u00ae Natur Drink enth\u00e4lt 7 unterschiedliche Bakterienst\u00e4mme, liebevoll &#8222;Helferchen&#8220; genannt, die ihre Aufgaben im Darm ernst nehmen und Dich in Deinem Wohlbefinden unterst\u00fctzen.<\/p>\n<p><span style=\"color: #ae0862;\"><strong>Bitte die Sachets k\u00fchl und trocken lagern!<\/strong><\/span><\/p>\n<h4><strong><span class=\"wd-attr-name\"> <span class=\"wd-attr-name-label\"> Inhaltsstoffe<\/span><\/span><\/strong><\/h4>\n<p><span class=\"wd-attr-term\">Zutaten: Inulin (96,130\/ol, Joghurtkulturen (3,870\/o; Lactobacillus acidophilus LA02, L. paracasei LPCOO, Bifidobacterium bifidum BB01, B. breve BR03, B. lactis BS01, Streptococcus thermophilus thermophilus, L. delbrueckii subsp. bulgaricus), Cholecalciferol<\/span><\/p>\n<p>&nbsp;<\/p>\n<p><strong>Inhalt:<\/strong><\/p>\n<ul>\n<li><strong>4x Sachets<\/strong><\/li>\n<\/ul>","protected":false},"featured_media":34911,"comment_status":"open","ping_status":"closed","template":"","meta":{"_acf_changed":false},"product_brand":[],"product_cat":[17,50],"product_tag":[],"class_list":{"0":"post-6738","1":"product","2":"type-product","3":"status-publish","4":"has-post-thumbnail","6":"product_cat-alleprodukte","7":"product_cat-vitalstoffe","9":"first","10":"instock","11":"taxable","12":"shipping-taxable","13":"purchasable","14":"product-type-simple"},"acf":[],"_links":{"self":[{"href":"https:\/\/shop.younggo-fit.de\/en\/wp-json\/wp\/v2\/product\/6738","targetHints":{"allow":["GET"]}}],"collection":[{"href":"https:\/\/shop.younggo-fit.de\/en\/wp-json\/wp\/v2\/product"}],"about":[{"href":"https:\/\/shop.younggo-fit.de\/en\/wp-json\/wp\/v2\/types\/product"}],"replies":[{"embeddable":true,"href":"https:\/\/shop.younggo-fit.de\/en\/wp-json\/wp\/v2\/comments?post=6738"}],"version-history":[{"count":8,"href":"https:\/\/shop.younggo-fit.de\/en\/wp-json\/wp\/v2\/product\/6738\/revisions"}],"predecessor-version":[{"id":34910,"href":"https:\/\/shop.younggo-fit.de\/en\/wp-json\/wp\/v2\/product\/6738\/revisions\/34910"}],"wp:featuredmedia":[{"embeddable":true,"href":"https:\/\/shop.younggo-fit.de\/en\/wp-json\/wp\/v2\/media\/34911"}],"wp:attachment":[{"href":"https:\/\/shop.younggo-fit.de\/en\/wp-json\/wp\/v2\/media?parent=6738"}],"wp:term":[{"taxonomy":"product_brand","embeddable":true,"href":"https:\/\/shop.younggo-fit.de\/en\/wp-json\/wp\/v2\/product_brand?post=6738"},{"taxonomy":"product_cat","embeddable":true,"href":"https:\/\/shop.younggo-fit.de\/en\/wp-json\/wp\/v2\/product_cat?post=6738"},{"taxonomy":"product_tag","embeddable":true,"href":"https:\/\/shop.younggo-fit.de\/en\/wp-json\/wp\/v2\/product_tag?post=6738"}],"curies":[{"name":"wp","href":"https:\/\/api.w.org\/{rel}","templated":true}]}}