{"id":6742,"date":"2020-11-01T17:57:00","date_gmt":"2020-11-01T16:57:00","guid":{"rendered":"https:\/\/younggo-fit.de\/?post_type=product&#038;p=6742"},"modified":"2026-05-05T12:18:42","modified_gmt":"2026-05-05T10:18:42","slug":"younggo-force","status":"publish","type":"product","link":"https:\/\/shop.younggo-fit.de\/en\/product\/younggo-force\/","title":{"rendered":"YoungGo Force"},"content":{"rendered":"<div data-elementor-type=\"product-post\" data-elementor-id=\"6742\" class=\"elementor elementor-6742\" data-elementor-post-type=\"product\">\n\t\t\t\t<div class=\"wd-negative-gap elementor-element elementor-element-7e0e82df e-flex e-con-boxed e-con e-parent\" data-id=\"7e0e82df\" data-element_type=\"container\" data-e-type=\"container\">\n\t\t\t\t\t<div class=\"e-con-inner\">\n\t\t\t\t<div class=\"elementor-element elementor-element-88f885c wd-width-100 elementor-widget elementor-widget-wd_title\" data-id=\"88f885c\" data-element_type=\"widget\" data-e-type=\"widget\" data-widget_type=\"wd_title.default\">\n\t\t\t\t<div class=\"elementor-widget-container\">\n\t\t\t\t\t\t\t<div class=\"title-wrapper wd-set-mb reset-last-child wd-title-color-default wd-title-style-default wd-title-size-default text-left\">\n\n\t\t\t\n\t\t\t<div class=\"liner-continer\">\n\t\t\t\t<h4 class=\"woodmart-title-container title wd-fontsize-l\">YoungGo Force. <\/h4> \n\t\t\t\t\t\t\t<\/div>\n\n\t\t\t\t\t\t\t<div class=\"title-after_title reset-last-child wd-fontsize-xs\">\n\t\t\t\t\t<h4><strong>Basis Vitamine f\u00fcr jeden Tag, weniger M\u00fcdigkeit, mehr Abwehr<\/strong><\/h4>\t\t\t\t<\/div>\n\t\t\t\t\t<\/div>\n\t\t\t\t\t\t<\/div>\n\t\t\t\t<\/div>\n\t\t\t\t<div class=\"elementor-element elementor-element-6075c8c elementor-widget-divider--view-line elementor-widget elementor-widget-divider\" data-id=\"6075c8c\" data-element_type=\"widget\" data-e-type=\"widget\" data-widget_type=\"divider.default\">\n\t\t\t\t<div class=\"elementor-widget-container\">\n\t\t\t\t\t\t\t<div class=\"elementor-divider\">\n\t\t\t<span class=\"elementor-divider-separator\">\n\t\t\t\t\t\t<\/span>\n\t\t<\/div>\n\t\t\t\t\t\t<\/div>\n\t\t\t\t<\/div>\n\t\t\t\t<div class=\"elementor-element elementor-element-3cfcab04 color-scheme-inherit text-left elementor-widget elementor-widget-text-editor\" data-id=\"3cfcab04\" data-element_type=\"widget\" data-e-type=\"widget\" data-widget_type=\"text-editor.default\">\n\t\t\t\t<div class=\"elementor-widget-container\">\n\t\t\t\t\t\t\t\t\t<h4 data-start=\"77\" data-end=\"299\"><strong>Was es ist<\/strong><\/h4><p data-start=\"77\" data-end=\"299\">YoungGo Force ist ein Pulverdrink mit Vitaminen, Vitalstoffen, CLA und L Carnitin. Du nutzt es als t\u00e4gliche Basisversorgung. Es unterst\u00fctzt das Immunsystem und hilft, M\u00fcdigkeit zu reduzieren. Geschmack Orange.<\/p><h4 data-start=\"301\" data-end=\"556\"><strong>Wof\u00fcr es da ist<\/strong><\/h4><p data-start=\"301\" data-end=\"556\">Du deckst wichtige Vitamine ab, vor allem B Vitamine, Vitamin C, D und E. Das unterst\u00fctzt Energiestoffwechsel, Nerven und Abwehr. Du bekommst dazu eine geringe Menge Koffein, 3 mg pro Tagesdosis, deutlich unter klassischen Energy Drinks.<\/p><h4 data-start=\"558\" data-end=\"587\"><strong>Warum du es nehmen solltest<\/strong><\/h4><ul data-start=\"588\" data-end=\"980\"><li data-start=\"588\" data-end=\"661\"><p data-start=\"590\" data-end=\"661\">Energie Stoffwechsel Support durch B1, B2, B3, B5, B6, Biotin und B12<\/p><\/li><li data-start=\"662\" data-end=\"722\"><p data-start=\"664\" data-end=\"722\">Weniger M\u00fcdigkeit durch Vitamin C und mehrere B Vitamine<\/p><\/li><li data-start=\"723\" data-end=\"789\"><p data-start=\"725\" data-end=\"789\">Zellschutz vor oxidativem Stress durch Vitamin C und Vitamin E<\/p><\/li><li data-start=\"790\" data-end=\"843\"><p data-start=\"792\" data-end=\"843\">Immunsystem Support durch Vitamin C und Vitamin D<\/p><\/li><li data-start=\"844\" data-end=\"898\"><p data-start=\"846\" data-end=\"898\">Knochen und Muskelfunktion Support durch Vitamin D<\/p><\/li><li data-start=\"899\" data-end=\"980\"><p data-start=\"901\" data-end=\"980\">Alltagstauglich, weil du es als Drink nimmst und nur 1 Portion pro Tag brauchst<\/p><\/li><\/ul><h4 data-start=\"982\" data-end=\"1127\"><strong>So verwendest du es<\/strong><\/h4><p data-start=\"982\" data-end=\"1127\">Du r\u00fchrst 1 Messl\u00f6ffel, 3 g, in 200 ml stilles Wasser. Du trinkst 1 Portion pro Tag. Trocken und bei Raumtemperatur lagern.<\/p><h4 data-start=\"1129\" data-end=\"1244\"><strong>F\u00fcr wen es passt<\/strong><\/h4><p data-start=\"1129\" data-end=\"1244\" data-is-last-node=\"\" data-is-only-node=\"\">F\u00fcr Personen ab 14 Jahren, wenn du im Alltag eine Vitamin Basis willst, ohne hohe Koffeinmengen.<\/p>\t\t\t\t\t\t\t\t<\/div>\n\t\t\t\t<\/div>\n\t\t\t\t\t<\/div>\n\t\t\t\t<\/div>\n\t\t\t\t<\/div>","protected":false},"excerpt":{"rendered":"<p><strong>Hinweis:<\/strong><\/p>\n<p>Mit B-Vitamin-Komplex, Gr\u00fcntee, L-Carnitin, CLA &amp; Guarana.<\/p>\n<p><strong>MHD 14.10.2026<\/strong><\/p>\n<h4><strong><span class=\"wd-attr-name\"><span class=\"wd-attr-name-label\">Inhaltsstoffe<\/span><\/span><\/strong><\/h4>\n<p><span class=\"wd-attr-term\">Nahrungserg\u00e4nzungsmittel in Pulverform mit Vitaminen, Konjugierter Linols\u00e4ure, L-Carnitin. Mit Zucker und S\u00fc\u00dfungsmittel. Enth\u00e4lt 3 mg Koffein pro Tagesdosis a 3,0 g<br \/>\n<strong>Zutaten:<\/strong> S\u00e4uerungsmittel Citronens\u00e4ure, Dextrin, Orangenaroma, Pulver konjugierter Linols\u00e4ure (5,5%; Distel\u00f6l, Glucosesirup, NatriumCASEINat, Emulgator SOJAlecithin), Acerola Extrakt (enth\u00e4lt 17% Ascorbins\u00e4ure), L-Carnitin-L-Tartrat (3,3%), L-Ascorbins\u00e4ure, S\u00fc\u00dfungsmittel Sucralose, Guarana Extrakt (enth\u00e4lt 10% Koffein), Gr\u00fcntee Extrakt (enth\u00e4lt 50% Polyphenole), Nicotins\u00e4ure, DL-alpha-Tocopherylacetat, Calcium-D-pantothenat, Farbstoff Beta Carotin, Pyridoxinhydrochlorid, Riboflavin, Thiaminmononitrat, Pteroylmonoglutamins\u00e4ure, Biotin, Cholecalciferol, Cyanocobalamin.<\/span><\/p>\n<h4><strong><span class=\"wd-attr-name\"><span class=\"wd-attr-name-label\">Verzehrempfehlung<\/span><\/span><\/strong><\/h4>\n<p><span class=\"wd-attr-term\">1 Portion (1 Messl\u00f6ffel a 3 g) in 200 ml stilles Wasser r\u00fchren und trinken.<\/span><\/p>","protected":false},"featured_media":25551,"comment_status":"open","ping_status":"closed","template":"","meta":{"_acf_changed":false},"product_brand":[],"product_cat":[17,50],"product_tag":[],"class_list":{"0":"post-6742","1":"product","2":"type-product","3":"status-publish","4":"has-post-thumbnail","6":"product_cat-alleprodukte","7":"product_cat-vitalstoffe","9":"first","10":"instock","11":"taxable","12":"shipping-taxable","13":"purchasable","14":"product-type-simple"},"acf":[],"_links":{"self":[{"href":"https:\/\/shop.younggo-fit.de\/en\/wp-json\/wp\/v2\/product\/6742","targetHints":{"allow":["GET"]}}],"collection":[{"href":"https:\/\/shop.younggo-fit.de\/en\/wp-json\/wp\/v2\/product"}],"about":[{"href":"https:\/\/shop.younggo-fit.de\/en\/wp-json\/wp\/v2\/types\/product"}],"replies":[{"embeddable":true,"href":"https:\/\/shop.younggo-fit.de\/en\/wp-json\/wp\/v2\/comments?post=6742"}],"version-history":[{"count":5,"href":"https:\/\/shop.younggo-fit.de\/en\/wp-json\/wp\/v2\/product\/6742\/revisions"}],"predecessor-version":[{"id":34275,"href":"https:\/\/shop.younggo-fit.de\/en\/wp-json\/wp\/v2\/product\/6742\/revisions\/34275"}],"wp:featuredmedia":[{"embeddable":true,"href":"https:\/\/shop.younggo-fit.de\/en\/wp-json\/wp\/v2\/media\/25551"}],"wp:attachment":[{"href":"https:\/\/shop.younggo-fit.de\/en\/wp-json\/wp\/v2\/media?parent=6742"}],"wp:term":[{"taxonomy":"product_brand","embeddable":true,"href":"https:\/\/shop.younggo-fit.de\/en\/wp-json\/wp\/v2\/product_brand?post=6742"},{"taxonomy":"product_cat","embeddable":true,"href":"https:\/\/shop.younggo-fit.de\/en\/wp-json\/wp\/v2\/product_cat?post=6742"},{"taxonomy":"product_tag","embeddable":true,"href":"https:\/\/shop.younggo-fit.de\/en\/wp-json\/wp\/v2\/product_tag?post=6742"}],"curies":[{"name":"wp","href":"https:\/\/api.w.org\/{rel}","templated":true}]}}