{"id":6743,"date":"2020-11-01T17:59:47","date_gmt":"2020-11-01T16:59:47","guid":{"rendered":"https:\/\/younggo-fit.de\/?post_type=product&#038;p=6743"},"modified":"2026-04-02T12:57:34","modified_gmt":"2026-04-02T10:57:34","slug":"younggo-energy-advanced","status":"publish","type":"product","link":"https:\/\/shop.younggo-fit.de\/en\/product\/younggo-energy-advanced\/","title":{"rendered":"YoungGo Energy Advanced"},"content":{"rendered":"<div data-elementor-type=\"product-post\" data-elementor-id=\"6743\" class=\"elementor elementor-6743\" data-elementor-post-type=\"product\">\n\t\t\t\t<div class=\"wd-negative-gap elementor-element elementor-element-506958fe e-flex e-con-boxed e-con e-parent\" data-id=\"506958fe\" data-element_type=\"container\" data-e-type=\"container\">\n\t\t\t\t\t<div class=\"e-con-inner\">\n\t\t\t\t<div class=\"elementor-element elementor-element-02ccd9b wd-width-100 elementor-widget elementor-widget-wd_title\" data-id=\"02ccd9b\" data-element_type=\"widget\" data-e-type=\"widget\" data-widget_type=\"wd_title.default\">\n\t\t\t\t<div class=\"elementor-widget-container\">\n\t\t\t\t\t\t\t<div class=\"title-wrapper wd-set-mb reset-last-child wd-title-color-default wd-title-style-default wd-title-size-default text-left\">\n\n\t\t\t\t\t\t\t\t\t\t\t<div class=\"title-subtitle subtitle-color-default subtitle-style-default wd-fontsize-xs\">\n\t\t\t\t\tSubtitle text example\t\t\t\t<\/div>\n\t\t\t\n\t\t\t<div class=\"liner-continer\">\n\t\t\t\t<h4 class=\"woodmart-title-container title wd-fontsize-l\">YoungGo Energy Advanced.<\/h4> \n\t\t\t\t\t\t\t<\/div>\n\n\t\t\t\t\t\t\t<div class=\"title-after_title reset-last-child wd-fontsize-xs\">\n\t\t\t\t\t<h4><strong>\u00a0Klarer Kopf, weniger M\u00fcdigkeit, ohne Zuckerbomben<\/strong><\/h4>\t\t\t\t<\/div>\n\t\t\t\t\t<\/div>\n\t\t\t\t\t\t<\/div>\n\t\t\t\t<\/div>\n\t\t\t\t<div class=\"elementor-element elementor-element-cdfb13a elementor-widget-divider--view-line elementor-widget elementor-widget-divider\" data-id=\"cdfb13a\" data-element_type=\"widget\" data-e-type=\"widget\" data-widget_type=\"divider.default\">\n\t\t\t\t<div class=\"elementor-widget-container\">\n\t\t\t\t\t\t\t<div class=\"elementor-divider\">\n\t\t\t<span class=\"elementor-divider-separator\">\n\t\t\t\t\t\t<\/span>\n\t\t<\/div>\n\t\t\t\t\t\t<\/div>\n\t\t\t\t<\/div>\n\t\t\t\t<div class=\"elementor-element elementor-element-541e606c color-scheme-inherit text-left elementor-widget elementor-widget-text-editor\" data-id=\"541e606c\" data-element_type=\"widget\" data-e-type=\"widget\" data-widget_type=\"text-editor.default\">\n\t\t\t\t<div class=\"elementor-widget-container\">\n\t\t\t\t\t\t\t\t\t<h4 data-start=\"76\" data-end=\"337\"><strong>Was es ist<\/strong><\/h4><p data-start=\"76\" data-end=\"337\">YoungGo Energy Advanced ist ein Pulver f\u00fcr ein kleines Getr\u00e4nk. Es unterst\u00fctzt deinen Energiestoffwechsel und hilft, M\u00fcdigkeit im Alltag zu verringern. Du bekommst Vitamine, Mikron\u00e4hrstoffe und eine moderate Menge Koffein, statt hoher Zuckermengen.<\/p><h4 data-start=\"339\" data-end=\"532\"><strong>Wof\u00fcr es da ist<\/strong><\/h4><p data-start=\"339\" data-end=\"532\">Du nutzt es f\u00fcr Schule, Arbeit und Training, wenn du Fokus und Energie brauchst. Die Formel kombiniert B Vitamine, Vitamin C, D und E mit Gr\u00fcntee, Guarana, L Carnitin und CLA.<\/p><h4 data-start=\"534\" data-end=\"556\"><strong>Warum es sich abhebt<\/strong><\/h4><ul data-start=\"557\" data-end=\"867\"><li data-start=\"557\" data-end=\"630\"><p data-start=\"559\" data-end=\"630\">Weniger Koffein als viele klassische Energys, pro Tagesportion 8,3 mg<\/p><\/li><li data-start=\"631\" data-end=\"672\"><p data-start=\"633\" data-end=\"672\">Kein Taurin, keine hohen Zuckermengen<\/p><\/li><li data-start=\"673\" data-end=\"756\"><p data-start=\"675\" data-end=\"756\">Zellschutz durch Vitamin E und Vitamin C, weil sie oxidativen Stress reduzieren<\/p><\/li><li data-start=\"757\" data-end=\"867\"><p data-start=\"759\" data-end=\"867\">Energie Stoffwechsel Support durch B Vitamine, dazu weniger M\u00fcdigkeit durch Vitamin C und mehrere B Vitamine<\/p><\/li><\/ul><h4 data-start=\"869\" data-end=\"1015\"><strong>So verwendest du es<\/strong><\/h4><p data-start=\"869\" data-end=\"1015\">Du r\u00fchrst 1 Messl\u00f6ffel, 0,5 g, in 33 ml stilles Wasser. Du trinkst 1 Portion pro Tag. Trocken und bei Raumtemperatur lagern.<\/p><h4 data-start=\"1017\" data-end=\"1150\"><strong>Gut zu wissen<\/strong><\/h4><p data-start=\"1017\" data-end=\"1150\">Wenn du es n\u00fcchtern nimmst, kann kurz ein Kribbeln auftreten. Das kann mit der st\u00e4rkeren Durchblutung zusammenh\u00e4ngen.<\/p><h4 data-start=\"1152\" data-end=\"1289\"><strong>F\u00fcr wen es passt<\/strong><\/h4><p data-start=\"1152\" data-end=\"1289\" data-is-last-node=\"\" data-is-only-node=\"\">F\u00fcr Personen ab 14 Jahren, im Schul oder Arbeitsalltag, bei Pr\u00fcfungsstress und langen Tagen. Geschmack Pfirsich Mango.<\/p>\t\t\t\t\t\t\t\t<\/div>\n\t\t\t\t<\/div>\n\t\t\t\t\t<\/div>\n\t\t\t\t<\/div>\n\t\t\t\t<\/div>","protected":false},"excerpt":{"rendered":"<p><strong>MHD 27.02.2027<\/strong><\/p>\n<h4 data-start=\"79\" data-end=\"159\"><strong data-start=\"83\" data-end=\"157\">Dein Energie-Boost f\u00fcr einen starken Start!<\/strong><\/h4>\n<h5><strong><span class=\"wd-attr-name\"><span class=\"wd-attr-name-label\">Inhaltsstoffe<\/span><\/span><\/strong><\/h5>\n<p>Nahrungserg\u00e4nzungsmittel in Pulverform mit Vitaminen, Konjugierter Linols\u00e4ure, L-Carnitin. Mit Zucker und S\u00fc\u00dfungsmittel. Enth\u00e4lt 8,3 mg Koffein pro Tagesportion a 0,5 g (33 ml verzehrfertiges Getr\u00e4nk).<\/p>\n<p><strong>Zutaten:<\/strong> Dextrin, S\u00e4uerungsmittel Citronens\u00e4ure, Acerola Extrakt, L-Carnitin-L-Tartat, Diestel\u00f6l, Guarana Extrakt, Gr\u00fcntee Extrakt, Glucosesirup, Koffein, L-Ascorbins\u00e4ure, NatriumCASEINAT, Farbstoff Beta Carotin, S\u00fc\u00dfungsmittel Sucralose, Nicotinamid, Bioperine&#8220; Extrakt, DL-Alpha-Tocopherylacetat, Calcium-D-Pantothenat, Emulgator SOJAlecithin, Pyrodoxinhydrochlorid, Riboflavin, Thiaminnitrat, Pteroylmonoglutamins\u00e4ure, Biotion, Cholecalciferol, Cyanocobalamin.<\/p>\n<h5><strong><span class=\"wd-attr-name\"><span class=\"wd-attr-name-label\">Verzehrempfehlung<\/span><\/span><\/strong><\/h5>\n<p><span class=\"wd-attr-term\">1 Portion (1 Messl\u00f6ffel \u00e4 0,5 g) in 33 ml stilles Wasser r\u00fchren. 1 Portion\/Tag empfohlen. Trocken und bei Raumtemperatur aufbewahren.<\/span><\/p>","protected":false},"featured_media":33497,"comment_status":"open","ping_status":"closed","template":"","meta":{"_acf_changed":false},"product_brand":[],"product_cat":[17,50],"product_tag":[],"class_list":{"0":"post-6743","1":"product","2":"type-product","3":"status-publish","4":"has-post-thumbnail","6":"product_cat-alleprodukte","7":"product_cat-vitalstoffe","9":"first","10":"instock","11":"taxable","12":"shipping-taxable","13":"purchasable","14":"product-type-simple"},"acf":[],"_links":{"self":[{"href":"https:\/\/shop.younggo-fit.de\/en\/wp-json\/wp\/v2\/product\/6743","targetHints":{"allow":["GET"]}}],"collection":[{"href":"https:\/\/shop.younggo-fit.de\/en\/wp-json\/wp\/v2\/product"}],"about":[{"href":"https:\/\/shop.younggo-fit.de\/en\/wp-json\/wp\/v2\/types\/product"}],"replies":[{"embeddable":true,"href":"https:\/\/shop.younggo-fit.de\/en\/wp-json\/wp\/v2\/comments?post=6743"}],"version-history":[{"count":21,"href":"https:\/\/shop.younggo-fit.de\/en\/wp-json\/wp\/v2\/product\/6743\/revisions"}],"predecessor-version":[{"id":34991,"href":"https:\/\/shop.younggo-fit.de\/en\/wp-json\/wp\/v2\/product\/6743\/revisions\/34991"}],"wp:featuredmedia":[{"embeddable":true,"href":"https:\/\/shop.younggo-fit.de\/en\/wp-json\/wp\/v2\/media\/33497"}],"wp:attachment":[{"href":"https:\/\/shop.younggo-fit.de\/en\/wp-json\/wp\/v2\/media?parent=6743"}],"wp:term":[{"taxonomy":"product_brand","embeddable":true,"href":"https:\/\/shop.younggo-fit.de\/en\/wp-json\/wp\/v2\/product_brand?post=6743"},{"taxonomy":"product_cat","embeddable":true,"href":"https:\/\/shop.younggo-fit.de\/en\/wp-json\/wp\/v2\/product_cat?post=6743"},{"taxonomy":"product_tag","embeddable":true,"href":"https:\/\/shop.younggo-fit.de\/en\/wp-json\/wp\/v2\/product_tag?post=6743"}],"curies":[{"name":"wp","href":"https:\/\/api.w.org\/{rel}","templated":true}]}}