{"id":6744,"date":"2020-11-01T18:02:23","date_gmt":"2020-11-01T17:02:23","guid":{"rendered":"https:\/\/younggo-fit.de\/?post_type=product&#038;p=6744"},"modified":"2026-04-02T12:59:05","modified_gmt":"2026-04-02T10:59:05","slug":"younggo-win-forte","status":"publish","type":"product","link":"https:\/\/shop.younggo-fit.de\/en\/product\/younggo-win-forte\/","title":{"rendered":"YoungGo Win Forte"},"content":{"rendered":"<div data-elementor-type=\"product-post\" data-elementor-id=\"6744\" class=\"elementor elementor-6744\" data-elementor-post-type=\"product\">\n\t\t\t\t<div class=\"wd-negative-gap elementor-element elementor-element-610657ae e-flex e-con-boxed e-con e-parent\" data-id=\"610657ae\" data-element_type=\"container\" data-e-type=\"container\">\n\t\t\t\t\t<div class=\"e-con-inner\">\n\t\t\t\t<div class=\"elementor-element elementor-element-d3899a7 wd-width-100 elementor-widget elementor-widget-wd_title\" data-id=\"d3899a7\" data-element_type=\"widget\" data-e-type=\"widget\" data-widget_type=\"wd_title.default\">\n\t\t\t\t<div class=\"elementor-widget-container\">\n\t\t\t\t\t\t\t<div class=\"title-wrapper wd-set-mb reset-last-child wd-title-color-default wd-title-style-default wd-title-size-default text-left\">\n\n\t\t\t\n\t\t\t<div class=\"liner-continer\">\n\t\t\t\t<h4 class=\"woodmart-title-container title wd-fontsize-l\">YoungGo Win forte.<\/h4> \n\t\t\t\t\t\t\t<\/div>\n\n\t\t\t\t\t\t\t<div class=\"title-after_title reset-last-child wd-fontsize-xs\">\n\t\t\t\t\t<h4><strong>Mineralien f\u00fcr Muskeln und Regeneration am Abend<\/strong><\/h4>\t\t\t\t<\/div>\n\t\t\t\t\t<\/div>\n\t\t\t\t\t\t<\/div>\n\t\t\t\t<\/div>\n\t\t\t\t<div class=\"elementor-element elementor-element-79a0fa5 elementor-widget-divider--view-line elementor-widget elementor-widget-divider\" data-id=\"79a0fa5\" data-element_type=\"widget\" data-e-type=\"widget\" data-widget_type=\"divider.default\">\n\t\t\t\t<div class=\"elementor-widget-container\">\n\t\t\t\t\t\t\t<div class=\"elementor-divider\">\n\t\t\t<span class=\"elementor-divider-separator\">\n\t\t\t\t\t\t<\/span>\n\t\t<\/div>\n\t\t\t\t\t\t<\/div>\n\t\t\t\t<\/div>\n\t\t\t\t<div class=\"elementor-element elementor-element-2f56d109 color-scheme-inherit text-left elementor-widget elementor-widget-text-editor\" data-id=\"2f56d109\" data-element_type=\"widget\" data-e-type=\"widget\" data-widget_type=\"text-editor.default\">\n\t\t\t\t<div class=\"elementor-widget-container\">\n\t\t\t\t\t\t\t\t\t<h4 data-start=\"69\" data-end=\"243\"><strong>Was es ist<\/strong><\/h4><p data-start=\"69\" data-end=\"243\">YoungGo Win forte ist ein Pulverdrink mit Mineralstoffen, Spurenelementen und Vitamin D3. Du trinkst ihn ideal am Abend als Regenerationstrunk. Geschmack Orange.<\/p><h4 data-start=\"245\" data-end=\"460\"><strong>Wof\u00fcr es da ist<\/strong><\/h4><p data-start=\"245\" data-end=\"460\">Du unterst\u00fctzt Muskeln, Nerven und Energiestoffwechsel nach Training oder k\u00f6rperlicher Belastung. Du stabilisierst auch den S\u00e4ure Basen Haushalt \u00fcber Zink und die ausgewogene Mineralstoff Mischung.<\/p><h4 data-start=\"462\" data-end=\"491\"><strong>Warum du es nehmen solltest<\/strong><\/h4><ul data-start=\"492\" data-end=\"993\"><li data-start=\"492\" data-end=\"579\"><p data-start=\"494\" data-end=\"579\">Magnesium unterst\u00fctzt Muskelfunktion, Energiestoffwechsel und hilft gegen M\u00fcdigkeit<\/p><\/li><li data-start=\"580\" data-end=\"653\"><p data-start=\"582\" data-end=\"653\">Calcium und Vitamin D3 unterst\u00fctzen Knochen, Z\u00e4hne und Muskelfunktion<\/p><\/li><li data-start=\"654\" data-end=\"720\"><p data-start=\"656\" data-end=\"720\">Kalium unterst\u00fctzt Nerven und Muskeln und hilft beim Blutdruck<\/p><\/li><li data-start=\"721\" data-end=\"803\"><p data-start=\"723\" data-end=\"803\">Eisen unterst\u00fctzt die Bildung roter Blutk\u00f6rperchen und den Sauerstofftransport<\/p><\/li><li data-start=\"804\" data-end=\"862\"><p data-start=\"806\" data-end=\"862\">Kupfer unterst\u00fctzt Bindegewebe und Energiestoffwechsel<\/p><\/li><li data-start=\"863\" data-end=\"919\"><p data-start=\"865\" data-end=\"919\">Zink unterst\u00fctzt Immunsystem und S\u00e4ure Basen Balance<\/p><\/li><li data-start=\"920\" data-end=\"993\"><p data-start=\"922\" data-end=\"993\">Mangan unterst\u00fctzt Bindegewebe und sch\u00fctzt Zellen vor oxidativem Stress<\/p><\/li><\/ul><h4 data-start=\"995\" data-end=\"1165\"><strong>So verwendest du es<\/strong><\/h4><p data-start=\"995\" data-end=\"1165\">Du gibst 1 Messl\u00f6ffel, 10 g, in 200 ml kaltes Wasser. Du sch\u00fcttelst 20 Sekunden im Mixbecher. Du trinkst es direkt.<br data-start=\"1132\" data-end=\"1135\" \/>Empfehlung: 1 Portion pro Tag.<\/p><h4 data-start=\"1167\" data-end=\"1310\"><strong>F\u00fcr wen es passt<\/strong><\/h4><p data-start=\"1167\" data-end=\"1310\" data-is-last-node=\"\" data-is-only-node=\"\">F\u00fcr alle Altersgruppen. Gut nach Sport, k\u00f6rperlicher Arbeit oder an Tagen, an denen dein K\u00f6rper abends Regeneration braucht.<\/p>\t\t\t\t\t\t\t\t<\/div>\n\t\t\t\t<\/div>\n\t\t\t\t\t<\/div>\n\t\t\t\t<\/div>\n\t\t<div class=\"elementor-element elementor-element-ea6fff0 e-con-full e-flex e-con e-child\" data-id=\"ea6fff0\" data-element_type=\"container\" data-e-type=\"container\" data-settings=\"{&quot;background_background&quot;:&quot;classic&quot;,&quot;shape_divider_top&quot;:&quot;mountains&quot;}\">\n\t\t\t\t<div class=\"elementor-shape elementor-shape-top\" aria-hidden=\"true\" data-negative=\"false\">\n\t\t\t<svg xmlns=\"http:\/\/www.w3.org\/2000\/svg\" viewbox=\"0 0 1000 100\" preserveaspectratio=\"none\">\n\t<path class=\"elementor-shape-fill\" opacity=\"0.33\" d=\"M473,67.3c-203.9,88.3-263.1-34-320.3,0C66,119.1,0,59.7,0,59.7V0h1000v59.7 c0,0-62.1,26.1-94.9,29.3c-32.8,3.3-62.8-12.3-75.8-22.1C806,49.6,745.3,8.7,694.9,4.7S492.4,59,473,67.3z\"\/>\n\t<path class=\"elementor-shape-fill\" opacity=\"0.66\" d=\"M734,67.3c-45.5,0-77.2-23.2-129.1-39.1c-28.6-8.7-150.3-10.1-254,39.1 s-91.7-34.4-149.2,0C115.7,118.3,0,39.8,0,39.8V0h1000v36.5c0,0-28.2-18.5-92.1-18.5C810.2,18.1,775.7,67.3,734,67.3z\"\/>\n\t<path class=\"elementor-shape-fill\" d=\"M766.1,28.9c-200-57.5-266,65.5-395.1,19.5C242,1.8,242,5.4,184.8,20.6C128,35.8,132.3,44.9,89.9,52.5C28.6,63.7,0,0,0,0 h1000c0,0-9.9,40.9-83.6,48.1S829.6,47,766.1,28.9z\"\/>\n<\/svg>\t\t<\/div>\n\t\t\t\t<div class=\"elementor-element elementor-element-cf565bf elementor-widget__width-auto elementor-widget elementor-widget-video\" data-id=\"cf565bf\" data-element_type=\"widget\" data-e-type=\"widget\" data-settings=\"{&quot;video_type&quot;:&quot;hosted&quot;,&quot;controls&quot;:&quot;yes&quot;}\" data-widget_type=\"video.default\">\n\t\t\t\t<div class=\"elementor-widget-container\">\n\t\t\t\t\t\t\t<div class=\"e-hosted-video elementor-wrapper elementor-open-inline\">\n\t\t\t\t\t<video class=\"elementor-video\" src=\"https:\/\/shop.younggo-fit.de\/wp-content\/uploads\/2020\/11\/Winforte.mp4\" controls=\"\" preload=\"metadata\" controlslist=\"nodownload\"><\/video>\n\t\t\t\t<\/div>\n\t\t\t\t\t\t<\/div>\n\t\t\t\t<\/div>\n\t\t\t\t<\/div>\n\t\t\t\t<\/div>","protected":false},"excerpt":{"rendered":"<p><strong>MHD 23.09.2026<\/strong><\/p>\n<p><strong>YoungGo\u00ae Win Forte<\/strong> ist eine perfekte Komposition aus Mineralien und Spurenelementen, einschlie\u00dflich des Sonnenvitamin D. Die enthaltenen Mineralstoffe Magnesium und Eisen tragen zu einem normalen Energiestoffwechsel bei.<\/p>\n<h4><strong><span class=\"wd-attr-name\"><span class=\"wd-attr-name-label\">Inhaltsstoffe<\/span><\/span><\/strong><\/h4>\n<p><span class=\"wd-attr-term\"><strong>Zutaten:<\/strong> Dextrin, S\u00e4uerungsmittel Citronens\u00e4ure, Maltodextrin, Glucosaminsulfat-Kaliumchlorid, Kaliumcitrat, Magnesiumcitrat, Calciumcitrat, Magnesiumcarbonat, Chondroitinsulfat, Orangen-Aroma, Hyalurons\u00e4ure, S\u00fc\u00dfungsmittel Sucralose, Zinkgluconat, Mangangluconat, Eisensulfat, Kupfergluconat, Natriumselenit, Farbstoff Beta-Carotin, Chrompicolinat, Cholecalciferol (Vitamin D3 .. ), Chrompicolinat.<\/span><\/p>\n<h4><strong><span class=\"wd-attr-name\"><span class=\"wd-attr-name-label\">Verzehrempfehlung<\/span><\/span><\/strong><\/h4>\n<p><span class=\"wd-attr-term\">Eine Portion (1 Me\u00dfl\u00f6ffel Pulver a 10 g) und 200 ml kaltes Wasser in einen Mixbecher geben, 20 Sekunden lang sch\u00fctteln und trinken. Eine Portion pro Tag<\/span><\/p>","protected":false},"featured_media":33291,"comment_status":"open","ping_status":"closed","template":"","meta":{"_acf_changed":false},"product_brand":[],"product_cat":[17,50],"product_tag":[],"class_list":{"0":"post-6744","1":"product","2":"type-product","3":"status-publish","4":"has-post-thumbnail","6":"product_cat-alleprodukte","7":"product_cat-vitalstoffe","9":"first","10":"instock","11":"taxable","12":"shipping-taxable","13":"purchasable","14":"product-type-simple"},"acf":[],"_links":{"self":[{"href":"https:\/\/shop.younggo-fit.de\/en\/wp-json\/wp\/v2\/product\/6744","targetHints":{"allow":["GET"]}}],"collection":[{"href":"https:\/\/shop.younggo-fit.de\/en\/wp-json\/wp\/v2\/product"}],"about":[{"href":"https:\/\/shop.younggo-fit.de\/en\/wp-json\/wp\/v2\/types\/product"}],"replies":[{"embeddable":true,"href":"https:\/\/shop.younggo-fit.de\/en\/wp-json\/wp\/v2\/comments?post=6744"}],"version-history":[{"count":11,"href":"https:\/\/shop.younggo-fit.de\/en\/wp-json\/wp\/v2\/product\/6744\/revisions"}],"predecessor-version":[{"id":34992,"href":"https:\/\/shop.younggo-fit.de\/en\/wp-json\/wp\/v2\/product\/6744\/revisions\/34992"}],"wp:featuredmedia":[{"embeddable":true,"href":"https:\/\/shop.younggo-fit.de\/en\/wp-json\/wp\/v2\/media\/33291"}],"wp:attachment":[{"href":"https:\/\/shop.younggo-fit.de\/en\/wp-json\/wp\/v2\/media?parent=6744"}],"wp:term":[{"taxonomy":"product_brand","embeddable":true,"href":"https:\/\/shop.younggo-fit.de\/en\/wp-json\/wp\/v2\/product_brand?post=6744"},{"taxonomy":"product_cat","embeddable":true,"href":"https:\/\/shop.younggo-fit.de\/en\/wp-json\/wp\/v2\/product_cat?post=6744"},{"taxonomy":"product_tag","embeddable":true,"href":"https:\/\/shop.younggo-fit.de\/en\/wp-json\/wp\/v2\/product_tag?post=6744"}],"curies":[{"name":"wp","href":"https:\/\/api.w.org\/{rel}","templated":true}]}}