{"id":6745,"date":"2020-11-01T18:05:08","date_gmt":"2020-11-01T17:05:08","guid":{"rendered":"https:\/\/younggo-fit.de\/?post_type=product&#038;p=6745"},"modified":"2026-04-02T13:00:00","modified_gmt":"2026-04-02T11:00:00","slug":"younggo-q10","status":"publish","type":"product","link":"https:\/\/shop.younggo-fit.de\/en\/product\/younggo-q10\/","title":{"rendered":"YoungGo Q10 Granulat"},"content":{"rendered":"<div data-elementor-type=\"product-post\" data-elementor-id=\"6745\" class=\"elementor elementor-6745\" data-elementor-post-type=\"product\">\n\t\t\t\t<div class=\"wd-negative-gap elementor-element elementor-element-9fe3149 e-flex e-con-boxed e-con e-parent\" data-id=\"9fe3149\" data-element_type=\"container\" data-e-type=\"container\">\n\t\t\t\t\t<div class=\"e-con-inner\">\n\t\t\t\t<div class=\"elementor-element elementor-element-32003f0 wd-width-100 elementor-widget elementor-widget-wd_title\" data-id=\"32003f0\" data-element_type=\"widget\" data-e-type=\"widget\" data-widget_type=\"wd_title.default\">\n\t\t\t\t<div class=\"elementor-widget-container\">\n\t\t\t\t\t\t\t<div class=\"title-wrapper wd-set-mb reset-last-child wd-title-color-primary wd-title-style-bordered wd-title-size-default text-left\">\n\n\t\t\t\n\t\t\t<div class=\"liner-continer\">\n\t\t\t\t<h3 class=\"woodmart-title-container title wd-fontsize-l\">YoungGo Q10. <\/h3> \n\t\t\t\t\t\t\t<\/div>\n\n\t\t\t\t\t\t\t<div class=\"title-after_title reset-last-child wd-fontsize-xs\">\n\t\t\t\t\t<h4><strong>Energie f\u00fcr Herz und Zellen, direkt im Mund<\/strong><\/h4>\t\t\t\t<\/div>\n\t\t\t\t\t<\/div>\n\t\t\t\t\t\t<\/div>\n\t\t\t\t<\/div>\n\t\t\t\t<div class=\"elementor-element elementor-element-8f1ed78 elementor-widget-divider--view-line elementor-widget elementor-widget-divider\" data-id=\"8f1ed78\" data-element_type=\"widget\" data-e-type=\"widget\" data-widget_type=\"divider.default\">\n\t\t\t\t<div class=\"elementor-widget-container\">\n\t\t\t\t\t\t\t<div class=\"elementor-divider\">\n\t\t\t<span class=\"elementor-divider-separator\">\n\t\t\t\t\t\t<\/span>\n\t\t<\/div>\n\t\t\t\t\t\t<\/div>\n\t\t\t\t<\/div>\n\t\t\t\t<div class=\"elementor-element elementor-element-05b29ef elementor-widget elementor-widget-wd_text_block\" data-id=\"05b29ef\" data-element_type=\"widget\" data-e-type=\"widget\" data-widget_type=\"wd_text_block.default\">\n\t\t\t\t<div class=\"elementor-widget-container\">\n\t\t\t\t\t\t\t<div class=\"wd-text-block reset-last-child text-left\">\n\t\t\t\n\t\t\t<h4 data-start=\"58\" data-end=\"240\"><strong>Was es ist<\/strong><\/h4><p data-start=\"58\" data-end=\"240\">YoungGo Q10 liefert Coenzym Q10 in wasserl\u00f6slicher Form. Du nimmst es nicht als Kapsel, sondern l\u00e4sst es im Mund zergehen. Die Aufnahme startet \u00fcber die Mundschleimhaut.<\/p><h4 data-start=\"58\" data-end=\"240\"><strong>Wof\u00fcr es da ist<\/strong><\/h4><p data-start=\"242\" data-end=\"484\">Q10 unterst\u00fctzt deine Energieproduktion in den Mitochondrien. Das hilft vor allem Geweben mit hohem Energiebedarf, zum Beispiel dem Herzen. Q10 sch\u00fctzt deine Zellen auch vor oxidativem Stress, weil es freie Radikale abf\u00e4ngt.<\/p><h4 data-start=\"486\" data-end=\"514\"><strong>F\u00fcr wen es besonders passt<\/strong><\/h4><ul data-start=\"515\" data-end=\"920\"><li data-start=\"515\" data-end=\"602\"><p data-start=\"517\" data-end=\"602\">Herz und Kreislauf, wenn du deine Herzleistung und den Rhythmus unterst\u00fctzen willst<\/p><\/li><li data-start=\"603\" data-end=\"677\"><p data-start=\"605\" data-end=\"677\">Bei Statin Einnahme, weil Statine die k\u00f6rpereigene Q10 Bildung bremsen<\/p><\/li><li data-start=\"678\" data-end=\"771\"><p data-start=\"680\" data-end=\"771\">Sport und Alltag, wenn du Energie, Sauerstoffnutzung und Regeneration unterst\u00fctzen willst<\/p><\/li><li data-start=\"772\" data-end=\"866\"><p data-start=\"774\" data-end=\"866\">Mundraum und Zahnfleisch, wenn du Entz\u00fcndungen und empfindliches Zahnfleisch im Blick hast<\/p><\/li><li data-start=\"867\" data-end=\"920\"><p data-start=\"869\" data-end=\"920\">Haut, wenn du oxidative Belastung reduzieren willst<\/p><\/li><\/ul><h4 data-start=\"922\" data-end=\"1039\"><strong>So verwendest du es<\/strong><\/h4><p data-start=\"922\" data-end=\"1039\">Du nimmst einen gestrichenen Messl\u00f6ffel. Das sind 350 mg. Du l\u00e4sst das Pulver im Mund zergehen.<\/p><h4 data-start=\"1041\" data-end=\"1284\"><strong>Warum das wichtig ist<\/strong><\/h4><p data-start=\"1041\" data-end=\"1284\">Dein Q10 Spiegel sinkt mit dem Alter. Gleichzeitig brauchen Zellen jeden Tag Energie, vor allem Herz, Leber und Nieren. Mit YoungGo Q10 erg\u00e4nzt du gezielt, ohne Kapseln und ohne chemische L\u00f6sungsmittel oder Nanokapseln.<\/p><h5 data-start=\"1286\" data-end=\"1346\"><strong>Inhalt pro Messl\u00f6ffel<\/strong><\/h5><p data-start=\"1286\" data-end=\"1346\" data-is-last-node=\"\" data-is-only-node=\"\">63 mg Coenzym Q10 pro 350 mg Portion<\/p>\n\t\t\t\t\t<\/div>\n\t\t\t\t\t\t<\/div>\n\t\t\t\t<\/div>\n\t\t\t\t\t<\/div>\n\t\t\t\t<\/div>\n\t\t\t\t<\/div>","protected":false},"excerpt":{"rendered":"<p><strong>MHD: 12\/26 | Vegan<\/strong><\/p>\n<h4><strong>ist das erste wasserl\u00f6sliche Q10 und somit nahezu 100% biologisch verf\u00fcgbar.<\/strong><\/h4>\n<h4><strong><span class=\"wd-attr-name\"><span class=\"wd-attr-name-label\">Inhaltsstoffe<\/span><\/span><\/strong><\/h4>\n<p><span class=\"wd-attr-term\">Inhalt pro L\u00f6ffel a 350 mg 63 mg Coenzym Q 10 Zutaten: Saccharose, Coenzym 010 (18%). Trennmittel Vernetzte Natrium Carboxymethylcellulose.<\/span><\/p>\n<h4><strong><span class=\"wd-attr-name\"><span class=\"wd-attr-name-label\">Verzehrempfehlung<\/span><\/span><\/strong><\/h4>\n<p><span class=\"wd-attr-term\">Eine Portion (gestrichener Messl\u00f6ffel a 350 mg) im Mund zergehen lassen.<\/span><\/p>","protected":false},"featured_media":25521,"comment_status":"open","ping_status":"closed","template":"","meta":{"_acf_changed":false},"product_brand":[],"product_cat":[17,50],"product_tag":[],"class_list":{"0":"post-6745","1":"product","2":"type-product","3":"status-publish","4":"has-post-thumbnail","6":"product_cat-alleprodukte","7":"product_cat-vitalstoffe","9":"first","10":"instock","11":"taxable","12":"shipping-taxable","13":"purchasable","14":"product-type-simple"},"acf":[],"_links":{"self":[{"href":"https:\/\/shop.younggo-fit.de\/en\/wp-json\/wp\/v2\/product\/6745","targetHints":{"allow":["GET"]}}],"collection":[{"href":"https:\/\/shop.younggo-fit.de\/en\/wp-json\/wp\/v2\/product"}],"about":[{"href":"https:\/\/shop.younggo-fit.de\/en\/wp-json\/wp\/v2\/types\/product"}],"replies":[{"embeddable":true,"href":"https:\/\/shop.younggo-fit.de\/en\/wp-json\/wp\/v2\/comments?post=6745"}],"version-history":[{"count":29,"href":"https:\/\/shop.younggo-fit.de\/en\/wp-json\/wp\/v2\/product\/6745\/revisions"}],"predecessor-version":[{"id":34202,"href":"https:\/\/shop.younggo-fit.de\/en\/wp-json\/wp\/v2\/product\/6745\/revisions\/34202"}],"wp:featuredmedia":[{"embeddable":true,"href":"https:\/\/shop.younggo-fit.de\/en\/wp-json\/wp\/v2\/media\/25521"}],"wp:attachment":[{"href":"https:\/\/shop.younggo-fit.de\/en\/wp-json\/wp\/v2\/media?parent=6745"}],"wp:term":[{"taxonomy":"product_brand","embeddable":true,"href":"https:\/\/shop.younggo-fit.de\/en\/wp-json\/wp\/v2\/product_brand?post=6745"},{"taxonomy":"product_cat","embeddable":true,"href":"https:\/\/shop.younggo-fit.de\/en\/wp-json\/wp\/v2\/product_cat?post=6745"},{"taxonomy":"product_tag","embeddable":true,"href":"https:\/\/shop.younggo-fit.de\/en\/wp-json\/wp\/v2\/product_tag?post=6745"}],"curies":[{"name":"wp","href":"https:\/\/api.w.org\/{rel}","templated":true}]}}