{"id":6747,"date":"2020-11-01T18:08:21","date_gmt":"2020-11-01T17:08:21","guid":{"rendered":"https:\/\/younggo-fit.de\/?post_type=product&#038;p=6747"},"modified":"2026-04-02T12:59:45","modified_gmt":"2026-04-02T10:59:45","slug":"younggo-red-xl","status":"publish","type":"product","link":"https:\/\/shop.younggo-fit.de\/en\/product\/younggo-red-xl\/","title":{"rendered":"YoungGo RED XL"},"content":{"rendered":"<div data-elementor-type=\"product-post\" data-elementor-id=\"6747\" class=\"elementor elementor-6747\" data-elementor-post-type=\"product\">\n\t\t\t\t<div class=\"wd-negative-gap elementor-element elementor-element-1f3ac2f8 e-flex e-con-boxed e-con e-parent\" data-id=\"1f3ac2f8\" data-element_type=\"container\" data-e-type=\"container\">\n\t\t\t\t\t<div class=\"e-con-inner\">\n\t\t\t\t<div class=\"elementor-element elementor-element-58bc1be wd-width-100 elementor-widget elementor-widget-wd_title\" data-id=\"58bc1be\" data-element_type=\"widget\" data-e-type=\"widget\" data-widget_type=\"wd_title.default\">\n\t\t\t\t<div class=\"elementor-widget-container\">\n\t\t\t\t\t\t\t<div class=\"title-wrapper wd-set-mb reset-last-child wd-title-color-default wd-title-style-default wd-title-size-default text-left\">\n\n\t\t\t\n\t\t\t<div class=\"liner-continer\">\n\t\t\t\t<h4 class=\"woodmart-title-container title wd-fontsize-l\">YoungGo Red. <\/h4> \n\t\t\t\t\t\t\t<\/div>\n\n\t\t\t\t\t\t\t<div class=\"title-after_title reset-last-child wd-fontsize-xs\">\n\t\t\t\t\t<h4><strong>Omega 3 aus Krill\u00f6l f\u00fcr Herz und Kopf<\/strong><\/h4>\t\t\t\t<\/div>\n\t\t\t\t\t<\/div>\n\t\t\t\t\t\t<\/div>\n\t\t\t\t<\/div>\n\t\t\t\t<div class=\"elementor-element elementor-element-2326d0a elementor-widget-divider--view-line elementor-widget elementor-widget-divider\" data-id=\"2326d0a\" data-element_type=\"widget\" data-e-type=\"widget\" data-widget_type=\"divider.default\">\n\t\t\t\t<div class=\"elementor-widget-container\">\n\t\t\t\t\t\t\t<div class=\"elementor-divider\">\n\t\t\t<span class=\"elementor-divider-separator\">\n\t\t\t\t\t\t<\/span>\n\t\t<\/div>\n\t\t\t\t\t\t<\/div>\n\t\t\t\t<\/div>\n\t\t\t\t<div class=\"elementor-element elementor-element-6e13bfe color-scheme-inherit text-left elementor-widget elementor-widget-text-editor\" data-id=\"6e13bfe\" data-element_type=\"widget\" data-e-type=\"widget\" data-widget_type=\"text-editor.default\">\n\t\t\t\t<div class=\"elementor-widget-container\">\n\t\t\t\t\t\t\t\t\t<h4 data-start=\"52\" data-end=\"341\">Was es ist<\/h4><p data-start=\"52\" data-end=\"341\">YoungGo Red ist Krill\u00f6l aus Wildfang aus der Antarktis, in Kapseln. Das Omega 3 liegt an Phospholipide gebunden vor. Dein K\u00f6rper nimmt es dadurch gut auf und du vertr\u00e4gst es meist leichter als klassisches Fisch\u00f6l. Pro Kapsel bekommst du 110 mg Omega 3 Fetts\u00e4uren, EPA und DHA.<\/p><h4 data-start=\"343\" data-end=\"505\"><strong>Wof\u00fcr es da ist<\/strong><\/h4><p data-start=\"343\" data-end=\"505\">Du erg\u00e4nzt deine Omega 3 Versorgung f\u00fcr Herz, Gehirn und Nervensystem. EPA und DHA tragen bei 250 mg pro Tag zu einer normalen Herzfunktion bei.<\/p><h4 data-start=\"507\" data-end=\"536\"><strong>Warum du es nehmen solltest<\/strong><\/h4><ul data-start=\"537\" data-end=\"833\"><li data-start=\"537\" data-end=\"589\"><p data-start=\"539\" data-end=\"589\">Gute Bioverf\u00fcgbarkeit durch Phospholipid Bindung<\/p><\/li><li data-start=\"590\" data-end=\"643\"><p data-start=\"592\" data-end=\"643\">Schnelle Aufnahme, weil Krill\u00f6l wasserl\u00f6slich ist<\/p><\/li><li data-start=\"644\" data-end=\"710\"><p data-start=\"646\" data-end=\"710\">Unterst\u00fctzung f\u00fcr Konzentration und mentale Leistungsf\u00e4higkeit<\/p><\/li><li data-start=\"711\" data-end=\"791\"><p data-start=\"713\" data-end=\"791\">Sinnvoll bei niedriger Omega 3 Zufuhr, bei Belastung im Alltag oder im Alter<\/p><\/li><li data-start=\"792\" data-end=\"833\"><p data-start=\"794\" data-end=\"833\">Kann Haut, Haare und N\u00e4gel unterst\u00fctzen<\/p><\/li><\/ul><h4 data-start=\"835\" data-end=\"912\"><strong>So verwendest du es<\/strong><\/h4><p data-start=\"835\" data-end=\"912\">Du nimmst t\u00e4glich 1 bis 2 Kapseln mit reichlich Wasser.<\/p><h4 data-start=\"914\" data-end=\"1099\"><strong>F\u00fcr wen es passt<\/strong><\/h4><p data-start=\"914\" data-end=\"1099\" data-is-last-node=\"\" data-is-only-node=\"\">F\u00fcr alle, die Omega 3 gezielt auff\u00fcllen wollen, besonders bei Herz Kreislauf Belastung, Konzentrationsproblemen oder wenn du deine Gehirnfunktion unterst\u00fctzen willst.<\/p>\t\t\t\t\t\t\t\t<\/div>\n\t\t\t\t<\/div>\n\t\t\t\t\t<\/div>\n\t\t\t\t<\/div>\n\t\t\t\t<\/div>","protected":false},"excerpt":{"rendered":"<p><strong>MHD: 20.06.2026<\/strong><\/p>\n<p><strong>YoungGo\u00ae Red<\/strong>\u00a0liefert hochqualitatives und hochreines Krill\u00f6l aus antarktischem Krill aus Wildfang.<\/p>\n<h4><strong><span class=\"wd-attr-name\"><span class=\"wd-attr-name-label\">Inhaltsstoffe<\/span><\/span><\/strong><\/h4>\n<p><span class=\"wd-attr-term\">Krill\u00f6l (71,50\/o Lipidextrakt aus dem KREBSTIER antarktischer Krill Euphausia superba)i FISCHgelatine, Feuchthaltemittel Glyzerin, Feuchthaltemittel Sorbit.<\/span><\/p>\n<h4><strong><span class=\"wd-attr-name\"><span class=\"wd-attr-name-label\">Verzehrempfehlung<\/span><\/span><\/strong><\/h4>\n<p><span class=\"wd-attr-term\">T\u00e4glich 1-2 Kapseln mit viel Wasser<\/span><\/p>","protected":false},"featured_media":25540,"comment_status":"closed","ping_status":"closed","template":"","meta":{"_acf_changed":false},"product_brand":[],"product_cat":[17,50],"product_tag":[],"class_list":{"0":"post-6747","1":"product","2":"type-product","3":"status-publish","4":"has-post-thumbnail","6":"product_cat-alleprodukte","7":"product_cat-vitalstoffe","9":"first","10":"instock","11":"taxable","12":"shipping-taxable","13":"purchasable","14":"product-type-simple"},"acf":[],"_links":{"self":[{"href":"https:\/\/shop.younggo-fit.de\/en\/wp-json\/wp\/v2\/product\/6747","targetHints":{"allow":["GET"]}}],"collection":[{"href":"https:\/\/shop.younggo-fit.de\/en\/wp-json\/wp\/v2\/product"}],"about":[{"href":"https:\/\/shop.younggo-fit.de\/en\/wp-json\/wp\/v2\/types\/product"}],"replies":[{"embeddable":true,"href":"https:\/\/shop.younggo-fit.de\/en\/wp-json\/wp\/v2\/comments?post=6747"}],"version-history":[{"count":6,"href":"https:\/\/shop.younggo-fit.de\/en\/wp-json\/wp\/v2\/product\/6747\/revisions"}],"predecessor-version":[{"id":34993,"href":"https:\/\/shop.younggo-fit.de\/en\/wp-json\/wp\/v2\/product\/6747\/revisions\/34993"}],"wp:featuredmedia":[{"embeddable":true,"href":"https:\/\/shop.younggo-fit.de\/en\/wp-json\/wp\/v2\/media\/25540"}],"wp:attachment":[{"href":"https:\/\/shop.younggo-fit.de\/en\/wp-json\/wp\/v2\/media?parent=6747"}],"wp:term":[{"taxonomy":"product_brand","embeddable":true,"href":"https:\/\/shop.younggo-fit.de\/en\/wp-json\/wp\/v2\/product_brand?post=6747"},{"taxonomy":"product_cat","embeddable":true,"href":"https:\/\/shop.younggo-fit.de\/en\/wp-json\/wp\/v2\/product_cat?post=6747"},{"taxonomy":"product_tag","embeddable":true,"href":"https:\/\/shop.younggo-fit.de\/en\/wp-json\/wp\/v2\/product_tag?post=6747"}],"curies":[{"name":"wp","href":"https:\/\/api.w.org\/{rel}","templated":true}]}}