{"id":6758,"date":"2020-11-01T18:36:28","date_gmt":"2020-11-01T17:36:28","guid":{"rendered":"https:\/\/younggo-fit.de\/?post_type=product&#038;p=6758"},"modified":"2026-04-02T13:04:30","modified_gmt":"2026-04-02T11:04:30","slug":"younggo-mover-tubes-1-paar","status":"publish","type":"product","link":"https:\/\/shop.younggo-fit.de\/en\/product\/younggo-mover-tubes-1-paar\/","title":{"rendered":"YoungGo Mover Tubes (1Paar)"},"content":{"rendered":"<div data-elementor-type=\"product-post\" data-elementor-id=\"6758\" class=\"elementor elementor-6758\" data-elementor-post-type=\"product\">\n\t\t\t\t<div class=\"wd-negative-gap elementor-element elementor-element-47af825a e-flex e-con-boxed e-con e-parent\" data-id=\"47af825a\" data-element_type=\"container\" data-e-type=\"container\">\n\t\t\t\t\t<div class=\"e-con-inner\">\n\t\t\t\t<div class=\"elementor-element elementor-element-78ec62c3 color-scheme-inherit text-left elementor-widget elementor-widget-text-editor\" data-id=\"78ec62c3\" data-element_type=\"widget\" data-e-type=\"widget\" data-widget_type=\"text-editor.default\">\n\t\t\t\t<div class=\"elementor-widget-container\">\n\t\t\t\t\t\t\t\t\t<div class=\"variant\" data-variant-id=\"2496\"><h4><strong>Passend zum YoungGo Mover: <\/strong><\/h4><p><strong>1 Paar Tubes<\/strong><\/p><p><strong>Anwendung:<\/strong> Die schwarzen Deckel abdrehen und die gew\u00fcnschte Anzahl an Tubes in den daf\u00fcr vorgesehenen Platz stecken. Anschlie\u00dfend zudrehen und los geht\u2019s!<br \/>Lieferumfang: 1 Paar Tubes, YoungGo Mover NICHT im Lieferumfang enthalten!<\/p><p>\u00a0<\/p><\/div><div>\u00a0<\/div><div>\u00a0<\/div>\t\t\t\t\t\t\t\t<\/div>\n\t\t\t\t<\/div>\n\t\t\t\t\t<\/div>\n\t\t\t\t<\/div>\n\t\t\t\t<\/div>","protected":false},"excerpt":{"rendered":"<p>Noch mehr Power f\u00fcr die YoungGo Mover!<\/p>","protected":false},"featured_media":25541,"comment_status":"open","ping_status":"closed","template":"","meta":{"_acf_changed":false},"product_brand":[],"product_cat":[17,52],"product_tag":[],"class_list":{"0":"post-6758","1":"product","2":"type-product","3":"status-publish","4":"has-post-thumbnail","6":"product_cat-alleprodukte","7":"product_cat-younggo-sport","9":"first","10":"instock","11":"taxable","12":"shipping-taxable","13":"purchasable","14":"product-type-simple"},"acf":[],"_links":{"self":[{"href":"https:\/\/shop.younggo-fit.de\/en\/wp-json\/wp\/v2\/product\/6758","targetHints":{"allow":["GET"]}}],"collection":[{"href":"https:\/\/shop.younggo-fit.de\/en\/wp-json\/wp\/v2\/product"}],"about":[{"href":"https:\/\/shop.younggo-fit.de\/en\/wp-json\/wp\/v2\/types\/product"}],"replies":[{"embeddable":true,"href":"https:\/\/shop.younggo-fit.de\/en\/wp-json\/wp\/v2\/comments?post=6758"}],"version-history":[{"count":4,"href":"https:\/\/shop.younggo-fit.de\/en\/wp-json\/wp\/v2\/product\/6758\/revisions"}],"predecessor-version":[{"id":34995,"href":"https:\/\/shop.younggo-fit.de\/en\/wp-json\/wp\/v2\/product\/6758\/revisions\/34995"}],"wp:featuredmedia":[{"embeddable":true,"href":"https:\/\/shop.younggo-fit.de\/en\/wp-json\/wp\/v2\/media\/25541"}],"wp:attachment":[{"href":"https:\/\/shop.younggo-fit.de\/en\/wp-json\/wp\/v2\/media?parent=6758"}],"wp:term":[{"taxonomy":"product_brand","embeddable":true,"href":"https:\/\/shop.younggo-fit.de\/en\/wp-json\/wp\/v2\/product_brand?post=6758"},{"taxonomy":"product_cat","embeddable":true,"href":"https:\/\/shop.younggo-fit.de\/en\/wp-json\/wp\/v2\/product_cat?post=6758"},{"taxonomy":"product_tag","embeddable":true,"href":"https:\/\/shop.younggo-fit.de\/en\/wp-json\/wp\/v2\/product_tag?post=6758"}],"curies":[{"name":"wp","href":"https:\/\/api.w.org\/{rel}","templated":true}]}}