{"id":6764,"date":"2020-11-01T18:56:56","date_gmt":"2020-11-01T17:56:56","guid":{"rendered":"https:\/\/younggo-fit.de\/?post_type=product&#038;p=6764"},"modified":"2026-04-02T13:04:53","modified_gmt":"2026-04-02T11:04:53","slug":"yogurteria","status":"publish","type":"product","link":"https:\/\/shop.younggo-fit.de\/en\/product\/yogurteria\/","title":{"rendered":"Yogurteria"},"content":{"rendered":"<p>Extra-frischen und hausgemachten Naturjoghurt k\u00fcnftig aus dem eigenen K\u00fchlregal!<\/p>\n<div style=\"width: 1920px;\" class=\"wp-video\"><video class=\"wp-video-shortcode\" id=\"video-6764-1\" width=\"1920\" height=\"1080\" preload=\"metadata\" controls=\"controls\"><source type=\"video\/mp4\" src=\"https:\/\/shop.younggo-fit.de\/wp-content\/uploads\/2020\/11\/Zubereitung-Probioghurt.mp4?_=1\" \/><a href=\"https:\/\/shop.younggo-fit.de\/wp-content\/uploads\/2020\/11\/Zubereitung-Probioghurt.mp4\">https:\/\/shop.younggo-fit.de\/wp-content\/uploads\/2020\/11\/Zubereitung-Probioghurt.mp4<\/a><\/video><\/div>\n<p>Bereite Deinen k\u00f6stlichen Probioghurt in der genialen YoungGo Yogurteria einfach selbst zu. Frisch anger\u00fchrt schmeckt er nicht nur lecker und mild, sondern Du wei\u00dft auch was drin ist.<\/p>\n<p>Unsere Yogurteria kann mehr als nur einen cremigen Joghurt zubereiten! Neben dem eleganten Design und der einfachen Anwendung besitzt die Yogurteria zus\u00e4tzlich ein praktisches Frischk\u00e4sesieb. Cremigen Frischk\u00e4se oder griechischen Joghurt kannst Du somit super einfach selbst machen und nach Belieben w\u00fcrzen.<\/p>\n<p>Mit einem Fassungsverm\u00f6gen von 1,5 Litern k\u00f6nnen gro\u00dfe und auch kleine Mengen, mit k\u00fcrzeren Reifezeiten, zubereitet werden.<\/p>\n<p>Eine ausf\u00fchrliche deutsche Gebrauchsanleitung erh\u00e4ltst du hier: <a href=\"https:\/\/shop.younggo-fit.de\/wp-content\/uploads\/2020\/11\/Girmi-Gebrauchsanleitung-1.pdf\">Girmi Gebrauchsanleitung<\/a><\/p>","protected":false},"excerpt":{"rendered":"<p>Unsere Yogurteria ist die neue Generation der Joghurtbereiter.<\/p>","protected":false},"featured_media":25515,"comment_status":"open","ping_status":"closed","template":"","meta":{"_acf_changed":false},"product_brand":[],"product_cat":[17,53],"product_tag":[],"class_list":{"0":"post-6764","1":"product","2":"type-product","3":"status-publish","4":"has-post-thumbnail","6":"product_cat-alleprodukte","7":"product_cat-younggo-empfiehlt","9":"first","10":"instock","11":"taxable","12":"shipping-taxable","13":"purchasable","14":"product-type-simple"},"acf":[],"_links":{"self":[{"href":"https:\/\/shop.younggo-fit.de\/en\/wp-json\/wp\/v2\/product\/6764","targetHints":{"allow":["GET"]}}],"collection":[{"href":"https:\/\/shop.younggo-fit.de\/en\/wp-json\/wp\/v2\/product"}],"about":[{"href":"https:\/\/shop.younggo-fit.de\/en\/wp-json\/wp\/v2\/types\/product"}],"replies":[{"embeddable":true,"href":"https:\/\/shop.younggo-fit.de\/en\/wp-json\/wp\/v2\/comments?post=6764"}],"version-history":[{"count":1,"href":"https:\/\/shop.younggo-fit.de\/en\/wp-json\/wp\/v2\/product\/6764\/revisions"}],"predecessor-version":[{"id":32786,"href":"https:\/\/shop.younggo-fit.de\/en\/wp-json\/wp\/v2\/product\/6764\/revisions\/32786"}],"wp:featuredmedia":[{"embeddable":true,"href":"https:\/\/shop.younggo-fit.de\/en\/wp-json\/wp\/v2\/media\/25515"}],"wp:attachment":[{"href":"https:\/\/shop.younggo-fit.de\/en\/wp-json\/wp\/v2\/media?parent=6764"}],"wp:term":[{"taxonomy":"product_brand","embeddable":true,"href":"https:\/\/shop.younggo-fit.de\/en\/wp-json\/wp\/v2\/product_brand?post=6764"},{"taxonomy":"product_cat","embeddable":true,"href":"https:\/\/shop.younggo-fit.de\/en\/wp-json\/wp\/v2\/product_cat?post=6764"},{"taxonomy":"product_tag","embeddable":true,"href":"https:\/\/shop.younggo-fit.de\/en\/wp-json\/wp\/v2\/product_tag?post=6764"}],"curies":[{"name":"wp","href":"https:\/\/api.w.org\/{rel}","templated":true}]}}