{"id":6767,"date":"2020-11-01T19:00:16","date_gmt":"2020-11-01T18:00:16","guid":{"rendered":"https:\/\/younggo-fit.de\/?post_type=product&#038;p=6767"},"modified":"2026-04-02T13:05:17","modified_gmt":"2026-04-02T11:05:17","slug":"younggo-cell-serum","status":"publish","type":"product","link":"https:\/\/shop.younggo-fit.de\/en\/product\/younggo-cell-serum\/","title":{"rendered":"YoungGo CELL-Serum Q10"},"content":{"rendered":"<div data-elementor-type=\"product-post\" data-elementor-id=\"6767\" class=\"elementor elementor-6767\" data-elementor-post-type=\"product\">\n\t\t\t\t<div class=\"wd-negative-gap elementor-element elementor-element-3c0f0d41 e-flex e-con-boxed e-con e-parent\" data-id=\"3c0f0d41\" data-element_type=\"container\" data-e-type=\"container\">\n\t\t\t\t\t<div class=\"e-con-inner\">\n\t\t\t\t<div class=\"elementor-element elementor-element-ebdb832 wd-width-100 elementor-widget elementor-widget-wd_title\" data-id=\"ebdb832\" data-element_type=\"widget\" data-e-type=\"widget\" data-widget_type=\"wd_title.default\">\n\t\t\t\t<div class=\"elementor-widget-container\">\n\t\t\t\t\t\t\t<div class=\"title-wrapper wd-set-mb reset-last-child wd-title-color-default wd-title-style-default wd-title-size-default text-left\">\n\n\t\t\t\n\t\t\t<div class=\"liner-continer\">\n\t\t\t\t<h4 class=\"woodmart-title-container title wd-fontsize-l\">YoungGo CELL Serum. <\/h4> \n\t\t\t\t\t\t\t<\/div>\n\n\t\t\t\t\t\t\t<div class=\"title-after_title reset-last-child wd-fontsize-xs\">\n\t\t\t\t\t<h4><strong>Sofort frischer, l\u00e4nger praller, sichtbar glatter<\/strong><\/h4>\t\t\t\t<\/div>\n\t\t\t\t\t<\/div>\n\t\t\t\t\t\t<\/div>\n\t\t\t\t<\/div>\n\t\t\t\t<div class=\"elementor-element elementor-element-f489023 elementor-widget-divider--view-line elementor-widget elementor-widget-divider\" data-id=\"f489023\" data-element_type=\"widget\" data-e-type=\"widget\" data-widget_type=\"divider.default\">\n\t\t\t\t<div class=\"elementor-widget-container\">\n\t\t\t\t\t\t\t<div class=\"elementor-divider\">\n\t\t\t<span class=\"elementor-divider-separator\">\n\t\t\t\t\t\t<\/span>\n\t\t<\/div>\n\t\t\t\t\t\t<\/div>\n\t\t\t\t<\/div>\n\t\t\t\t<div class=\"elementor-element elementor-element-7dd4f08e color-scheme-inherit text-left elementor-widget elementor-widget-text-editor\" data-id=\"7dd4f08e\" data-element_type=\"widget\" data-e-type=\"widget\" data-widget_type=\"text-editor.default\">\n\t\t\t\t<div class=\"elementor-widget-container\">\n\t\t\t\t\t\t\t\t\t<h4 data-start=\"71\" data-end=\"323\"><strong>Was es ist<\/strong><\/h4><p data-start=\"71\" data-end=\"323\">YoungGo CELL Serum ist ein straffendes Feuchtigkeitsserum mit niedermolekularer Hyalurons\u00e4ure, Imperata Cylindrica, Panthenol, Syn Tacks und zellaktivem Q10+. Es gibt dir einen schnellen Frische Effekt und unterst\u00fctzt die Haut langfristig.<\/p><h4 data-start=\"325\" data-end=\"620\"><strong>Wof\u00fcr es da ist<\/strong><\/h4><p data-start=\"325\" data-end=\"620\">Du hydratisierst die Haut tief und verbesserst Elastizit\u00e4t und Spannkraft. Das Serum mildert feine Linien und F\u00e4ltchen und unterst\u00fctzt die Regeneration von Kollagen und Strukturproteinen. Es passt bei anspruchsvoller Haut, die schnell trocken wirkt oder an Festigkeit verliert.<\/p><h4 data-start=\"622\" data-end=\"651\"><strong>Warum du es nutzen solltest<\/strong><\/h4><ul data-start=\"652\" data-end=\"1014\"><li data-start=\"652\" data-end=\"758\"><p data-start=\"654\" data-end=\"758\">Niedermolekulare Hyalurons\u00e4ure bindet Feuchtigkeit in tieferen Hautschichten und polstert sichtbar auf<\/p><\/li><li data-start=\"759\" data-end=\"820\"><p data-start=\"761\" data-end=\"820\">Imperata Cylindrica unterst\u00fctzt lang anhaltende Hydration<\/p><\/li><li data-start=\"821\" data-end=\"871\"><p data-start=\"823\" data-end=\"871\">Panthenol beruhigt und st\u00e4rkt die Hautbarriere<\/p><\/li><li data-start=\"872\" data-end=\"950\"><p data-start=\"874\" data-end=\"950\">Q10+ unterst\u00fctzt die Hautregeneration und den Schutz vor oxidativem Stress<\/p><\/li><li data-start=\"951\" data-end=\"1014\"><p data-start=\"953\" data-end=\"1014\">Du siehst die Haut glatter und praller, nicht nur kurzfristig<\/p><\/li><\/ul><h4 data-start=\"1016\" data-end=\"1180\"><strong>So verwendest du es<\/strong><\/h4><p data-start=\"1016\" data-end=\"1180\">Du gibst 2 bis 3 Tropfen in deine Pflegecreme oder tr\u00e4gst es direkt unter deiner Pflege auf. Du nutzt es morgens oder abends, je nach Routine.<\/p><h4 data-start=\"1182\" data-end=\"1333\"><strong>F\u00fcr wen es passt<\/strong><\/h4><p data-start=\"1182\" data-end=\"1333\" data-is-last-node=\"\" data-is-only-node=\"\">F\u00fcr Frauen und M\u00e4nner ab 20 Jahren, besonders wenn deine Haut mehr Feuchtigkeit, mehr Spannkraft und ein glatteres Hautbild braucht.<\/p>\t\t\t\t\t\t\t\t<\/div>\n\t\t\t\t<\/div>\n\t\t\t\t\t<\/div>\n\t\t\t\t<\/div>\n\t\t\t\t<\/div>","protected":false},"excerpt":{"rendered":"<p><strong>YoungGo<sup>\u00ae<\/sup> CELL Serum<\/strong> strafft und hydratisiert deine Haut. Niedermolekulare Hyalurons\u00e4ure bindet Feuchtigkeit in tieferen Hautschichten, Panthenol beruhigt, Q10+ unterst\u00fctzt die Regeneration. Du gibst 2 bis 3 Tropfen direkt auf die Haut oder mischst sie in deine Pflegecreme. Das Serum verbessert Elastizit\u00e4t und Spannkraft und mildert Linien und F\u00e4ltchen.<\/p>","protected":false},"featured_media":25522,"comment_status":"open","ping_status":"closed","template":"","meta":{"_acf_changed":false},"product_brand":[],"product_cat":[17,50,53],"product_tag":[],"class_list":{"0":"post-6767","1":"product","2":"type-product","3":"status-publish","4":"has-post-thumbnail","6":"product_cat-alleprodukte","7":"product_cat-vitalstoffe","8":"product_cat-younggo-empfiehlt","10":"first","11":"instock","12":"taxable","13":"shipping-taxable","14":"purchasable","15":"product-type-simple"},"acf":[],"_links":{"self":[{"href":"https:\/\/shop.younggo-fit.de\/en\/wp-json\/wp\/v2\/product\/6767","targetHints":{"allow":["GET"]}}],"collection":[{"href":"https:\/\/shop.younggo-fit.de\/en\/wp-json\/wp\/v2\/product"}],"about":[{"href":"https:\/\/shop.younggo-fit.de\/en\/wp-json\/wp\/v2\/types\/product"}],"replies":[{"embeddable":true,"href":"https:\/\/shop.younggo-fit.de\/en\/wp-json\/wp\/v2\/comments?post=6767"}],"version-history":[{"count":4,"href":"https:\/\/shop.younggo-fit.de\/en\/wp-json\/wp\/v2\/product\/6767\/revisions"}],"predecessor-version":[{"id":34355,"href":"https:\/\/shop.younggo-fit.de\/en\/wp-json\/wp\/v2\/product\/6767\/revisions\/34355"}],"wp:featuredmedia":[{"embeddable":true,"href":"https:\/\/shop.younggo-fit.de\/en\/wp-json\/wp\/v2\/media\/25522"}],"wp:attachment":[{"href":"https:\/\/shop.younggo-fit.de\/en\/wp-json\/wp\/v2\/media?parent=6767"}],"wp:term":[{"taxonomy":"product_brand","embeddable":true,"href":"https:\/\/shop.younggo-fit.de\/en\/wp-json\/wp\/v2\/product_brand?post=6767"},{"taxonomy":"product_cat","embeddable":true,"href":"https:\/\/shop.younggo-fit.de\/en\/wp-json\/wp\/v2\/product_cat?post=6767"},{"taxonomy":"product_tag","embeddable":true,"href":"https:\/\/shop.younggo-fit.de\/en\/wp-json\/wp\/v2\/product_tag?post=6767"}],"curies":[{"name":"wp","href":"https:\/\/api.w.org\/{rel}","templated":true}]}}