{"id":7394,"date":"2020-12-28T08:47:47","date_gmt":"2020-12-28T07:47:47","guid":{"rendered":"https:\/\/younggo-fit.de\/?post_type=product&#038;p=7394"},"modified":"2026-04-02T13:00:26","modified_gmt":"2026-04-02T11:00:26","slug":"younggo-sun","status":"publish","type":"product","link":"https:\/\/shop.younggo-fit.de\/en\/product\/younggo-sun\/","title":{"rendered":"YoungGo Sun"},"content":{"rendered":"<div data-elementor-type=\"product-post\" data-elementor-id=\"7394\" class=\"elementor elementor-7394\" data-elementor-post-type=\"product\">\n\t\t\t\t<div class=\"wd-negative-gap elementor-element elementor-element-d8cf8b6 e-flex e-con-boxed e-con e-parent\" data-id=\"d8cf8b6\" data-element_type=\"container\" data-e-type=\"container\">\n\t\t\t\t\t<div class=\"e-con-inner\">\n\t\t\t\t<div class=\"elementor-element elementor-element-ab58491 wd-width-100 elementor-widget elementor-widget-wd_title\" data-id=\"ab58491\" data-element_type=\"widget\" data-e-type=\"widget\" data-widget_type=\"wd_title.default\">\n\t\t\t\t<div class=\"elementor-widget-container\">\n\t\t\t\t\t\t\t<div class=\"title-wrapper wd-set-mb reset-last-child wd-title-color-default wd-title-style-default wd-title-size-default text-left\">\n\n\t\t\t\n\t\t\t<div class=\"liner-continer\">\n\t\t\t\t<h4 class=\"woodmart-title-container title wd-fontsize-l\">YoungGo Sun Vitamin D3 &amp; K2. <\/h4> \n\t\t\t\t\t\t\t<\/div>\n\n\t\t\t\t\t\t\t<div class=\"title-after_title reset-last-child wd-fontsize-xs\">\n\t\t\t\t\t<h4><strong>Tropfen f\u00fcr Immunsystem, Knochen und Muskeln<\/strong><\/h4>\t\t\t\t<\/div>\n\t\t\t\t\t<\/div>\n\t\t\t\t\t\t<\/div>\n\t\t\t\t<\/div>\n\t\t\t\t<div class=\"elementor-element elementor-element-abe929c elementor-widget-divider--view-line elementor-widget elementor-widget-divider\" data-id=\"abe929c\" data-element_type=\"widget\" data-e-type=\"widget\" data-widget_type=\"divider.default\">\n\t\t\t\t<div class=\"elementor-widget-container\">\n\t\t\t\t\t\t\t<div class=\"elementor-divider\">\n\t\t\t<span class=\"elementor-divider-separator\">\n\t\t\t\t\t\t<\/span>\n\t\t<\/div>\n\t\t\t\t\t\t<\/div>\n\t\t\t\t<\/div>\n\t\t\t\t<div class=\"elementor-element elementor-element-1771af6c color-scheme-inherit text-left elementor-widget elementor-widget-text-editor\" data-id=\"1771af6c\" data-element_type=\"widget\" data-e-type=\"widget\" data-widget_type=\"text-editor.default\">\n\t\t\t\t<div class=\"elementor-widget-container\">\n\t\t\t\t\t\t\t\t\t<h4 data-start=\"75\" data-end=\"312\"><strong>Was es ist<\/strong><\/h4><p data-start=\"75\" data-end=\"312\">YoungGo Sun ist ein Vitamin D3 und K2 Tropfenprodukt auf MCT \u00d6l Basis. Pro Tropfen bekommst du 1000 I.E. Vitamin D3 und 20 Mikrogramm Vitamin K. Das MCT \u00d6l sorgt f\u00fcr gute Aufnahme, du brauchst dazu keine fettreiche Mahlzeit.<\/p><h4 data-start=\"314\" data-end=\"532\"><strong>Wof\u00fcr es da ist<\/strong><\/h4><p data-start=\"314\" data-end=\"532\">Du unterst\u00fctzt dein Immunsystem, deine Muskelfunktion und den Erhalt von Knochen und Z\u00e4hnen. Vitamin K2 erg\u00e4nzt das Ganze, weil es die normale Blutgerinnung unterst\u00fctzt und zum Knochenerhalt beitr\u00e4gt.<\/p><h4 data-start=\"534\" data-end=\"563\"><strong>Warum du es nehmen solltest<\/strong><\/h4><ul data-start=\"564\" data-end=\"865\"><li data-start=\"564\" data-end=\"630\"><p data-start=\"566\" data-end=\"630\">Vitamin D3 unterst\u00fctzt Immunsystem, Knochen, Z\u00e4hne und Muskeln<\/p><\/li><li data-start=\"631\" data-end=\"691\"><p data-start=\"633\" data-end=\"691\">Vitamin K2 unterst\u00fctzt Blutgerinnung und stabile Knochen<\/p><\/li><li data-start=\"692\" data-end=\"799\"><p data-start=\"694\" data-end=\"799\">Gute Kombi, weil D3 die Calcium Aufnahme unterst\u00fctzt und K2 hilft, Calcium sinnvoll im K\u00f6rper zu nutzen<\/p><\/li><li data-start=\"800\" data-end=\"865\"><p data-start=\"802\" data-end=\"865\">Praktische Tropfenform mit MCT \u00d6l, du nimmst es ohne extra Fett<\/p><\/li><\/ul><h4 data-start=\"867\" data-end=\"963\"><strong>So verwendest du es<\/strong><\/h4><p data-start=\"867\" data-end=\"963\">Du nimmst 2 bis 3 Tropfen pro Tag. Du kannst die Tropfen direkt einnehmen.<\/p><h4 data-start=\"965\" data-end=\"1238\"><strong>F\u00fcr wen es passt<\/strong><\/h4><p data-start=\"965\" data-end=\"1238\" data-is-last-node=\"\" data-is-only-node=\"\">F\u00fcr fast alle, vor allem wenn du viel drinnen arbeitest, wenig Sonne bekommst, in den dunklen Monaten lebst, h\u00e4ufiger krank wirst oder im Alter weniger rauskommst. Auch f\u00fcr Kinder ist die Versorgung oft sinnvoll, wenn sie wenig Zeit im Freien verbringen.<\/p>\t\t\t\t\t\t\t\t<\/div>\n\t\t\t\t<\/div>\n\t\t\t\t\t<\/div>\n\t\t\t\t<\/div>\n\t\t<div class=\"elementor-element elementor-element-f16602d e-con-full e-flex e-con e-parent\" data-id=\"f16602d\" data-element_type=\"container\" data-e-type=\"container\" data-settings=\"{&quot;background_background&quot;:&quot;classic&quot;,&quot;shape_divider_top&quot;:&quot;mountains&quot;}\">\n\t\t\t\t<div class=\"elementor-shape elementor-shape-top\" aria-hidden=\"true\" data-negative=\"false\">\n\t\t\t<svg xmlns=\"http:\/\/www.w3.org\/2000\/svg\" viewbox=\"0 0 1000 100\" preserveaspectratio=\"none\">\n\t<path class=\"elementor-shape-fill\" opacity=\"0.33\" d=\"M473,67.3c-203.9,88.3-263.1-34-320.3,0C66,119.1,0,59.7,0,59.7V0h1000v59.7 c0,0-62.1,26.1-94.9,29.3c-32.8,3.3-62.8-12.3-75.8-22.1C806,49.6,745.3,8.7,694.9,4.7S492.4,59,473,67.3z\"\/>\n\t<path class=\"elementor-shape-fill\" opacity=\"0.66\" d=\"M734,67.3c-45.5,0-77.2-23.2-129.1-39.1c-28.6-8.7-150.3-10.1-254,39.1 s-91.7-34.4-149.2,0C115.7,118.3,0,39.8,0,39.8V0h1000v36.5c0,0-28.2-18.5-92.1-18.5C810.2,18.1,775.7,67.3,734,67.3z\"\/>\n\t<path class=\"elementor-shape-fill\" d=\"M766.1,28.9c-200-57.5-266,65.5-395.1,19.5C242,1.8,242,5.4,184.8,20.6C128,35.8,132.3,44.9,89.9,52.5C28.6,63.7,0,0,0,0 h1000c0,0-9.9,40.9-83.6,48.1S829.6,47,766.1,28.9z\"\/>\n<\/svg>\t\t<\/div>\n\t\t\t\t<div class=\"elementor-element elementor-element-bdd89ba elementor-widget__width-auto elementor-widget elementor-widget-video\" data-id=\"bdd89ba\" data-element_type=\"widget\" data-e-type=\"widget\" data-settings=\"{&quot;youtube_url&quot;:&quot;https:\\\/\\\/www.youtube.com\\\/watch?v=DIWNmYxBa_w&quot;,&quot;video_type&quot;:&quot;youtube&quot;,&quot;controls&quot;:&quot;yes&quot;}\" data-widget_type=\"video.default\">\n\t\t\t\t<div class=\"elementor-widget-container\">\n\t\t\t\t\t\t\t<div class=\"elementor-wrapper elementor-open-inline\">\n\t\t\t<div class=\"elementor-video\"><\/div>\t\t<\/div>\n\t\t\t\t\t\t<\/div>\n\t\t\t\t<\/div>\n\t\t\t\t<\/div>\n\t\t\t\t<\/div>","protected":false},"excerpt":{"rendered":"<h4>Mindesthaltbarkeitsabverkauf!<\/h4>\n<div class=\"w-full my-[1px]\" data-slate-fragment=\"JTVCJTdCJTIydHlwZSUyMiUzQSUyMnAlMjIlMkMlMjJjaGlsZHJlbiUyMiUzQSU1QiU3QiUyMnRleHQlMjIlM0ElMjJEYXMlMjBNaW5kZXN0aGFsdGJhcmtlaXRzZGF0dW0lMjAoTUhEKSUyMHVuc2VyZXMlMjBZb3VuZ0dvJTIwUmVkJTIwZ2FyYW50aWVydCUyMGRpZSUyMHZvbGxlJTIwTiVDMyVBNGhyc3RvZmZxdWFsaXQlQzMlQTR0JTIwYmlzJTIwenVtJTIwYW5nZWdlYmVuZW4lMjBEYXR1bS4lMjBFcyUyMGlzdCUyMGplZG9jaCUyMGtlaW4lMjBWZXJmYWxsc2RhdHVtLiUyMEJlaSUyMGtvcnJla3RlciUyQyUyMGslQzMlQkNobGVyJTIwdW5kJTIwdHJvY2tlbmVyJTIwTGFnZXJ1bmclMjBrYW5uJTIwZGllJTIwUXVhbGl0JUMzJUE0dCUyMGRlcyUyMFByb2R1a3RzJTIwb2Z0JTIwbGFuZ2UlMjBhdWNoJTIwZGFyJUMzJUJDYmVyJTIwaGluYXVzJTIwZXJoYWx0ZW4lMjBibGVpYmVuLiUyMCUyMiU3RCU1RCU3RCUyQyU3QiUyMnR5cGUlMjIlM0ElMjJwJTIyJTJDJTIyY2hpbGRyZW4lMjIlM0ElNUIlN0IlMjJ0ZXh0JTIyJTNBJTIyJTIyJTdEJTVEJTdEJTVE\">\n<div class=\"py-[3px]\" data-slate-node=\"element\"><span data-slate-node=\"text\"><span class=\"\" data-slate-leaf=\"true\">Das Mindesthaltbarkeitsdatum (MHD) unseres YoungGo Red garantiert die volle N\u00e4hrstoffqualit\u00e4t bis zum angegebenen Datum. Es ist jedoch kein Verfallsdatum. Bei korrekter, k\u00fchler und trockener Lagerung kann die Qualit\u00e4t des Produkts oft lange auch dar\u00fcber hinaus erhalten bleiben. <\/span><\/span><\/div>\n<\/div>\n<div class=\"w-full my-[1px]\">\n<div class=\"py-[3px]\" data-slate-node=\"element\"><\/div>\n<\/div>\n<h4>MHD: Ende 12\/2025<\/h4>\n<p><strong>Vitamin D3\/K2 Tropfen<\/strong> \u2013 Die perfekte Kombination f\u00fcr starke Knochen, ein gesundes Immunsystem und optimale Calciumaufnahme. Hochwertiges D3 unterst\u00fctzt die Sonnenvitamin-Versorgung, w\u00e4hrend K2 die Calciumverteilung in den Knochen f\u00f6rdert. Ideal f\u00fcr dein t\u00e4gliches Wohlbefinden!:<\/p>\n<p>&nbsp;<\/p>\n","protected":false},"featured_media":25532,"comment_status":"open","ping_status":"closed","template":"","meta":{"_acf_changed":false},"product_brand":[],"product_cat":[139,17,50],"product_tag":[],"class_list":{"0":"post-7394","1":"product","2":"type-product","3":"status-publish","4":"has-post-thumbnail","6":"product_cat-aktionen","7":"product_cat-alleprodukte","8":"product_cat-vitalstoffe","10":"first","11":"outofstock","12":"taxable","13":"shipping-taxable","14":"purchasable","15":"product-type-simple"},"acf":[],"_links":{"self":[{"href":"https:\/\/shop.younggo-fit.de\/en\/wp-json\/wp\/v2\/product\/7394","targetHints":{"allow":["GET"]}}],"collection":[{"href":"https:\/\/shop.younggo-fit.de\/en\/wp-json\/wp\/v2\/product"}],"about":[{"href":"https:\/\/shop.younggo-fit.de\/en\/wp-json\/wp\/v2\/types\/product"}],"replies":[{"embeddable":true,"href":"https:\/\/shop.younggo-fit.de\/en\/wp-json\/wp\/v2\/comments?post=7394"}],"version-history":[{"count":9,"href":"https:\/\/shop.younggo-fit.de\/en\/wp-json\/wp\/v2\/product\/7394\/revisions"}],"predecessor-version":[{"id":34994,"href":"https:\/\/shop.younggo-fit.de\/en\/wp-json\/wp\/v2\/product\/7394\/revisions\/34994"}],"wp:featuredmedia":[{"embeddable":true,"href":"https:\/\/shop.younggo-fit.de\/en\/wp-json\/wp\/v2\/media\/25532"}],"wp:attachment":[{"href":"https:\/\/shop.younggo-fit.de\/en\/wp-json\/wp\/v2\/media?parent=7394"}],"wp:term":[{"taxonomy":"product_brand","embeddable":true,"href":"https:\/\/shop.younggo-fit.de\/en\/wp-json\/wp\/v2\/product_brand?post=7394"},{"taxonomy":"product_cat","embeddable":true,"href":"https:\/\/shop.younggo-fit.de\/en\/wp-json\/wp\/v2\/product_cat?post=7394"},{"taxonomy":"product_tag","embeddable":true,"href":"https:\/\/shop.younggo-fit.de\/en\/wp-json\/wp\/v2\/product_tag?post=7394"}],"curies":[{"name":"wp","href":"https:\/\/api.w.org\/{rel}","templated":true}]}}