{"id":7744,"date":"2021-01-14T10:40:53","date_gmt":"2021-01-14T09:40:53","guid":{"rendered":"https:\/\/younggo-fit.de\/?post_type=product&#038;p=7744"},"modified":"2026-04-02T13:02:51","modified_gmt":"2026-04-02T11:02:51","slug":"younggo-mover","status":"publish","type":"product","link":"https:\/\/shop.younggo-fit.de\/en\/product\/younggo-mover\/","title":{"rendered":"YoungGo Mover"},"content":{"rendered":"<div data-elementor-type=\"product-post\" data-elementor-id=\"7744\" class=\"elementor elementor-7744\" data-elementor-post-type=\"product\">\n\t\t\t\t<div class=\"wd-negative-gap elementor-element elementor-element-3a135e36 e-flex e-con-boxed e-con e-parent\" data-id=\"3a135e36\" data-element_type=\"container\" data-e-type=\"container\">\n\t\t\t\t\t<div class=\"e-con-inner\">\n\t\t\t\t<div class=\"elementor-element elementor-element-2ac0b59 wd-width-100 elementor-widget elementor-widget-wd_title\" data-id=\"2ac0b59\" data-element_type=\"widget\" data-e-type=\"widget\" data-widget_type=\"wd_title.default\">\n\t\t\t\t<div class=\"elementor-widget-container\">\n\t\t\t\t\t\t\t<div class=\"title-wrapper wd-set-mb reset-last-child wd-title-color-default wd-title-style-default wd-title-size-default text-left\">\n\n\t\t\t\n\t\t\t<div class=\"liner-continer\">\n\t\t\t\t<h4 class=\"woodmart-title-container title wd-fontsize-l\">YoungGo Mover<\/h4> \n\t\t\t\t\t\t\t<\/div>\n\n\t\t\t\t\t\t\t<div class=\"title-after_title reset-last-child wd-fontsize-xs\">\n\t\t\t\t\t<h4><strong>Ganzk\u00f6rpertraining, das in deine Tasche passt<\/strong><\/h4>\t\t\t\t<\/div>\n\t\t\t\t\t<\/div>\n\t\t\t\t\t\t<\/div>\n\t\t\t\t<\/div>\n\t\t\t\t<div class=\"elementor-element elementor-element-dcd65f2 elementor-widget-divider--view-line elementor-widget elementor-widget-divider\" data-id=\"dcd65f2\" data-element_type=\"widget\" data-e-type=\"widget\" data-widget_type=\"divider.default\">\n\t\t\t\t<div class=\"elementor-widget-container\">\n\t\t\t\t\t\t\t<div class=\"elementor-divider\">\n\t\t\t<span class=\"elementor-divider-separator\">\n\t\t\t\t\t\t<\/span>\n\t\t<\/div>\n\t\t\t\t\t\t<\/div>\n\t\t\t\t<\/div>\n\t\t\t\t<div class=\"elementor-element elementor-element-5e638b36 color-scheme-inherit text-left elementor-widget elementor-widget-text-editor\" data-id=\"5e638b36\" data-element_type=\"widget\" data-e-type=\"widget\" data-widget_type=\"text-editor.default\">\n\t\t\t\t<div class=\"elementor-widget-container\">\n\t\t\t\t\t\t\t\t\t<h4 data-start=\"62\" data-end=\"219\"><strong>Was du bekommst<\/strong><\/h4><p data-start=\"62\" data-end=\"219\">Du bekommst <strong>1 Paar YoungGo<sup>\u00ae<\/sup> Mover<\/strong>. Im Set sind <strong>2 Mover enthalten<\/strong>. <strong>Zu jedem Mover<\/strong> geh\u00f6ren <strong>2 Tubes<\/strong>. Du startest direkt, ohne weiteres Zubeh\u00f6r.<\/p><h4 data-start=\"221\" data-end=\"499\"><strong>Wof\u00fcr es da ist<\/strong><\/h4><p data-start=\"221\" data-end=\"499\">Du trainierst Ausdauer, Kraft und Koordination mit Schwungbewegungen. Der Mover verst\u00e4rkt deine Bewegung und fordert deine Tiefenmuskulatur. Das verbessert Haltung, Balance und Beweglichkeit. Du nutzt ihn im B\u00fcro, zu Hause, drau\u00dfen, im Studio oder in der Reha.<\/p><h4 data-start=\"501\" data-end=\"791\"><strong>Warum das funktioniert<\/strong><\/h4><p data-start=\"501\" data-end=\"791\">Der patentierte Bewegungsverst\u00e4rker arbeitet mit dem Reflex Boosting Effekt. Jede Schwungbewegung erzeugt einen zus\u00e4tzlichen Impuls. Deine Tiefenmuskulatur f\u00e4ngt ihn ab. So arbeitet dein ganzer K\u00f6rper mit, auch die Bereiche, die bei normalem Training oft auslassen.<\/p><h4 data-start=\"793\" data-end=\"872\"><strong>So verwendest du ihn<\/strong><\/h4><p data-start=\"793\" data-end=\"872\">Du trainierst t\u00e4glich kurz und regelm\u00e4\u00dfig.<br data-start=\"858\" data-end=\"861\" \/>Beispiele<\/p><ul data-start=\"873\" data-end=\"1076\"><li data-start=\"873\" data-end=\"923\"><p data-start=\"875\" data-end=\"923\">10 Minuten morgens f\u00fcr Kreislauf und Mobilit\u00e4t<\/p><\/li><li data-start=\"924\" data-end=\"975\"><p data-start=\"926\" data-end=\"975\">5 Minuten als Pause im B\u00fcro gegen Verspannungen<\/p><\/li><li data-start=\"976\" data-end=\"1076\"><p data-start=\"978\" data-end=\"1076\">15 bis 20 Minuten als Workout f\u00fcr Ausdauer und Kraft<br data-start=\"1030\" data-end=\"1033\" \/>Du passt Tempo und Umfang an dein Level an.<\/p><\/li><\/ul><h4 data-start=\"1078\" data-end=\"1108\"><strong>Warum du ihn nutzen solltest<\/strong><\/h4><ul data-start=\"1109\" data-end=\"1390\" data-is-last-node=\"\" data-is-only-node=\"\"><li data-start=\"1109\" data-end=\"1147\"><p data-start=\"1111\" data-end=\"1147\">Ganzk\u00f6rpertraining ohne Ger\u00e4tepark<\/p><\/li><li data-start=\"1148\" data-end=\"1217\"><p data-start=\"1150\" data-end=\"1217\">Aktiviert Tiefenmuskulatur, st\u00e4rkt Gelenke, Sehnen und Muskulatur<\/p><\/li><li data-start=\"1218\" data-end=\"1263\"><p data-start=\"1220\" data-end=\"1263\">F\u00f6rdert Haltung, Balance und Stoffwechsel<\/p><\/li><li data-start=\"1264\" data-end=\"1294\"><p data-start=\"1266\" data-end=\"1294\">Indoor und outdoor nutzbar<\/p><\/li><li data-start=\"1295\" data-end=\"1335\"><p data-start=\"1297\" data-end=\"1335\">Leicht, kompakt, schnell griffbereit<\/p><\/li><li data-start=\"1336\" data-end=\"1390\" data-is-last-node=\"\"><p data-start=\"1338\" data-end=\"1390\" data-is-last-node=\"\">F\u00fcr Einsteiger, Sportler, Senioren und Reha geeignet<\/p><\/li><\/ul>\t\t\t\t\t\t\t\t<\/div>\n\t\t\t\t<\/div>\n\t\t\t\t\t<\/div>\n\t\t\t\t<\/div>\n\t\t<div class=\"wd-negative-gap elementor-element elementor-element-7f781ad e-flex e-con-boxed e-con e-parent\" data-id=\"7f781ad\" data-element_type=\"container\" data-e-type=\"container\">\n\t\t\t\t\t<div class=\"e-con-inner\">\n\t\t\t\t<div class=\"elementor-element elementor-element-21ab1e1 color-scheme-inherit text-left elementor-widget elementor-widget-text-editor\" data-id=\"21ab1e1\" data-element_type=\"widget\" data-e-type=\"widget\" data-widget_type=\"text-editor.default\">\n\t\t\t\t<div class=\"elementor-widget-container\">\n\t\t\t\t\t\t\t\t\t<p><strong>Hier bekommst weitere Informationen:<\/strong><\/p>\t\t\t\t\t\t\t\t<\/div>\n\t\t\t\t<\/div>\n\t\t\t\t<div class=\"elementor-element elementor-element-a744857 elementor-widget elementor-widget-button\" data-id=\"a744857\" data-element_type=\"widget\" data-e-type=\"widget\" data-widget_type=\"button.default\">\n\t\t\t\t<div class=\"elementor-widget-container\">\n\t\t\t\t\t\t\t\t\t<div class=\"elementor-button-wrapper\">\n\t\t\t\t\t<a class=\"elementor-button elementor-button-link elementor-size-sm elementor-animation-grow\" href=\"https:\/\/shop.younggo-fit.de\/younggo-mover\/\">\n\t\t\t\t\t\t<span class=\"elementor-button-content-wrapper\">\n\t\t\t\t\t\t<span class=\"elementor-button-icon\">\n\t\t\t\t<i aria-hidden=\"true\" class=\"fas fa-info-circle\"><\/i>\t\t\t<\/span>\n\t\t\t\t\t\t\t\t\t<span class=\"elementor-button-text\">Hier klicken<\/span>\n\t\t\t\t\t<\/span>\n\t\t\t\t\t<\/a>\n\t\t\t\t<\/div>\n\t\t\t\t\t\t\t\t<\/div>\n\t\t\t\t<\/div>\n\t\t\t\t\t<\/div>\n\t\t\t\t<\/div>\n\t\t<div class=\"elementor-element elementor-element-76e3391 e-con-full e-flex e-con e-parent\" data-id=\"76e3391\" data-element_type=\"container\" data-e-type=\"container\" data-settings=\"{&quot;background_background&quot;:&quot;classic&quot;,&quot;shape_divider_top&quot;:&quot;mountains&quot;}\">\n\t\t\t\t<div class=\"elementor-shape elementor-shape-top\" aria-hidden=\"true\" data-negative=\"false\">\n\t\t\t<svg xmlns=\"http:\/\/www.w3.org\/2000\/svg\" viewbox=\"0 0 1000 100\" preserveaspectratio=\"none\">\n\t<path class=\"elementor-shape-fill\" opacity=\"0.33\" d=\"M473,67.3c-203.9,88.3-263.1-34-320.3,0C66,119.1,0,59.7,0,59.7V0h1000v59.7 c0,0-62.1,26.1-94.9,29.3c-32.8,3.3-62.8-12.3-75.8-22.1C806,49.6,745.3,8.7,694.9,4.7S492.4,59,473,67.3z\"\/>\n\t<path class=\"elementor-shape-fill\" opacity=\"0.66\" d=\"M734,67.3c-45.5,0-77.2-23.2-129.1-39.1c-28.6-8.7-150.3-10.1-254,39.1 s-91.7-34.4-149.2,0C115.7,118.3,0,39.8,0,39.8V0h1000v36.5c0,0-28.2-18.5-92.1-18.5C810.2,18.1,775.7,67.3,734,67.3z\"\/>\n\t<path class=\"elementor-shape-fill\" d=\"M766.1,28.9c-200-57.5-266,65.5-395.1,19.5C242,1.8,242,5.4,184.8,20.6C128,35.8,132.3,44.9,89.9,52.5C28.6,63.7,0,0,0,0 h1000c0,0-9.9,40.9-83.6,48.1S829.6,47,766.1,28.9z\"\/>\n<\/svg>\t\t<\/div>\n\t\t\t\t<div class=\"elementor-element elementor-element-97d1f15 elementor-widget__width-auto elementor-widget elementor-widget-video\" data-id=\"97d1f15\" data-element_type=\"widget\" data-e-type=\"widget\" data-settings=\"{&quot;video_type&quot;:&quot;hosted&quot;,&quot;controls&quot;:&quot;yes&quot;}\" data-widget_type=\"video.default\">\n\t\t\t\t<div class=\"elementor-widget-container\">\n\t\t\t\t\t\t\t<div class=\"e-hosted-video elementor-wrapper elementor-open-inline\">\n\t\t\t\t\t<video class=\"elementor-video\" src=\"https:\/\/shop.younggo-fit.de\/wp-content\/uploads\/2020\/11\/Was-ist-der-YoungGo-Mover.mp4\" controls=\"\" preload=\"metadata\" controlslist=\"nodownload\"><\/video>\n\t\t\t\t<\/div>\n\t\t\t\t\t\t<\/div>\n\t\t\t\t<\/div>\n\t\t\t\t<\/div>\n\t\t\t\t<\/div>","protected":false},"excerpt":{"rendered":"<h5>Der <strong>YoungGo<sup>\u00ae<\/sup> Mover <\/strong>ist dein mobiles Ganzk\u00f6rpertraining f\u00fcr \u00fcberall.<\/h5>\n<p>Du bekommst <strong>1 Paar Mover inklusive 2 Tubes pro Mover<\/strong>.<\/p>","protected":false},"featured_media":25528,"comment_status":"open","ping_status":"closed","template":"","meta":{"_acf_changed":false},"product_brand":[],"product_cat":[17,52],"product_tag":[],"class_list":{"0":"post-7744","1":"product","2":"type-product","3":"status-publish","4":"has-post-thumbnail","6":"product_cat-alleprodukte","7":"product_cat-younggo-sport","9":"first","10":"instock","11":"taxable","12":"shipping-taxable","13":"purchasable","14":"product-type-simple"},"acf":[],"_links":{"self":[{"href":"https:\/\/shop.younggo-fit.de\/en\/wp-json\/wp\/v2\/product\/7744","targetHints":{"allow":["GET"]}}],"collection":[{"href":"https:\/\/shop.younggo-fit.de\/en\/wp-json\/wp\/v2\/product"}],"about":[{"href":"https:\/\/shop.younggo-fit.de\/en\/wp-json\/wp\/v2\/types\/product"}],"replies":[{"embeddable":true,"href":"https:\/\/shop.younggo-fit.de\/en\/wp-json\/wp\/v2\/comments?post=7744"}],"version-history":[{"count":20,"href":"https:\/\/shop.younggo-fit.de\/en\/wp-json\/wp\/v2\/product\/7744\/revisions"}],"predecessor-version":[{"id":34310,"href":"https:\/\/shop.younggo-fit.de\/en\/wp-json\/wp\/v2\/product\/7744\/revisions\/34310"}],"wp:featuredmedia":[{"embeddable":true,"href":"https:\/\/shop.younggo-fit.de\/en\/wp-json\/wp\/v2\/media\/25528"}],"wp:attachment":[{"href":"https:\/\/shop.younggo-fit.de\/en\/wp-json\/wp\/v2\/media?parent=7744"}],"wp:term":[{"taxonomy":"product_brand","embeddable":true,"href":"https:\/\/shop.younggo-fit.de\/en\/wp-json\/wp\/v2\/product_brand?post=7744"},{"taxonomy":"product_cat","embeddable":true,"href":"https:\/\/shop.younggo-fit.de\/en\/wp-json\/wp\/v2\/product_cat?post=7744"},{"taxonomy":"product_tag","embeddable":true,"href":"https:\/\/shop.younggo-fit.de\/en\/wp-json\/wp\/v2\/product_tag?post=7744"}],"curies":[{"name":"wp","href":"https:\/\/api.w.org\/{rel}","templated":true}]}}