{"id":9678,"date":"2021-04-20T15:53:58","date_gmt":"2021-04-20T13:53:58","guid":{"rendered":"https:\/\/younggo-fit.de\/?post_type=product&#038;p=9678"},"modified":"2026-04-01T20:31:35","modified_gmt":"2026-04-01T18:31:35","slug":"weck-glas","status":"publish","type":"product","link":"https:\/\/shop.younggo-fit.de\/en\/product\/weck-glas\/","title":{"rendered":"Tulpenweckglas"},"content":{"rendered":"<h1>WECK-Tulpenglas 1062 ml<\/h1>\n<p>Passend f\u00fcr Girmi Joghurtbereiter als Innenbeh\u00e4lter.<\/p>\n<p>Extra frisch und lange im K\u00fchlschrank haltbar.<\/p>","protected":false},"excerpt":{"rendered":"<p>WECK-Tulpenglas 1062 ml Passend f\u00fcr Girmi Joghurtbereiter als Innenbeh\u00e4lter. Extra frisch und lange im K\u00fchlschrank haltbar.<\/p>","protected":false},"featured_media":25555,"comment_status":"open","ping_status":"closed","template":"","meta":{"_acf_changed":false},"product_brand":[],"product_cat":[17,53],"product_tag":[],"class_list":{"0":"post-9678","1":"product","2":"type-product","3":"status-publish","4":"has-post-thumbnail","6":"product_cat-alleprodukte","7":"product_cat-younggo-empfiehlt","9":"first","10":"instock","11":"taxable","12":"shipping-taxable","13":"purchasable","14":"product-type-simple"},"acf":[],"_links":{"self":[{"href":"https:\/\/shop.younggo-fit.de\/en\/wp-json\/wp\/v2\/product\/9678","targetHints":{"allow":["GET"]}}],"collection":[{"href":"https:\/\/shop.younggo-fit.de\/en\/wp-json\/wp\/v2\/product"}],"about":[{"href":"https:\/\/shop.younggo-fit.de\/en\/wp-json\/wp\/v2\/types\/product"}],"replies":[{"embeddable":true,"href":"https:\/\/shop.younggo-fit.de\/en\/wp-json\/wp\/v2\/comments?post=9678"}],"version-history":[{"count":1,"href":"https:\/\/shop.younggo-fit.de\/en\/wp-json\/wp\/v2\/product\/9678\/revisions"}],"predecessor-version":[{"id":34706,"href":"https:\/\/shop.younggo-fit.de\/en\/wp-json\/wp\/v2\/product\/9678\/revisions\/34706"}],"wp:featuredmedia":[{"embeddable":true,"href":"https:\/\/shop.younggo-fit.de\/en\/wp-json\/wp\/v2\/media\/25555"}],"wp:attachment":[{"href":"https:\/\/shop.younggo-fit.de\/en\/wp-json\/wp\/v2\/media?parent=9678"}],"wp:term":[{"taxonomy":"product_brand","embeddable":true,"href":"https:\/\/shop.younggo-fit.de\/en\/wp-json\/wp\/v2\/product_brand?post=9678"},{"taxonomy":"product_cat","embeddable":true,"href":"https:\/\/shop.younggo-fit.de\/en\/wp-json\/wp\/v2\/product_cat?post=9678"},{"taxonomy":"product_tag","embeddable":true,"href":"https:\/\/shop.younggo-fit.de\/en\/wp-json\/wp\/v2\/product_tag?post=9678"}],"curies":[{"name":"wp","href":"https:\/\/api.w.org\/{rel}","templated":true}]}}