{"id":9764,"date":"2021-04-27T13:10:57","date_gmt":"2021-04-27T11:10:57","guid":{"rendered":"https:\/\/younggo-fit.de\/?post_type=product&#038;p=9764"},"modified":"2026-03-18T13:47:46","modified_gmt":"2026-03-18T12:47:46","slug":"mariendistel","status":"publish","type":"product","link":"https:\/\/shop.younggo-fit.de\/en\/product\/mariendistel\/","title":{"rendered":"Mariendistel"},"content":{"rendered":"","protected":false},"excerpt":{"rendered":"<p>Mariendistel &#8211; 275g<\/p>\n<p><strong>MHD 12\/25<\/strong><\/p>\n<p>Das in Mariendistelfr\u00fcchten in relativ gro\u00dfen Mengen enthaltene Silymarin hat lebersch\u00fctzende Effekte. Es verhindert das Eindringen von Giftstoffen in die Leberzellen. Au\u00dferdem erh\u00f6ht Silymarin die Regenerationsf\u00e4higkeit der Zellen und stimuliert die Bildung neuer Leberzellen.<\/p>\n<h4><strong>Anwendungstipp: 2 TL morgens in den Probioghurt geben<\/strong><\/h4>\n<p>Die Verwendung von Mariendistel empfehlen wir nicht bei Kindern unter 3 Jahren, schwangeren oder stillenden Frauen, genauso wenig bei Menschen mit ernsthaften Herzerkrankungen und hohem Blutdruck. Im Falle von Allergien (insbesondere gegen N\u00fcsse, Samen usw.) sollten Sie sich bez\u00fcglich der Verwendung mit Ihrem Arzt beraten.<\/p>","protected":false},"featured_media":25518,"comment_status":"open","ping_status":"closed","template":"","meta":{"_acf_changed":false},"product_brand":[],"product_cat":[53,17],"product_tag":[],"class_list":{"0":"post-9764","1":"product","2":"type-product","3":"status-publish","4":"has-post-thumbnail","6":"product_cat-younggo-empfiehlt","7":"product_cat-alleprodukte","9":"first","10":"instock","11":"taxable","12":"shipping-taxable","13":"purchasable","14":"product-type-simple"},"acf":[],"_links":{"self":[{"href":"https:\/\/shop.younggo-fit.de\/en\/wp-json\/wp\/v2\/product\/9764","targetHints":{"allow":["GET"]}}],"collection":[{"href":"https:\/\/shop.younggo-fit.de\/en\/wp-json\/wp\/v2\/product"}],"about":[{"href":"https:\/\/shop.younggo-fit.de\/en\/wp-json\/wp\/v2\/types\/product"}],"replies":[{"embeddable":true,"href":"https:\/\/shop.younggo-fit.de\/en\/wp-json\/wp\/v2\/comments?post=9764"}],"version-history":[{"count":2,"href":"https:\/\/shop.younggo-fit.de\/en\/wp-json\/wp\/v2\/product\/9764\/revisions"}],"predecessor-version":[{"id":34351,"href":"https:\/\/shop.younggo-fit.de\/en\/wp-json\/wp\/v2\/product\/9764\/revisions\/34351"}],"wp:featuredmedia":[{"embeddable":true,"href":"https:\/\/shop.younggo-fit.de\/en\/wp-json\/wp\/v2\/media\/25518"}],"wp:attachment":[{"href":"https:\/\/shop.younggo-fit.de\/en\/wp-json\/wp\/v2\/media?parent=9764"}],"wp:term":[{"taxonomy":"product_brand","embeddable":true,"href":"https:\/\/shop.younggo-fit.de\/en\/wp-json\/wp\/v2\/product_brand?post=9764"},{"taxonomy":"product_cat","embeddable":true,"href":"https:\/\/shop.younggo-fit.de\/en\/wp-json\/wp\/v2\/product_cat?post=9764"},{"taxonomy":"product_tag","embeddable":true,"href":"https:\/\/shop.younggo-fit.de\/en\/wp-json\/wp\/v2\/product_tag?post=9764"}],"curies":[{"name":"wp","href":"https:\/\/api.w.org\/{rel}","templated":true}]}}